{"id":33032,"date":"2025-02-20T22:34:52","date_gmt":"2025-02-20T22:34:52","guid":{"rendered":"http:\/\/olemosaic.com\/producto\/funda-de-telefono-para-iphone-12-pro-tpu-mariposa-mallorca-blanco\/"},"modified":"2025-07-25T19:00:29","modified_gmt":"2025-07-25T17:00:29","slug":"coque-de-telephone-pour-iphone-12-pro-tpu-papillon-majorque-blanc","status":"publish","type":"product","link":"https:\/\/olemosaic.com\/fr\/produit\/coque-de-telephone-pour-iphone-12-pro-tpu-papillon-majorque-blanc\/","title":{"rendered":"Coque de t\u00e9l\u00e9phone pour iPhone 12 Pro (TPU). Papillon. Majorque. Blanc"},"content":{"rendered":"<p>Cette coque vibrante et color\u00e9e pour iPhone 12 Pro est un hommage \u00e0 la beaut\u00e9 exub\u00e9rante de Majorque, capturant l&rsquo;essence de l&rsquo;\u00eele dans un design captivant. Fabriqu\u00e9e en TPU, cette coque prot\u00e8ge non seulement efficacement votre appareil, mais apporte \u00e9galement une touche artistique \u00e0 votre style quotidien. Son illustration pr\u00e9sente un ensemble de papillons dans des tons orange, vert, bleu et rose qui semblent prendre vie sur un fond blanc. Ce fond lumineux rehausse l&rsquo;intensit\u00e9 des couleurs, \u00e9voquant l&rsquo;atmosph\u00e8re joyeuse des journ\u00e9es ensoleill\u00e9es sur l&rsquo;\u00eele.<\/p>\n<p>La base de la coque pr\u00e9sente un design de mosa\u00efque sophistiqu\u00e9 dans des tons jaunes et rouges, un style qui rend hommage \u00e0 la riche tradition artistique de Majorque, c\u00e9l\u00e8bre pour sa c\u00e9ramique et ses mosa\u00efques vibrantes. En dessous, le nom \u00ab\u00a0Mallorca\u00a0\u00bb est \u00e9l\u00e9gamment \u00e9crit, ajoutant une touche personnelle et distinctive.<\/p>\n<p>Ce produit repr\u00e9sente un excellent souvenir pour les touristes qui cherchent \u00e0 emporter un morceau de Majorque chez eux, soulignant son authenticit\u00e9 et sa connexion culturelle. Chez Ol\u00e9 Mosaic, en tant que grossistes d&rsquo;accessoires et de souvenirs, nous proposons des produits qui refl\u00e8tent l&rsquo;identit\u00e9 r\u00e9gionale, faisant de cette coque de t\u00e9l\u00e9phone un choix incontournable pour les boutiques de cadeaux touristiques et les amoureux de la culture m\u00e9diterran\u00e9enne. Prot\u00e9gez votre t\u00e9l\u00e9phone avec style et c\u00e9l\u00e9brez la beaut\u00e9 de Majorque !<\/p>\n","protected":false},"excerpt":{"rendered":"<p>Coque pour iPhone 12 Pro fabriqu\u00e9e en TPU, d\u00e9cor\u00e9e d&rsquo;un design vibrant de papillons sur un fond blanc. Inspir\u00e9e par la beaut\u00e9 de Majorque, cette coque se distingue par ses imprim\u00e9s color\u00e9s de papillons dans des tons orange, vert, bleu et rose, qui \u00e9voquent l&rsquo;ambiance joyeuse de l&rsquo;\u00eele. La base de la coque pr\u00e9sente un design de mosa\u00efque dans des tons jaunes et rouges, ainsi que le nom \u00ab\u00a0Mallorca\u00a0\u00bb, apportant une touche artistique et moderne.<\/p>\n","protected":false},"featured_media":12916,"template":"","meta":{"_acf_changed":false},"product_brand":[],"product_cat":[674],"product_tag":[530],"class_list":{"0":"post-33032","1":"product","2":"type-product","3":"status-publish","4":"has-post-thumbnail","6":"product_cat-etuis-pour-telephones-portables","7":"product_tag-animaux","8":"pa_ciudad-mallorca","9":"pa_motivo-papillons","10":"pa_pais-espana","12":"first","13":"instock","14":"shipping-taxable","15":"product-type-simple"},"acf":[],"_links":{"self":[{"href":"https:\/\/olemosaic.com\/fr\/wp-json\/wp\/v2\/product\/33032","targetHints":{"allow":["GET"]}}],"collection":[{"href":"https:\/\/olemosaic.com\/fr\/wp-json\/wp\/v2\/product"}],"about":[{"href":"https:\/\/olemosaic.com\/fr\/wp-json\/wp\/v2\/types\/product"}],"wp:featuredmedia":[{"embeddable":true,"href":"https:\/\/olemosaic.com\/fr\/wp-json\/wp\/v2\/media\/12916"}],"wp:attachment":[{"href":"https:\/\/olemosaic.com\/fr\/wp-json\/wp\/v2\/media?parent=33032"}],"wp:term":[{"taxonomy":"product_brand","embeddable":true,"href":"https:\/\/olemosaic.com\/fr\/wp-json\/wp\/v2\/product_brand?post=33032"},{"taxonomy":"product_cat","embeddable":true,"href":"https:\/\/olemosaic.com\/fr\/wp-json\/wp\/v2\/product_cat?post=33032"},{"taxonomy":"product_tag","embeddable":true,"href":"https:\/\/olemosaic.com\/fr\/wp-json\/wp\/v2\/product_tag?post=33032"}],"curies":[{"name":"wp","href":"https:\/\/api.w.org\/{rel}","templated":true}]}}