{"id":33031,"date":"2025-02-20T22:34:51","date_gmt":"2025-02-20T22:34:51","guid":{"rendered":"http:\/\/olemosaic.com\/producto\/vaso-de-ceramica-madrid-blanco\/"},"modified":"2025-07-25T19:16:40","modified_gmt":"2025-07-25T17:16:40","slug":"gobelet-en-ceramique-madrid-blanc","status":"publish","type":"product","link":"https:\/\/olemosaic.com\/fr\/produit\/gobelet-en-ceramique-madrid-blanc\/","title":{"rendered":"Gobelet en c\u00e9ramique. Madrid. Blanc."},"content":{"rendered":"<p>Ce gobelet en c\u00e9ramique vibrant, inspir\u00e9 de Madrid, est une c\u00e9l\u00e9bration de la riche culture et du design moderne de la capitale espagnole. Sur un fond blanc, la pi\u00e8ce est d\u00e9cor\u00e9e d&rsquo;une joyeuse mosa\u00efque de couleurs vives qui met en valeur les monuments embl\u00e9matiques de la ville. Parmi eux, on trouve une repr\u00e9sentation de l&rsquo;iconique Palais de Cyb\u00e8le et des \u00e9l\u00e9ments repr\u00e9sentatifs du m\u00e9tro de Madrid, offrant aux touristes une vision merveilleuse de la vie urbaine. Les d\u00e9tails aux contours noirs accentuent le design, cr\u00e9ant un contraste attrayant qui capte l&rsquo;attention et refl\u00e8te l&rsquo;esprit dynamique de la ville.<\/p>\n<p>Ce gobelet n&rsquo;est pas seulement une pi\u00e8ce esth\u00e9tique, mais aussi fonctionnelle, car il est \u00e9quip\u00e9 d&rsquo;un couvercle en silicone orange qui le rend id\u00e9al pour emporter vos boissons pr\u00e9f\u00e9r\u00e9es partout. Parfait pour ceux qui souhaitent savourer un caf\u00e9 \u00e0 emporter au style madril\u00e8ne, ce gobelet devient un souvenir pratique et m\u00e9morable.<\/p>\n<p>La connexion culturelle de ce produit r\u00e9side dans sa capacit\u00e9 \u00e0 repr\u00e9senter l&rsquo;essence de Madrid, fusionnant les traditions avec un design contemporain. Ce gobelet en c\u00e9ramique est un cadeau id\u00e9al pour les touristes \u00e0 la recherche de souvenirs authentiques et repr\u00e9sentatifs de la ville. Chez Ol\u00e9 Mosaic, nous nous sp\u00e9cialisons dans la distribution de souvenirs en gros, offrant des produits uniques comme ce gobelet de Madrid, parfait pour les boutiques de cadeaux touristiques \u00e0 la recherche d&rsquo;articles refl\u00e9tant la beaut\u00e9 et la culture de l&rsquo;Espagne.<\/p>\n","protected":false},"excerpt":{"rendered":"<p>Tasse en c\u00e9ramique inspir\u00e9e de la ville vibrante de Madrid, d\u00e9cor\u00e9e d&rsquo;un design color\u00e9 comprenant des \u00e9l\u00e9ments embl\u00e9matiques tels que le m\u00e9tro, une image du Palais de Cyb\u00e8le et des figures iconiques repr\u00e9sentatives du folklore madril\u00e8ne. La pi\u00e8ce pr\u00e9sente un fond blanc avec des d\u00e9tails en mosa\u00efque, soulignant des couleurs vives et des contours noirs, ce qui cr\u00e9e un contraste attrayant. De plus, elle comprend un couvercle en silicone orange, id\u00e9al pour transporter vos boissons.<\/p>\n","protected":false},"featured_media":9945,"template":"","meta":{"_acf_changed":false},"product_brand":[],"product_cat":[819],"product_tag":[585],"class_list":{"0":"post-33031","1":"product","2":"type-product","3":"status-publish","4":"has-post-thumbnail","6":"product_cat-verres","7":"product_tag-ceramique","8":"pa_ciudad-madrid","9":"pa_pais-espana","11":"first","12":"instock","13":"shipping-taxable","14":"product-type-simple"},"acf":[],"_links":{"self":[{"href":"https:\/\/olemosaic.com\/fr\/wp-json\/wp\/v2\/product\/33031","targetHints":{"allow":["GET"]}}],"collection":[{"href":"https:\/\/olemosaic.com\/fr\/wp-json\/wp\/v2\/product"}],"about":[{"href":"https:\/\/olemosaic.com\/fr\/wp-json\/wp\/v2\/types\/product"}],"wp:featuredmedia":[{"embeddable":true,"href":"https:\/\/olemosaic.com\/fr\/wp-json\/wp\/v2\/media\/9945"}],"wp:attachment":[{"href":"https:\/\/olemosaic.com\/fr\/wp-json\/wp\/v2\/media?parent=33031"}],"wp:term":[{"taxonomy":"product_brand","embeddable":true,"href":"https:\/\/olemosaic.com\/fr\/wp-json\/wp\/v2\/product_brand?post=33031"},{"taxonomy":"product_cat","embeddable":true,"href":"https:\/\/olemosaic.com\/fr\/wp-json\/wp\/v2\/product_cat?post=33031"},{"taxonomy":"product_tag","embeddable":true,"href":"https:\/\/olemosaic.com\/fr\/wp-json\/wp\/v2\/product_tag?post=33031"}],"curies":[{"name":"wp","href":"https:\/\/api.w.org\/{rel}","templated":true}]}}