{"id":33010,"date":"2025-02-20T23:34:51","date_gmt":"2025-02-20T22:34:51","guid":{"rendered":"http:\/\/olemosaic.com\/producto\/plato-de-ceramica-de-20-cm-barcelona-azul\/"},"modified":"2025-07-25T19:22:17","modified_gmt":"2025-07-25T17:22:17","slug":"assiette-en-ceramique-de-20-cm-barcelone-bleu","status":"publish","type":"product","link":"https:\/\/olemosaic.com\/fr\/produit\/assiette-en-ceramique-de-20-cm-barcelone-bleu\/","title":{"rendered":"Assiette en c\u00e9ramique de 20 cm. Barcelone. Bleu."},"content":{"rendered":"<p>Cette assiette en c\u00e9ramique vibrante de 20 cm est une repr\u00e9sentation parfaite de l&#8217;embl\u00e9matique Sagrada Familia de Barcelone, une r\u00e9f\u00e9rence incontest\u00e9e de l&rsquo;architecture catalane et un chef-d&rsquo;\u0153uvre d&rsquo;Antoni Gaud\u00ed. Son design color\u00e9 combine des nuances de bleu, rouge et jaune, cr\u00e9ant un effet visuel captivant. Au centre, les tours majestueuses de la Sagrada Familia s&rsquo;\u00e9l\u00e8vent dans une mosa\u00efque qui \u00e9voque les techniques distinctives du c\u00e9l\u00e8bre architecte, compl\u00e9t\u00e9e par des \u00e9l\u00e9ments de la vie urbaine et de la nature qui entourent ce monument iconique.<\/p>\n<p>Le bord de l&rsquo;assiette pr\u00e9sente des motifs de mosa\u00efque qui ajoutent de la texture et de la profondeur, soulignant l&rsquo;essence barcelonaise. De plus, avec le mot \u00ab\u00a0Barcelone\u00a0\u00bb imprim\u00e9, cette assiette devient non seulement une pi\u00e8ce d\u00e9corative, mais aussi un authentique souvenir qui permet aux touristes d&#8217;emporter un fragment de la riche culture de la ville.<\/p>\n<p>Cette assiette en c\u00e9ramique est id\u00e9ale pour ceux qui recherchent des souvenirs authentiques et repr\u00e9sentatifs. Son lien culturel avec Barcelone en fait un cadeau parfait pour les visiteurs et un attrait suppl\u00e9mentaire pour les boutiques de cadeaux touristiques. Chez Ol\u00e9 Mosaic, nous proposons des produits de qualit\u00e9 en gros, garantissant l&rsquo;authenticit\u00e9 de chaque pi\u00e8ce. Cette assiette est une excellente option pour les \u00e9tablissements souhaitant pr\u00e9senter des souvenirs qui capturent r\u00e9ellement l&rsquo;essence de l&rsquo;Espagne.<\/p>\n","protected":false},"excerpt":{"rendered":"<p>Assiette en c\u00e9ramique de 20 cm d\u00e9cor\u00e9e d&rsquo;un design vibrant repr\u00e9sentant l&#8217;embl\u00e9matique Sagrada Familia de Barcelone. Cette assiette attrayante, id\u00e9ale comme souvenir ou pi\u00e8ce d\u00e9corative, pr\u00e9sente une palette de couleurs bleu, rouge et jaune, ainsi que des motifs de mosa\u00efque \u00e9voquant l&rsquo;\u0153uvre de Gaud\u00ed. Avec le nom \u00ab\u00a0Barcelone\u00a0\u00bb imprim\u00e9, cette assiette est un excellent moyen de se souvenir de la riche culture et de l&rsquo;architecture singuli\u00e8re de la ville.<\/p>\n","protected":false},"featured_media":12096,"template":"","meta":{"_acf_changed":false},"product_brand":[],"product_cat":[656],"product_tag":[585],"class_list":{"0":"post-33010","1":"product","2":"type-product","3":"status-publish","4":"has-post-thumbnail","6":"product_cat-assiettes-decoratives","7":"product_tag-ceramique","8":"pa_ciudad-barcelona","9":"pa_pais-espana","11":"first","12":"instock","13":"shipping-taxable","14":"product-type-simple"},"acf":[],"_links":{"self":[{"href":"https:\/\/olemosaic.com\/fr\/wp-json\/wp\/v2\/product\/33010","targetHints":{"allow":["GET"]}}],"collection":[{"href":"https:\/\/olemosaic.com\/fr\/wp-json\/wp\/v2\/product"}],"about":[{"href":"https:\/\/olemosaic.com\/fr\/wp-json\/wp\/v2\/types\/product"}],"wp:featuredmedia":[{"embeddable":true,"href":"https:\/\/olemosaic.com\/fr\/wp-json\/wp\/v2\/media\/12096"}],"wp:attachment":[{"href":"https:\/\/olemosaic.com\/fr\/wp-json\/wp\/v2\/media?parent=33010"}],"wp:term":[{"taxonomy":"product_brand","embeddable":true,"href":"https:\/\/olemosaic.com\/fr\/wp-json\/wp\/v2\/product_brand?post=33010"},{"taxonomy":"product_cat","embeddable":true,"href":"https:\/\/olemosaic.com\/fr\/wp-json\/wp\/v2\/product_cat?post=33010"},{"taxonomy":"product_tag","embeddable":true,"href":"https:\/\/olemosaic.com\/fr\/wp-json\/wp\/v2\/product_tag?post=33010"}],"curies":[{"name":"wp","href":"https:\/\/api.w.org\/{rel}","templated":true}]}}