{"id":33008,"date":"2025-02-20T22:34:51","date_gmt":"2025-02-20T22:34:51","guid":{"rendered":"http:\/\/olemosaic.com\/producto\/plato-de-ceramica-de-15-cm-salamandra-y-flores-barcelona-blanco\/"},"modified":"2025-07-25T19:06:22","modified_gmt":"2025-07-25T17:06:22","slug":"assiette-en-ceramique-de-15-cm-salamandre-et-fleurs-barcelone-blanc","status":"publish","type":"product","link":"https:\/\/olemosaic.com\/fr\/produit\/assiette-en-ceramique-de-15-cm-salamandre-et-fleurs-barcelone-blanc\/","title":{"rendered":"Assiette en c\u00e9ramique de 15 cm. Salamandre et fleurs. Barcelone. Blanc."},"content":{"rendered":"<p>Cette assiette en c\u00e9ramique vibrante de 15 cm est une pi\u00e8ce remarquable qui capture l&rsquo;essence de l&rsquo;art de la mosa\u00efque barcelonaise, devenant un excellent souvenir qui \u00e9voque la culture et la cr\u00e9ativit\u00e9 de la ville. D\u00e9cor\u00e9e d&rsquo;un design plein de vie, l&rsquo;assiette pr\u00e9sente des salamandres multicolores et des fleurs, utilisant une palette de couleurs intenses comme le rouge, le bleu et le jaune, qui contrastent de mani\u00e8re captivante avec le fond blanc. Les salamandres sont rehauss\u00e9es de d\u00e9tails noirs, ce qui leur conf\u00e8re une touche d&rsquo;\u00e9l\u00e9gance et un design rappelant les \u0153uvres du c\u00e9l\u00e8bre architecte Antoni Gaud\u00ed, embl\u00e9matique de Barcelone.<\/p>\n<p>Cette assiette n&rsquo;est pas seulement un \u00e9l\u00e9ment d\u00e9coratif attrayant, mais aussi une pi\u00e8ce fonctionnelle, id\u00e9ale pour servir des ap\u00e9ritifs ou comme centre de table, apportant une touche artistique \u00e0 n&rsquo;importe quel foyer. Son design joyeux et contemporain repr\u00e9sente parfaitement la vitalit\u00e9 de la culture catalane, faisant de ce produit un souvenir id\u00e9al pour les touristes souhaitant emporter un morceau de Barcelone. Chez Ol\u00e9 Mosaic, nous proposons ce type de souvenirs authentiques, parfaits pour les boutiques de cadeaux touristiques, garantissant qualit\u00e9 et pertinence culturelle dans chacun de nos produits. En choisissant cette assiette en c\u00e9ramique, vous n&rsquo;optez pas seulement pour un article d\u00e9coratif, mais aussi pour une pi\u00e8ce qui encapsule la riche histoire et le patrimoine de Barcelone, soulignant son authenticit\u00e9 en tant que souvenir.<\/p>\n","protected":false},"excerpt":{"rendered":"<p>Assiette en c\u00e9ramique de 15 cm d\u00e9cor\u00e9e d&rsquo;un design vibrant de salamandres et de fleurs, inspir\u00e9 de l&rsquo;art de la mosa\u00efque de Barcelone. Cette assiette attrayante combine des couleurs intenses, comme le rouge, le bleu et le jaune, cr\u00e9ant un effet visuel joyeux. Les salamandres, dessin\u00e9es avec des d\u00e9tails noirs, ressortent sur le fond blanc, entour\u00e9es de fleurs multicolores, ce qui en fait une pi\u00e8ce id\u00e9ale, tant d\u00e9corative que fonctionnelle, pour la maison.<\/p>\n","protected":false},"featured_media":8076,"template":"","meta":{"_acf_changed":false},"product_brand":[],"product_cat":[656],"product_tag":[530,585],"class_list":{"0":"post-33008","1":"product","2":"type-product","3":"status-publish","4":"has-post-thumbnail","6":"product_cat-assiettes-decoratives","7":"product_tag-animaux","8":"product_tag-ceramique","9":"pa_ciudad-barcelona","10":"pa_motivo-salamandres","11":"pa_pais-espana","13":"first","14":"instock","15":"shipping-taxable","16":"product-type-simple"},"acf":[],"_links":{"self":[{"href":"https:\/\/olemosaic.com\/fr\/wp-json\/wp\/v2\/product\/33008","targetHints":{"allow":["GET"]}}],"collection":[{"href":"https:\/\/olemosaic.com\/fr\/wp-json\/wp\/v2\/product"}],"about":[{"href":"https:\/\/olemosaic.com\/fr\/wp-json\/wp\/v2\/types\/product"}],"wp:featuredmedia":[{"embeddable":true,"href":"https:\/\/olemosaic.com\/fr\/wp-json\/wp\/v2\/media\/8076"}],"wp:attachment":[{"href":"https:\/\/olemosaic.com\/fr\/wp-json\/wp\/v2\/media?parent=33008"}],"wp:term":[{"taxonomy":"product_brand","embeddable":true,"href":"https:\/\/olemosaic.com\/fr\/wp-json\/wp\/v2\/product_brand?post=33008"},{"taxonomy":"product_cat","embeddable":true,"href":"https:\/\/olemosaic.com\/fr\/wp-json\/wp\/v2\/product_cat?post=33008"},{"taxonomy":"product_tag","embeddable":true,"href":"https:\/\/olemosaic.com\/fr\/wp-json\/wp\/v2\/product_tag?post=33008"}],"curies":[{"name":"wp","href":"https:\/\/api.w.org\/{rel}","templated":true}]}}