{"id":33007,"date":"2025-02-20T22:34:51","date_gmt":"2025-02-20T22:34:51","guid":{"rendered":"http:\/\/olemosaic.com\/producto\/iman-de-metal-salamandra-mallorca-azul-8-cm\/"},"modified":"2025-07-25T19:40:44","modified_gmt":"2025-07-25T17:40:44","slug":"aimant-en-metal-salamandre-majorque-bleu-8-cm","status":"publish","type":"product","link":"https:\/\/olemosaic.com\/fr\/produit\/aimant-en-metal-salamandre-majorque-bleu-8-cm\/","title":{"rendered":"Aimant en m\u00e9tal. Salamandre. Majorque. Bleu. 8 cm."},"content":{"rendered":"<p>Cet aimant m\u00e9tallique vibrant au design de salamandres est un hommage \u00e0 la biodiversit\u00e9 de Majorque, encapsulant l&rsquo;essence de cette magnifique \u00eele m\u00e9diterran\u00e9enne. Avec des dimensions de 8 cm, son fond bleu intense rehausse les salamandres color\u00e9es qui l&rsquo;ornent, repr\u00e9sent\u00e9es avec divers motifs g\u00e9om\u00e9triques qui apportent un air moderne et artistique. Dans la partie sup\u00e9rieure, le mot \u00ab\u00a0MAJORQUE\u00a0\u00bb ressort avec des lettres brillantes, ajoutant une touche distinctive de la r\u00e9gion. Chaque salamandre, peinte avec des couleurs vives et vari\u00e9es, attire non seulement l&rsquo;attention, mais refl\u00e8te \u00e9galement la riche faune qui prosp\u00e8re dans les superbes paysages majorquins.<\/p>\n<p>Cet aimant ne sert pas seulement d&rsquo;accessoire pratique pour n&rsquo;importe quelle maison, mais agit \u00e9galement comme un souvenir symbolique de Majorque, id\u00e9al pour ceux qui souhaitent emporter un petit morceau de l&rsquo;\u00eele dans leur quotidien. Son design unique et attrayant en fait un souvenir parfait pour les touristes \u00e0 la recherche de produits authentiques repr\u00e9sentant la culture locale. Chez Ol\u00e9 Mosaic, nous sommes distributeurs de souvenirs en gros, et cet aimant salamandre est une excellente option pour les boutiques de cadeaux touristiques cherchant \u00e0 offrir \u00e0 leurs clients un reflet authentique et color\u00e9 de Majorque.<\/p>\n","protected":false},"excerpt":{"rendered":"<p>Aimant m\u00e9tallique avec un design vibrant de salamandres, inspir\u00e9 de la biodiversit\u00e9 de Majorque. Cet aimant de 8 cm pr\u00e9sente un fond bleu brillant qui fait ressortir les salamandres color\u00e9es dispos\u00e9es selon divers motifs g\u00e9om\u00e9triques. Le mot \u00ab\u00a0MAJORQUE\u00a0\u00bb couronne le design, ajoutant une touche distinctive. Id\u00e9al pour d\u00e9corer la maison ou comme souvenir de l&rsquo;\u00eele, son design attrayant en fait un souvenir unique et frappant.<\/p>\n","protected":false},"featured_media":8207,"template":"","meta":{"_acf_changed":false},"product_brand":[],"product_cat":[697],"product_tag":[530],"class_list":{"0":"post-33007","1":"product","2":"type-product","3":"status-publish","4":"has-post-thumbnail","6":"product_cat-aimants","7":"product_tag-animaux","8":"pa_ciudad-mallorca","9":"pa_motivo-salamandres","10":"pa_pais-espana","12":"first","13":"instock","14":"shipping-taxable","15":"product-type-simple"},"acf":[],"_links":{"self":[{"href":"https:\/\/olemosaic.com\/fr\/wp-json\/wp\/v2\/product\/33007","targetHints":{"allow":["GET"]}}],"collection":[{"href":"https:\/\/olemosaic.com\/fr\/wp-json\/wp\/v2\/product"}],"about":[{"href":"https:\/\/olemosaic.com\/fr\/wp-json\/wp\/v2\/types\/product"}],"wp:featuredmedia":[{"embeddable":true,"href":"https:\/\/olemosaic.com\/fr\/wp-json\/wp\/v2\/media\/8207"}],"wp:attachment":[{"href":"https:\/\/olemosaic.com\/fr\/wp-json\/wp\/v2\/media?parent=33007"}],"wp:term":[{"taxonomy":"product_brand","embeddable":true,"href":"https:\/\/olemosaic.com\/fr\/wp-json\/wp\/v2\/product_brand?post=33007"},{"taxonomy":"product_cat","embeddable":true,"href":"https:\/\/olemosaic.com\/fr\/wp-json\/wp\/v2\/product_cat?post=33007"},{"taxonomy":"product_tag","embeddable":true,"href":"https:\/\/olemosaic.com\/fr\/wp-json\/wp\/v2\/product_tag?post=33007"}],"curies":[{"name":"wp","href":"https:\/\/api.w.org\/{rel}","templated":true}]}}