{"id":33006,"date":"2025-02-20T22:34:51","date_gmt":"2025-02-20T22:34:51","guid":{"rendered":"http:\/\/olemosaic.com\/producto\/funda-de-telefono-para-iphone-14-promax-tpu-gato-barcelona-negro\/"},"modified":"2025-07-25T20:04:12","modified_gmt":"2025-07-25T18:04:12","slug":"coque-de-telephone-pour-iphone-14-pro-max-tpu-chat-barcelone-noir","status":"publish","type":"product","link":"https:\/\/olemosaic.com\/fr\/produit\/coque-de-telephone-pour-iphone-14-pro-max-tpu-chat-barcelone-noir\/","title":{"rendered":"Coque de t\u00e9l\u00e9phone pour iPhone 14 Pro Max (TPU). Chat. Barcelone. Noir"},"content":{"rendered":"<p>Ce design vibrant de coque pour iPhone 14 Pro Max capture l&rsquo;essence artistique de Barcelone \u00e0 travers un chat color\u00e9 inspir\u00e9 de l&rsquo;iconique mosa\u00efque de la ville. Fabriqu\u00e9e en TPU, cette coque offre non seulement une protection exceptionnelle, mais devient \u00e9galement une expression de style et de culture. L&rsquo;illustration montre un chat au design explosif dans des tons bleus, rouges, jaunes et verts, entour\u00e9 de papillons aux teintes vives qui ajoutent une touche de joie et de dynamisme. La base noire fait ressortir les couleurs vibrantes de l&rsquo;illustration, cr\u00e9ant un contraste attrayant qui attirera sans aucun doute l&rsquo;attention.<\/p>\n<p>Le mot \u00ab\u00a0Barcelone\u00a0\u00bb est \u00e9l\u00e9gamment inscrit dans une typographie attrayante, r\u00e9affirmant son lien avec cette ville embl\u00e9matique. Ce produit n&rsquo;est pas seulement un accessoire pratique, mais aussi un excellent souvenir qui refl\u00e8te la cr\u00e9ativit\u00e9 et l&rsquo;esprit de la culture catalane. Id\u00e9ale pour les touristes \u00e0 la recherche d&rsquo;une pi\u00e8ce authentique et fonctionnelle, cette coque s&rsquo;\u00e9rige comme un souvenir multifacette de Barcelone, combinant art et utilit\u00e9 en un seul objet. Chez Ol\u00e9 Mosaic, nous distribuons fi\u00e8rement des souvenirs uniques en gros, et cette coque est une magnifique option pour les boutiques de cadeaux touristiques souhaitant proposer des produits qui mettent en valeur la richesse culturelle de l&rsquo;Espagne.<\/p>\n","protected":false},"excerpt":{"rendered":"<p>Coque pour iPhone 14 Pro Max fabriqu\u00e9e en TPU, avec un design vibrant d&rsquo;un chat inspir\u00e9 de l&rsquo;art de la mosa\u00efque de Barcelone. L&rsquo;illustration montre un chat color\u00e9 dans des tons bleus, rouges, jaunes et verts, entour\u00e9 de papillons aux teintes vives. Cette coque noire prot\u00e8ge non seulement votre appareil, mais ajoute \u00e9galement une touche artistique, apportant un charme contemporain au symbole culturel de la ville. Le mot \u00ab\u00a0Barcelone\u00a0\u00bb est \u00e9l\u00e9gamment inscrit, ce qui fait de cet accessoire un souvenir parfait.<\/p>\n","protected":false},"featured_media":12420,"template":"","meta":{"_acf_changed":false},"product_brand":[],"product_cat":[674],"product_tag":[530],"class_list":{"0":"post-33006","1":"product","2":"type-product","3":"status-publish","4":"has-post-thumbnail","6":"product_cat-etuis-pour-telephones-portables","7":"product_tag-animaux","8":"pa_ciudad-barcelona","9":"pa_motivo-chats","10":"pa_pais-espana","12":"first","13":"instock","14":"shipping-taxable","15":"product-type-simple"},"acf":[],"_links":{"self":[{"href":"https:\/\/olemosaic.com\/fr\/wp-json\/wp\/v2\/product\/33006","targetHints":{"allow":["GET"]}}],"collection":[{"href":"https:\/\/olemosaic.com\/fr\/wp-json\/wp\/v2\/product"}],"about":[{"href":"https:\/\/olemosaic.com\/fr\/wp-json\/wp\/v2\/types\/product"}],"wp:featuredmedia":[{"embeddable":true,"href":"https:\/\/olemosaic.com\/fr\/wp-json\/wp\/v2\/media\/12420"}],"wp:attachment":[{"href":"https:\/\/olemosaic.com\/fr\/wp-json\/wp\/v2\/media?parent=33006"}],"wp:term":[{"taxonomy":"product_brand","embeddable":true,"href":"https:\/\/olemosaic.com\/fr\/wp-json\/wp\/v2\/product_brand?post=33006"},{"taxonomy":"product_cat","embeddable":true,"href":"https:\/\/olemosaic.com\/fr\/wp-json\/wp\/v2\/product_cat?post=33006"},{"taxonomy":"product_tag","embeddable":true,"href":"https:\/\/olemosaic.com\/fr\/wp-json\/wp\/v2\/product_tag?post=33006"}],"curies":[{"name":"wp","href":"https:\/\/api.w.org\/{rel}","templated":true}]}}