{"id":32985,"date":"2025-02-20T23:34:51","date_gmt":"2025-02-20T22:34:51","guid":{"rendered":"http:\/\/olemosaic.com\/producto\/libreta-de-80-hojas-patio-4\/"},"modified":"2025-07-25T19:52:01","modified_gmt":"2025-07-25T17:52:01","slug":"carnet-de-80-pages-patio-andalou","status":"publish","type":"product","link":"https:\/\/olemosaic.com\/fr\/produit\/carnet-de-80-pages-patio-andalou\/","title":{"rendered":"Carnet de 80 pages. Patio andalou."},"content":{"rendered":"<p>Ce carnet vibrant de 80 pages est une ode \u00e0 la culture andalouse, parfait pour ceux qui souhaitent exprimer leurs pens\u00e9es et souvenirs dans une ambiance pleine de joie. Le design de sa couverture montre une sc\u00e8ne charmante d&rsquo;un patio typique espagnol, o\u00f9 une danseuse de flamenco, v\u00eatue d&rsquo;une robe rouge \u00e0 pois, et un danseur avec un chapeau noir interpr\u00e8tent une chor\u00e9graphie captivante. Les illustrations, pleines de couleurs, sont encadr\u00e9es par des fleurs et des azulejos dans des tons blancs et bleus, \u00e9voquant l&rsquo;authenticit\u00e9 des patios andalous d\u00e9cor\u00e9s de g\u00e9raniums et de c\u00e9ramique.<\/p>\n<p>Ce carnet n&rsquo;est pas seulement pratique pour \u00e9crire, mais il sert \u00e9galement de pr\u00e9cieux souvenir qui refl\u00e8te la riche tradition du flamenco et la chaleur de la culture espagnole. Son design exclusif et frais en fait un cadeau parfait pour les touristes qui veulent ramener un morceau d&rsquo;Andalousie. Le carnet est l\u00e9ger, facile \u00e0 transporter et dispose d&rsquo;une fermeture \u00e9lastique qui prot\u00e8ge vos \u00e9crits, ce qui en fait une option id\u00e9ale pour les voyageurs, les \u00e9tudiants ou les amateurs d&rsquo;art.<\/p>\n<p>Chez Ol\u00e9 Mosaic, nous nous sp\u00e9cialisons dans la distribution de souvenirs en gros, et ce carnet de flamenco est une excellente opportunit\u00e9 pour les boutiques de cadeaux touristiques cherchant \u00e0 offrir des produits authentiques et culturels. Id\u00e9al pour ceux qui recherchent des souvenirs d&rsquo;Espagne qui soient \u00e0 la fois artistiques et fonctionnels, ce carnet est un souvenir repr\u00e9sentatif qui durera dans le temps.<\/p>\n","protected":false},"excerpt":{"rendered":"<p>Carnet de 80 pages avec un design vibrant de patio andalou, montrant un couple de danseurs de flamenco dans une chor\u00e9graphie pleine de vie. La couverture comprend des illustrations color\u00e9es qui mettent en valeur la danseuse v\u00eatue de rouge \u00e0 pois et le danseur au chapeau noir, entour\u00e9s de fleurs et d&rsquo;azulejos typiques dans des tons blancs et bleus. Id\u00e9al pour consigner vos pens\u00e9es, ce carnet est un souvenir charmant de la culture espagnole.<\/p>\n","protected":false},"featured_media":9168,"template":"","meta":{"_acf_changed":false},"product_brand":[],"product_cat":[806],"product_tag":[],"class_list":{"0":"post-32985","1":"product","2":"type-product","3":"status-publish","4":"has-post-thumbnail","6":"product_cat-carnets","7":"pa_motivo-cours-interieures","9":"first","10":"instock","11":"shipping-taxable","12":"product-type-simple"},"acf":[],"_links":{"self":[{"href":"https:\/\/olemosaic.com\/fr\/wp-json\/wp\/v2\/product\/32985","targetHints":{"allow":["GET"]}}],"collection":[{"href":"https:\/\/olemosaic.com\/fr\/wp-json\/wp\/v2\/product"}],"about":[{"href":"https:\/\/olemosaic.com\/fr\/wp-json\/wp\/v2\/types\/product"}],"wp:featuredmedia":[{"embeddable":true,"href":"https:\/\/olemosaic.com\/fr\/wp-json\/wp\/v2\/media\/9168"}],"wp:attachment":[{"href":"https:\/\/olemosaic.com\/fr\/wp-json\/wp\/v2\/media?parent=32985"}],"wp:term":[{"taxonomy":"product_brand","embeddable":true,"href":"https:\/\/olemosaic.com\/fr\/wp-json\/wp\/v2\/product_brand?post=32985"},{"taxonomy":"product_cat","embeddable":true,"href":"https:\/\/olemosaic.com\/fr\/wp-json\/wp\/v2\/product_cat?post=32985"},{"taxonomy":"product_tag","embeddable":true,"href":"https:\/\/olemosaic.com\/fr\/wp-json\/wp\/v2\/product_tag?post=32985"}],"curies":[{"name":"wp","href":"https:\/\/api.w.org\/{rel}","templated":true}]}}