{"id":32975,"date":"2025-02-20T22:34:49","date_gmt":"2025-02-20T22:34:49","guid":{"rendered":"http:\/\/olemosaic.com\/producto\/vaso-de-chupito-de-vidrio-glaceado-toro-madrid\/"},"modified":"2025-07-25T18:50:25","modified_gmt":"2025-07-25T16:50:25","slug":"verre-a-shot-en-verre-depoli-taureau-madrid","status":"publish","type":"product","link":"https:\/\/olemosaic.com\/fr\/produit\/verre-a-shot-en-verre-depoli-taureau-madrid\/","title":{"rendered":"Verre \u00e0 shot en verre d\u00e9poli. Taureau. Madrid."},"content":{"rendered":"<p>Ce petit verre \u00e0 shot en verre d\u00e9poli est une pi\u00e8ce embl\u00e9matique qui capture l&rsquo;essence de Madrid \u00e0 travers son design d\u00e9coratif vibrant. La repr\u00e9sentation color\u00e9e d&rsquo;un taureau, symbole iconique de la culture espagnole, se dresse fi\u00e8rement sur un fond textur\u00e9, o\u00f9 les tons bleus, verts et rouges se fondent dans une joyeuse mosa\u00efque qui \u00e9voque la riche tradition du pays. La partie sup\u00e9rieure du verre pr\u00e9sente le mot \u00ab\u00a0MADRID\u00a0\u00bb dans des lettres ludiques et festives, ajoutant une touche d&rsquo;authenticit\u00e9 et de proximit\u00e9 qui r\u00e9sonnera tant aupr\u00e8s des touristes que des Madril\u00e8nes.<\/p>\n<p>La base du verre, orn\u00e9e d&rsquo;un motif de formes textur\u00e9es, ne compl\u00e8te pas seulement son attrait visuel, mais facilite \u00e9galement une prise en main confortable. Ce petit verre est parfait pour savourer un shot et s&rsquo;av\u00e8re id\u00e9al comme souvenir pour ceux qui cherchent \u00e0 emporter un morceau de la tradition madril\u00e8ne n&rsquo;importe o\u00f9. Son design n&rsquo;en fait pas seulement un accessoire attrayant pour n&rsquo;importe quel foyer, il agit aussi comme un rappel tangible des f\u00eates et c\u00e9l\u00e9brations qui tournent autour de la culture du taureau en Espagne.<\/p>\n<p>Chez Ol\u00e9 Mosaic, nous nous consacrons \u00e0 offrir des souvenirs de qualit\u00e9 qui promeuvent la richesse culturelle de chaque r\u00e9gion. Ce petit verre \u00e0 shot est une excellente option pour les boutiques de cadeaux touristiques qui souhaitent proposer des produits authentiques et repr\u00e9sentatifs de Madrid. En tant que grossistes de souvenirs, nous garantissons que chaque pi\u00e8ce refl\u00e8te l&rsquo;art et la passion qui d\u00e9finissent la culture espagnole, faisant de ce petit verre un choix parfait pour tout amateur de tradition.<\/p>\n","protected":false},"excerpt":{"rendered":"<p>Verre \u00e0 shot en verre d\u00e9poli, d\u00e9cor\u00e9 d&rsquo;une repr\u00e9sentation color\u00e9e d&rsquo;un taureau, symbole embl\u00e9matique de la culture espagnole, particuli\u00e8rement de Madrid. Le verre pr\u00e9sente un design vibrant en mosa\u00efque, avec des tons bleus, verts et rouges qui ressortent aux c\u00f4t\u00e9s du texte \u00ab\u00a0MADRID\u00a0\u00bb. La base du verre est orn\u00e9e d&rsquo;un motif de formes textur\u00e9es, compl\u00e9tant son attrait visuel. Id\u00e9al pour savourer un shot et emporter un morceau de la tradition madril\u00e8ne en toute occasion.<\/p>\n","protected":false},"featured_media":7919,"template":"","meta":{"_acf_changed":false},"product_brand":[],"product_cat":[814],"product_tag":[530],"class_list":{"0":"post-32975","1":"product","2":"type-product","3":"status-publish","4":"has-post-thumbnail","6":"product_cat-verres-a-shot","7":"product_tag-animaux","8":"pa_ciudad-madrid","9":"pa_motivo-taureaux","10":"pa_pais-espana","12":"first","13":"instock","14":"shipping-taxable","15":"product-type-simple"},"acf":[],"_links":{"self":[{"href":"https:\/\/olemosaic.com\/fr\/wp-json\/wp\/v2\/product\/32975","targetHints":{"allow":["GET"]}}],"collection":[{"href":"https:\/\/olemosaic.com\/fr\/wp-json\/wp\/v2\/product"}],"about":[{"href":"https:\/\/olemosaic.com\/fr\/wp-json\/wp\/v2\/types\/product"}],"wp:featuredmedia":[{"embeddable":true,"href":"https:\/\/olemosaic.com\/fr\/wp-json\/wp\/v2\/media\/7919"}],"wp:attachment":[{"href":"https:\/\/olemosaic.com\/fr\/wp-json\/wp\/v2\/media?parent=32975"}],"wp:term":[{"taxonomy":"product_brand","embeddable":true,"href":"https:\/\/olemosaic.com\/fr\/wp-json\/wp\/v2\/product_brand?post=32975"},{"taxonomy":"product_cat","embeddable":true,"href":"https:\/\/olemosaic.com\/fr\/wp-json\/wp\/v2\/product_cat?post=32975"},{"taxonomy":"product_tag","embeddable":true,"href":"https:\/\/olemosaic.com\/fr\/wp-json\/wp\/v2\/product_tag?post=32975"}],"curies":[{"name":"wp","href":"https:\/\/api.w.org\/{rel}","templated":true}]}}