{"id":32974,"date":"2025-02-20T23:34:49","date_gmt":"2025-02-20T22:34:49","guid":{"rendered":"http:\/\/olemosaic.com\/producto\/vaso-de-chupito-de-vidrio-glaceado-panoramica-barcelona-2\/"},"modified":"2025-07-25T18:56:48","modified_gmt":"2025-07-25T16:56:48","slug":"verre-a-shot-en-verre-depoli-panoramique-barcelone-2","status":"publish","type":"product","link":"https:\/\/olemosaic.com\/fr\/produit\/verre-a-shot-en-verre-depoli-panoramique-barcelone-2\/","title":{"rendered":"Verre \u00e0 shot en verre d\u00e9poli. Panoramique. Sagrada Familia. Barcelone."},"content":{"rendered":"<p>Ce petit verre \u00e0 shot en verre d\u00e9poli est une c\u00e9l\u00e9bration vibrante de la ville embl\u00e9matique de Barcelone, con\u00e7u pour ceux qui souhaitent ramener un petit morceau de sa magie chez eux. La pi\u00e8ce pr\u00e9sente une vue panoramique captivante de la Sagrada Familia, le chef-d&rsquo;\u0153uvre d&rsquo;Antoni Gaud\u00ed, mise en valeur dans une mosa\u00efque color\u00e9e qui \u00e9voque le c\u00e9l\u00e8bre style moderniste catalan. Les d\u00e9tails d\u00e9licats aux couleurs \u00e9clatantes, des tons chauds de rouges et d&rsquo;oranges aux bleus et verts frais, s&rsquo;int\u00e8grent harmonieusement, cr\u00e9ant un effet visuel charmant qui attirera le regard de tout amateur d&rsquo;art.<\/p>\n<p>Le design n&rsquo;est pas seulement un splendide hommage \u00e0 l&rsquo;architecture de la ville, il inclut \u00e9galement le mot \u00ab\u00a0Barcelona\u00a0\u00bb, ce qui en fait un souvenir parfait qui capture l&rsquo;essence de cette destination iconique. Id\u00e9al pour savourer vos boissons pr\u00e9f\u00e9r\u00e9es, ce petit verre peut \u00e9galement servir d&rsquo;\u00e9l\u00e9ment d\u00e9coratif unique, apportant une touche artistique \u00e0 n&rsquo;importe quel espace.<\/p>\n<p>Chez Ol\u00e9 Mosaic, nous nous sp\u00e9cialisons dans la distribution de souvenirs en gros, offrant des produits authentiques qui se connectent \u00e0 la culture locale. Ce petit verre \u00e0 shot est une excellente option pour les boutiques de cadeaux touristiques qui cherchent \u00e0 attirer des clients en qu\u00eate de souvenirs repr\u00e9sentatifs de Barcelone. En tant que grossistes de souvenirs de haute qualit\u00e9, nous garantissons que chaque article refl\u00e8te l&rsquo;authenticit\u00e9 et l&rsquo;attrait culturel qui caract\u00e9risent notre offre.<\/p>\n","protected":false},"excerpt":{"rendered":"<p>Verre \u00e0 shot en verre d\u00e9poli avec une charmante vue panoramique de Barcelone. Le verre pr\u00e9sente une illustration vibrante de la Sagrada Familia, orn\u00e9e de motifs de mosa\u00efques multicolores qui \u00e9voquent le style moderniste de Gaud\u00ed. La sc\u00e8ne est compl\u00e9t\u00e9e par le texte \u00ab\u00a0Barcelona\u00a0\u00bb. Cet article se distingue par son design artistique et ses couleurs vives, fusionnant fonctionnalit\u00e9 et attrait d\u00e9coratif. Parfait pour savourer vos boissons pr\u00e9f\u00e9r\u00e9es et comme souvenir de cette magnifique ville.<\/p>\n","protected":false},"featured_media":7911,"template":"","meta":{"_acf_changed":false},"product_brand":[],"product_cat":[814],"product_tag":[],"class_list":{"0":"post-32974","1":"product","2":"type-product","3":"status-publish","4":"has-post-thumbnail","6":"product_cat-verres-a-shot","7":"pa_ciudad-barcelona","8":"pa_motivo-panoramas","9":"pa_pais-espana","11":"first","12":"instock","13":"shipping-taxable","14":"product-type-simple"},"acf":[],"_links":{"self":[{"href":"https:\/\/olemosaic.com\/fr\/wp-json\/wp\/v2\/product\/32974","targetHints":{"allow":["GET"]}}],"collection":[{"href":"https:\/\/olemosaic.com\/fr\/wp-json\/wp\/v2\/product"}],"about":[{"href":"https:\/\/olemosaic.com\/fr\/wp-json\/wp\/v2\/types\/product"}],"wp:featuredmedia":[{"embeddable":true,"href":"https:\/\/olemosaic.com\/fr\/wp-json\/wp\/v2\/media\/7911"}],"wp:attachment":[{"href":"https:\/\/olemosaic.com\/fr\/wp-json\/wp\/v2\/media?parent=32974"}],"wp:term":[{"taxonomy":"product_brand","embeddable":true,"href":"https:\/\/olemosaic.com\/fr\/wp-json\/wp\/v2\/product_brand?post=32974"},{"taxonomy":"product_cat","embeddable":true,"href":"https:\/\/olemosaic.com\/fr\/wp-json\/wp\/v2\/product_cat?post=32974"},{"taxonomy":"product_tag","embeddable":true,"href":"https:\/\/olemosaic.com\/fr\/wp-json\/wp\/v2\/product_tag?post=32974"}],"curies":[{"name":"wp","href":"https:\/\/api.w.org\/{rel}","templated":true}]}}