{"id":32973,"date":"2025-02-20T22:34:49","date_gmt":"2025-02-20T22:34:49","guid":{"rendered":"http:\/\/olemosaic.com\/producto\/vaso-de-chupito-de-vidrio-glaceado-salamandra\/"},"modified":"2025-07-25T20:11:13","modified_gmt":"2025-07-25T18:11:13","slug":"verre-a-shot-en-verre-depoli-salamandre","status":"publish","type":"product","link":"https:\/\/olemosaic.com\/fr\/produit\/verre-a-shot-en-verre-depoli-salamandre\/","title":{"rendered":"Verre \u00e0 shot en verre d\u00e9poli. Salamandre."},"content":{"rendered":"<p>Ce verre \u00e0 shot en verre d\u00e9poli est un v\u00e9ritable bijou artisanal, id\u00e9al pour \u00e9voquer les vibrantes traditions espagnoles. D\u00e9cor\u00e9 de salamandres color\u00e9es et de motifs floraux, chaque verre pr\u00e9sente une finition mate qui souligne la vivacit\u00e9 du design. Les salamandres, dans des tons brillants de rouge, vert, bleu et jaune, \u00e9voquent la faune embl\u00e9matique de la r\u00e9gion, symbolisant l&rsquo;adaptabilit\u00e9 et l&rsquo;\u00e9nergie de la nature. Les fleurs qui accompagnent ces reptiles ajoutent une touche fra\u00eeche et joyeuse, faisant de cette pi\u00e8ce un \u00e9l\u00e9ment d\u00e9coratif aussi bien pour la maison que pour les c\u00e9l\u00e9brations.<\/p>\n<p>Le verre n&rsquo;est pas seulement fonctionnel, permettant de savourer un verre en bonne compagnie, mais il agit \u00e9galement comme un souvenir significatif du riche h\u00e9ritage culturel espagnol. Son design unique est parfait pour les touristes qui recherchent des souvenirs authentiques et repr\u00e9sentatifs de leur voyage. Chaque verre est fabriqu\u00e9 avec une attention particuli\u00e8re aux d\u00e9tails, garantissant sa qualit\u00e9 et sa durabilit\u00e9.<\/p>\n<p>Chez Ol\u00e9 Mosaic, nous nous sp\u00e9cialisons dans la distribution de souvenirs en gros, offrant des produits qui refl\u00e8tent l&rsquo;essence des traditions artisanales espagnoles. Ce verre \u00e0 shot, avec son design attrayant de salamandres, devient une excellente option pour les boutiques de cadeaux touristiques qui cherchent \u00e0 ajouter une touche d&rsquo;authenticit\u00e9 et de couleur \u00e0 leur catalogue de souvenirs.<\/p>\n","protected":false},"excerpt":{"rendered":"<p>Verre \u00e0 shot en verre d\u00e9poli, d\u00e9cor\u00e9 de salamandres et de fleurs aux couleurs vives. Ce verre attrayant pr\u00e9sente une finition mate qui rehausse le design, avec des d\u00e9tails dans des tons rouges, verts, bleus et jaunes. Les motifs floraux ajoutent une touche fra\u00eeche et joyeuse, faisant de ce verre un choix id\u00e9al pour les c\u00e9l\u00e9brations ou comme souvenir des traditions artisanales de la r\u00e9gion. Son design unique en fait un objet d\u00e9coratif et fonctionnel, parfait pour savourer une boisson en bonne compagnie.<\/p>\n","protected":false},"featured_media":8802,"template":"","meta":{"_acf_changed":false},"product_brand":[],"product_cat":[814],"product_tag":[530],"class_list":{"0":"post-32973","1":"product","2":"type-product","3":"status-publish","4":"has-post-thumbnail","6":"product_cat-verres-a-shot","7":"product_tag-animaux","8":"pa_motivo-salamandres","10":"first","11":"instock","12":"shipping-taxable","13":"product-type-simple"},"acf":[],"_links":{"self":[{"href":"https:\/\/olemosaic.com\/fr\/wp-json\/wp\/v2\/product\/32973","targetHints":{"allow":["GET"]}}],"collection":[{"href":"https:\/\/olemosaic.com\/fr\/wp-json\/wp\/v2\/product"}],"about":[{"href":"https:\/\/olemosaic.com\/fr\/wp-json\/wp\/v2\/types\/product"}],"wp:featuredmedia":[{"embeddable":true,"href":"https:\/\/olemosaic.com\/fr\/wp-json\/wp\/v2\/media\/8802"}],"wp:attachment":[{"href":"https:\/\/olemosaic.com\/fr\/wp-json\/wp\/v2\/media?parent=32973"}],"wp:term":[{"taxonomy":"product_brand","embeddable":true,"href":"https:\/\/olemosaic.com\/fr\/wp-json\/wp\/v2\/product_brand?post=32973"},{"taxonomy":"product_cat","embeddable":true,"href":"https:\/\/olemosaic.com\/fr\/wp-json\/wp\/v2\/product_cat?post=32973"},{"taxonomy":"product_tag","embeddable":true,"href":"https:\/\/olemosaic.com\/fr\/wp-json\/wp\/v2\/product_tag?post=32973"}],"curies":[{"name":"wp","href":"https:\/\/api.w.org\/{rel}","templated":true}]}}