{"id":32972,"date":"2025-02-20T22:34:49","date_gmt":"2025-02-20T22:34:49","guid":{"rendered":"http:\/\/olemosaic.com\/producto\/vaso-de-chupito-de-vidrio-glaceado-salamandra-mallorca\/"},"modified":"2025-07-25T18:58:52","modified_gmt":"2025-07-25T16:58:52","slug":"verre-a-shot-en-verre-depoli-salamandre-majorque","status":"publish","type":"product","link":"https:\/\/olemosaic.com\/fr\/produit\/verre-a-shot-en-verre-depoli-salamandre-majorque\/","title":{"rendered":"Verre \u00e0 shot en verre d\u00e9poli. Salamandre. Majorque."},"content":{"rendered":"<p>Ce verre \u00e0 shot en verre d\u00e9poli est un hommage vibrant \u00e0 la beaut\u00e9 de Majorque, id\u00e9al pour ceux qui recherchent des souvenirs authentiques et repr\u00e9sentatifs de l&rsquo;\u00eele. Son design se distingue par des salamandres color\u00e9es illustr\u00e9es dans un style mosa\u00efque, entrelac\u00e9es parmi des fleurs d\u00e9licates. Le choix de couleurs vives ressort sur la finition douce et translucide du verre, transformant chaque verre en une \u0153uvre d&rsquo;art qui invite \u00e0 la f\u00eate.<\/p>\n<p>Le mot \u00ab\u00a0MALLORCA\u00a0\u00bb est imprim\u00e9 sur la partie sup\u00e9rieure, apportant une touche distinctive qui souligne la connexion culturelle avec l&rsquo;\u00eele. Ce verre n&rsquo;est pas seulement parfait pour d\u00e9guster des shots dans une ambiance festive, il devient aussi un \u00e9l\u00e9ment d\u00e9coratif qui \u00e9voque la joie et l&rsquo;atmosph\u00e8re vibrante de Majorque. Les salamandres, symbole de la faune locale, ajoutent une nuance authentique et amusante, faisant de chaque toast un hommage \u00e0 la biodiversit\u00e9 de la r\u00e9gion.<\/p>\n<p>Chez Ol\u00e9 Mosaic, nous sommes des distributeurs de souvenirs en gros et ce verre \u00e0 shot est une excellente option pour les boutiques de cadeaux touristiques qui cherchent \u00e0 offrir des produits uniques et significatifs. Avec son design color\u00e9 et sa forte connexion culturelle, ce verre se pr\u00e9sente comme le souvenir parfait de vacances \u00e0 Majorque, id\u00e9al pour les touristes qui souhaitent emporter un petit morceau de leur exp\u00e9rience.<\/p>\n","protected":false},"excerpt":{"rendered":"<p>Verre \u00e0 shot en verre d\u00e9poli d\u00e9cor\u00e9 d&rsquo;un design vibrant de salamandres et de fleurs, embl\u00e9matique de Majorque. Le verre pr\u00e9sente une finition douce et translucide qui fait ressortir les couleurs vives des motifs, o\u00f9 les salamandres sont illustr\u00e9es avec un style de mosa\u00efque multicolore. Le mot \u00ab\u00a0MALLORCA\u00a0\u00bb est imprim\u00e9 sur la partie sup\u00e9rieure, ajoutant une touche distinctive qui c\u00e9l\u00e8bre la culture locale. Id\u00e9al pour savourer des boissons dans une ambiance festive.<\/p>\n","protected":false},"featured_media":7915,"template":"","meta":{"_acf_changed":false},"product_brand":[],"product_cat":[814],"product_tag":[530],"class_list":{"0":"post-32972","1":"product","2":"type-product","3":"status-publish","4":"has-post-thumbnail","6":"product_cat-verres-a-shot","7":"product_tag-animaux","8":"pa_ciudad-mallorca","9":"pa_motivo-salamandres","10":"pa_pais-espana","12":"first","13":"instock","14":"shipping-taxable","15":"product-type-simple"},"acf":[],"_links":{"self":[{"href":"https:\/\/olemosaic.com\/fr\/wp-json\/wp\/v2\/product\/32972","targetHints":{"allow":["GET"]}}],"collection":[{"href":"https:\/\/olemosaic.com\/fr\/wp-json\/wp\/v2\/product"}],"about":[{"href":"https:\/\/olemosaic.com\/fr\/wp-json\/wp\/v2\/types\/product"}],"wp:featuredmedia":[{"embeddable":true,"href":"https:\/\/olemosaic.com\/fr\/wp-json\/wp\/v2\/media\/7915"}],"wp:attachment":[{"href":"https:\/\/olemosaic.com\/fr\/wp-json\/wp\/v2\/media?parent=32972"}],"wp:term":[{"taxonomy":"product_brand","embeddable":true,"href":"https:\/\/olemosaic.com\/fr\/wp-json\/wp\/v2\/product_brand?post=32972"},{"taxonomy":"product_cat","embeddable":true,"href":"https:\/\/olemosaic.com\/fr\/wp-json\/wp\/v2\/product_cat?post=32972"},{"taxonomy":"product_tag","embeddable":true,"href":"https:\/\/olemosaic.com\/fr\/wp-json\/wp\/v2\/product_tag?post=32972"}],"curies":[{"name":"wp","href":"https:\/\/api.w.org\/{rel}","templated":true}]}}