{"id":32971,"date":"2025-02-20T22:34:49","date_gmt":"2025-02-20T22:34:49","guid":{"rendered":"http:\/\/olemosaic.com\/producto\/vaso-de-chupito-de-vidrio-glaceado-sagrada-familia-barcelona\/"},"modified":"2025-07-25T19:22:46","modified_gmt":"2025-07-25T17:22:46","slug":"verre-a-shot-en-verre-depoli-sagrada-familia-barcelone","status":"publish","type":"product","link":"https:\/\/olemosaic.com\/fr\/produit\/verre-a-shot-en-verre-depoli-sagrada-familia-barcelone\/","title":{"rendered":"Verre \u00e0 shot en verre d\u00e9poli. Sagrada Familia. Barcelone."},"content":{"rendered":"<p>Ce verre \u00e0 shot en verre d\u00e9poli est un hommage \u00e0 la Sagrada Familia, le monument embl\u00e9matique de Barcelone qui repr\u00e9sente la ma\u00eetrise architecturale d&rsquo;Antoni Gaud\u00ed. Son design vibrant met en avant une repr\u00e9sentation exquise de la c\u00e9l\u00e8bre basilique, avec un accent particulier sur ses tours majestueuses et son ornamentation \u00e9labor\u00e9e. Les couleurs chaudes et les nuances riches s&rsquo;unissent dans une sc\u00e8ne m\u00e9ticuleusement d\u00e9taill\u00e9e, o\u00f9 les teintes dor\u00e9es, terre cuite et vertes contrastent harmonieusement, attirant le regard et capturant l&rsquo;essence du monument.<\/p>\n<p>La surface mate du verre ne fait pas que souligner la beaut\u00e9 des couleurs, elle offre \u00e9galement un aspect moderne et \u00e9l\u00e9gant, id\u00e9al pour savourer un shot lors de n&rsquo;importe quelle c\u00e9l\u00e9bration. Ce verre n&rsquo;est pas seulement un objet fonctionnel, mais un authentique souvenir de Barcelone qui invite \u00e0 se souvenir de la magnificence de ce chef-d&rsquo;\u0153uvre. Sa connexion culturelle avec la ville et sa signification historique en font un cadeau parfait pour ceux qui souhaitent ramener chez eux un morceau de l&rsquo;architecture catalane.<\/p>\n<p>Chez Ol\u00e9 Mosaic, nous sommes fiers d&rsquo;\u00eatre des distributeurs de souvenirs authentiques en gros, et ce verre \u00e0 shot en verre repr\u00e9sente une excellente opportunit\u00e9 pour les boutiques de cadeaux touristiques qui recherchent des articles mettant en valeur la beaut\u00e9 et la tradition de Barcelone. Un souvenir qui captera sans aucun doute l&rsquo;int\u00e9r\u00eat des touristes \u00e0 la recherche de souvenirs uniques et significatifs.<\/p>\n","protected":false},"excerpt":{"rendered":"<p>Verre \u00e0 shot en verre d\u00e9poli, d\u00e9cor\u00e9 d&rsquo;une repr\u00e9sentation exquise de la Sagrada Familia, le monument embl\u00e9matique de Barcelone. Ce verre attrayant pr\u00e9sente un design vibrant avec des \u00e9l\u00e9ments architecturaux d\u00e9taill\u00e9s dans des tons chauds et une finition mate qui fait ressortir les couleurs. La sc\u00e8ne capture la magnificence de la c\u00e9l\u00e8bre basilique, y compris ses tours et son ornamentation, ce qui en fait un souvenir id\u00e9al pour se rappeler la beaut\u00e9 de la ville.<\/p>\n","protected":false},"featured_media":7913,"template":"","meta":{"_acf_changed":false},"product_brand":[],"product_cat":[814],"product_tag":[],"class_list":{"0":"post-32971","1":"product","2":"type-product","3":"status-publish","4":"has-post-thumbnail","6":"product_cat-verres-a-shot","7":"pa_ciudad-barcelona","8":"pa_motivo-sagrada-familia","9":"pa_pais-espana","11":"first","12":"instock","13":"shipping-taxable","14":"product-type-simple"},"acf":[],"_links":{"self":[{"href":"https:\/\/olemosaic.com\/fr\/wp-json\/wp\/v2\/product\/32971","targetHints":{"allow":["GET"]}}],"collection":[{"href":"https:\/\/olemosaic.com\/fr\/wp-json\/wp\/v2\/product"}],"about":[{"href":"https:\/\/olemosaic.com\/fr\/wp-json\/wp\/v2\/types\/product"}],"wp:featuredmedia":[{"embeddable":true,"href":"https:\/\/olemosaic.com\/fr\/wp-json\/wp\/v2\/media\/7913"}],"wp:attachment":[{"href":"https:\/\/olemosaic.com\/fr\/wp-json\/wp\/v2\/media?parent=32971"}],"wp:term":[{"taxonomy":"product_brand","embeddable":true,"href":"https:\/\/olemosaic.com\/fr\/wp-json\/wp\/v2\/product_brand?post=32971"},{"taxonomy":"product_cat","embeddable":true,"href":"https:\/\/olemosaic.com\/fr\/wp-json\/wp\/v2\/product_cat?post=32971"},{"taxonomy":"product_tag","embeddable":true,"href":"https:\/\/olemosaic.com\/fr\/wp-json\/wp\/v2\/product_tag?post=32971"}],"curies":[{"name":"wp","href":"https:\/\/api.w.org\/{rel}","templated":true}]}}