{"id":32959,"date":"2025-02-20T23:34:49","date_gmt":"2025-02-20T22:34:49","guid":{"rendered":"http:\/\/olemosaic.com\/producto\/vaso-de-chupito-de-vidrio-glaceado-bailaora-2\/"},"modified":"2025-07-25T19:36:14","modified_gmt":"2025-07-25T17:36:14","slug":"verre-a-shot-en-verre-depoli-danseuse-flamenco-espagne","status":"publish","type":"product","link":"https:\/\/olemosaic.com\/fr\/produit\/verre-a-shot-en-verre-depoli-danseuse-flamenco-espagne\/","title":{"rendered":"Verre \u00e0 shot en verre d\u00e9poli. Danseuse de flamenco. Espagne."},"content":{"rendered":"<p>Ce verre \u00e0 shot en verre d\u00e9poli est un souvenir distinctif de la riche culture espagnole, con\u00e7u pour ceux qui souhaitent ramener chez eux un morceau de tradition. L&rsquo;illustration color\u00e9e qui orne sa surface pr\u00e9sente deux danseuses de flamenco, capturant l&rsquo;essence et la passion de cet art dans chaque d\u00e9tail. Les danseuses, v\u00eatues de costumes traditionnels vibrants, c\u00e9l\u00e8brent la joie du flamenco, tandis qu&rsquo;un d\u00e9licat \u0153illet rouge ajoute une touche de fra\u00eecheur et de symbolisme. En haut, le mot \u00ab\u00a0ESPA\u00d1A\u00a0\u00bb se distingue par un design typographique qui compl\u00e8te l&rsquo;esth\u00e9tique artistique du verre.<\/p>\n<p>Sa base rouge, ainsi que les d\u00e9tails en mosa\u00efque entourant les figures, font de ce verre non seulement un objet fonctionnel, mais aussi une pi\u00e8ce d\u00e9corative qui embellira n&rsquo;importe quel espace. Id\u00e9al pour d\u00e9guster un verre, ce verre en cristal permet aux utilisateurs de se souvenir de l&rsquo;essence du flamenco \u00e0 chaque toast, en faisant un incontournable pour ceux qui souhaitent vivre la culture espagnole chez eux. Chez Ol\u00e9 Mosaic, nous nous consacrons \u00e0 offrir des souvenirs authentiques et de qualit\u00e9 en gros, et ce verre \u00e0 shot est une excellente option pour les boutiques de cadeaux touristiques \u00e0 la recherche de produits repr\u00e9sentatifs de l&rsquo;Espagne. Ce n&rsquo;est pas seulement un excellent souvenir de flamenco, mais un symbole de la richesse culturelle qui caract\u00e9rise notre pays.<\/p>\n","protected":false},"excerpt":{"rendered":"<p>Verre \u00e0 shot en verre d\u00e9poli avec des illustrations de danseuses de flamenco. Ce verre color\u00e9 pr\u00e9sente un design vibrant o\u00f9 deux danseuses, v\u00eatues de costumes traditionnels, c\u00e9l\u00e8brent la culture espagnole. D\u00e9cor\u00e9 du mot \u00ab\u00a0ESPA\u00d1A\u00a0\u00bb et d&rsquo;un \u0153illet frappant, sa base rouge et les d\u00e9tails en mosa\u00efque ajoutent une touche artistique. Id\u00e9al pour d\u00e9guster un verre et se souvenir de l&rsquo;essence du flamenco \u00e0 chaque toast.<\/p>\n","protected":false},"featured_media":7916,"template":"","meta":{"_acf_changed":false},"product_brand":[],"product_cat":[814],"product_tag":[],"class_list":{"0":"post-32959","1":"product","2":"type-product","3":"status-publish","4":"has-post-thumbnail","6":"product_cat-verres-a-shot","7":"pa_motivo-danseurs","9":"first","10":"instock","11":"shipping-taxable","12":"product-type-simple"},"acf":[],"_links":{"self":[{"href":"https:\/\/olemosaic.com\/fr\/wp-json\/wp\/v2\/product\/32959","targetHints":{"allow":["GET"]}}],"collection":[{"href":"https:\/\/olemosaic.com\/fr\/wp-json\/wp\/v2\/product"}],"about":[{"href":"https:\/\/olemosaic.com\/fr\/wp-json\/wp\/v2\/types\/product"}],"wp:featuredmedia":[{"embeddable":true,"href":"https:\/\/olemosaic.com\/fr\/wp-json\/wp\/v2\/media\/7916"}],"wp:attachment":[{"href":"https:\/\/olemosaic.com\/fr\/wp-json\/wp\/v2\/media?parent=32959"}],"wp:term":[{"taxonomy":"product_brand","embeddable":true,"href":"https:\/\/olemosaic.com\/fr\/wp-json\/wp\/v2\/product_brand?post=32959"},{"taxonomy":"product_cat","embeddable":true,"href":"https:\/\/olemosaic.com\/fr\/wp-json\/wp\/v2\/product_cat?post=32959"},{"taxonomy":"product_tag","embeddable":true,"href":"https:\/\/olemosaic.com\/fr\/wp-json\/wp\/v2\/product_tag?post=32959"}],"curies":[{"name":"wp","href":"https:\/\/api.w.org\/{rel}","templated":true}]}}