{"id":32958,"date":"2025-02-20T22:34:48","date_gmt":"2025-02-20T22:34:48","guid":{"rendered":"http:\/\/olemosaic.com\/producto\/vaso-de-chupito-de-vidrio-glaceado-toro\/"},"modified":"2025-07-25T19:54:45","modified_gmt":"2025-07-25T17:54:45","slug":"verre-a-shot-en-verre-depoli-taureau","status":"publish","type":"product","link":"https:\/\/olemosaic.com\/fr\/produit\/verre-a-shot-en-verre-depoli-taureau\/","title":{"rendered":"Verre \u00e0 shot en verre d\u00e9poli. Taureau."},"content":{"rendered":"<p>Ce verre \u00e0 shot en verre d\u00e9poli est un symbole authentique de la culture espagnole, con\u00e7u pour animer toute c\u00e9l\u00e9bration. Orn\u00e9 d&rsquo;un taureau color\u00e9, embl\u00e8me du folklore national, ce verre pr\u00e9sente un design vibrant qui attire instantan\u00e9ment le regard. L&rsquo;exquise mosa\u00efque illustrant le taureau se compose de divers tons brillants, du bleu au rouge, cr\u00e9ant un effet visuel qui souligne sa majest\u00e9. Autour de lui, de d\u00e9licats \u00e9l\u00e9ments floraux encadrent la figure, tandis que le mot \u00ab\u00a0ESPA\u00d1A\u00a0\u00bb se d\u00e9tache en lettres frappantes, marquant la fiert\u00e9 de l&rsquo;identit\u00e9 espagnole.<\/p>\n<p>Ce verre, avec sa finition \u00e9l\u00e9gante et sa base aux tons rouges, n&rsquo;est pas seulement un objet fonctionnel, mais aussi un souvenir original qui encapsule la richesse culturelle de l&rsquo;Espagne. Id\u00e9al pour les touristes et les amoureux de la culture, ce verre \u00e0 shot offre une exp\u00e9rience unique \u00e0 chaque gorg\u00e9e, permettant \u00e0 ses propri\u00e9taires de profiter d&rsquo;un morceau de la tradition espagnole. Chez Ol\u00e9 Mosaic, nous sommes sp\u00e9cialistes de la distribution de souvenirs en gros, et ce verre \u00e0 shot est un choix exceptionnel pour les boutiques de cadeaux touristiques. Avec son authenticit\u00e9 et sa pertinence culturelle, il repr\u00e9sente une excellente opportunit\u00e9 pour ceux qui recherchent des souvenirs authentiques qui transcendent le simple souvenir.<\/p>\n","protected":false},"excerpt":{"rendered":"<p>Verre \u00e0 shot en verre d\u00e9poli d\u00e9cor\u00e9 d&rsquo;un taureau voyant, embl\u00e8me de la culture espagnole. Le design pr\u00e9sente une mosa\u00efque vibrante repr\u00e9sentant le taureau avec beaucoup de d\u00e9tails, accompagn\u00e9 d&rsquo;\u00e9l\u00e9ments floraux et du mot \u00ab\u00a0ESPA\u00d1A\u00a0\u00bb en lettres frappantes. Avec une finition \u00e9l\u00e9gante et une base aux tons rouges, ce verre est parfait pour trinquer lors de c\u00e9l\u00e9brations, capturant l&rsquo;essence du folklore espagnol \u00e0 chaque gorg\u00e9e.<\/p>\n","protected":false},"featured_media":7917,"template":"","meta":{"_acf_changed":false},"product_brand":[],"product_cat":[814],"product_tag":[530],"class_list":{"0":"post-32958","1":"product","2":"type-product","3":"status-publish","4":"has-post-thumbnail","6":"product_cat-verres-a-shot","7":"product_tag-animaux","8":"pa_motivo-taureaux","10":"first","11":"instock","12":"shipping-taxable","13":"product-type-simple"},"acf":[],"_links":{"self":[{"href":"https:\/\/olemosaic.com\/fr\/wp-json\/wp\/v2\/product\/32958","targetHints":{"allow":["GET"]}}],"collection":[{"href":"https:\/\/olemosaic.com\/fr\/wp-json\/wp\/v2\/product"}],"about":[{"href":"https:\/\/olemosaic.com\/fr\/wp-json\/wp\/v2\/types\/product"}],"wp:featuredmedia":[{"embeddable":true,"href":"https:\/\/olemosaic.com\/fr\/wp-json\/wp\/v2\/media\/7917"}],"wp:attachment":[{"href":"https:\/\/olemosaic.com\/fr\/wp-json\/wp\/v2\/media?parent=32958"}],"wp:term":[{"taxonomy":"product_brand","embeddable":true,"href":"https:\/\/olemosaic.com\/fr\/wp-json\/wp\/v2\/product_brand?post=32958"},{"taxonomy":"product_cat","embeddable":true,"href":"https:\/\/olemosaic.com\/fr\/wp-json\/wp\/v2\/product_cat?post=32958"},{"taxonomy":"product_tag","embeddable":true,"href":"https:\/\/olemosaic.com\/fr\/wp-json\/wp\/v2\/product_tag?post=32958"}],"curies":[{"name":"wp","href":"https:\/\/api.w.org\/{rel}","templated":true}]}}