{"id":32957,"date":"2025-02-20T22:34:48","date_gmt":"2025-02-20T22:34:48","guid":{"rendered":"http:\/\/olemosaic.com\/producto\/vaso-de-chupito-de-vidrio-glaceado-panoramica-madrid\/"},"modified":"2025-07-25T19:16:45","modified_gmt":"2025-07-25T17:16:45","slug":"verre-a-shot-en-verre-depoli-panoramique-madrid","status":"publish","type":"product","link":"https:\/\/olemosaic.com\/fr\/produit\/verre-a-shot-en-verre-depoli-panoramique-madrid\/","title":{"rendered":"Verre \u00e0 shot en verre d\u00e9poli. Panoramique. Madrid."},"content":{"rendered":"<p>Ce verre \u00e0 shot en verre d\u00e9poli est un souvenir attrayant qui capture l&rsquo;essence vibrante de Madrid. Avec un charmant panorama de la capitale espagnole, son design color\u00e9 illustre un carrosse classique accompagn\u00e9 d&rsquo;\u00e9l\u00e9ments iconiques de la ville, le tout dans un style mosa\u00efque contemporain qui \u00e9voque la riche histoire et culture madril\u00e8nes. Le mot \u00ab\u00a0MADRID\u00a0\u00bb sur la partie sup\u00e9rieure du verre souligne l&rsquo;identit\u00e9 de la destination, en faisant un souvenir id\u00e9al pour ceux qui souhaitent emporter un petit morceau de la ville.<\/p>\n<p>La finition d\u00e9polie apporte non seulement une touche \u00e9l\u00e9gante et moderne, sino qu&rsquo;elle rehausse \u00e9galement les couleurs de l&rsquo;illustration, cr\u00e9ant un effet visuel captivant qui attirera certainement les collectionneurs et les touristes. Ce verre est parfait pour d\u00e9guster un shot ou simplement comme pi\u00e8ce d\u00e9corative qui rappellera des moments inoubliables dans la vibrante capitale de l&rsquo;Espagne.<\/p>\n<p>Chez Ol\u00e9 Mosaic, en tant que grossistes de souvenirs de Madrid, nous proposons des produits authentiques qui c\u00e9l\u00e8brent la culture locale. Ce verre \u00e0 shot est une excellente option pour les boutiques de cadeaux touristiques \u00e0 la recherche d&rsquo;articles refl\u00e9tant l&rsquo;histoire et la tradition de la ville, devenant un article indispensable pour tout visiteur souhaitant un souvenir repr\u00e9sentatif de Madrid.<\/p>\n","protected":false},"excerpt":{"rendered":"<p>Verre \u00e0 shot en verre d\u00e9poli avec un charmant panorama de Madrid. Ce verre pr\u00e9sente un design color\u00e9 illustrant un carrosse classique entour\u00e9 d&rsquo;\u00e9l\u00e9ments embl\u00e9matiques de la ville, le tout dans un style mosa\u00efque contemporain. Le mot \u00ab\u00a0MADRID\u00a0\u00bb en haut souligne l&rsquo;essence de la capitale espagnole, tandis que la finition d\u00e9polie lui donne une touche \u00e9l\u00e9gante et moderne. Id\u00e9al pour les souvenirs et les collectionneurs qui appr\u00e9cient la culture madril\u00e8ne.<\/p>\n","protected":false},"featured_media":7918,"template":"","meta":{"_acf_changed":false},"product_brand":[],"product_cat":[814],"product_tag":[],"class_list":{"0":"post-32957","1":"product","2":"type-product","3":"status-publish","4":"has-post-thumbnail","6":"product_cat-verres-a-shot","7":"pa_ciudad-madrid","8":"pa_motivo-panoramas","9":"pa_pais-espana","11":"first","12":"instock","13":"shipping-taxable","14":"product-type-simple"},"acf":[],"_links":{"self":[{"href":"https:\/\/olemosaic.com\/fr\/wp-json\/wp\/v2\/product\/32957","targetHints":{"allow":["GET"]}}],"collection":[{"href":"https:\/\/olemosaic.com\/fr\/wp-json\/wp\/v2\/product"}],"about":[{"href":"https:\/\/olemosaic.com\/fr\/wp-json\/wp\/v2\/types\/product"}],"wp:featuredmedia":[{"embeddable":true,"href":"https:\/\/olemosaic.com\/fr\/wp-json\/wp\/v2\/media\/7918"}],"wp:attachment":[{"href":"https:\/\/olemosaic.com\/fr\/wp-json\/wp\/v2\/media?parent=32957"}],"wp:term":[{"taxonomy":"product_brand","embeddable":true,"href":"https:\/\/olemosaic.com\/fr\/wp-json\/wp\/v2\/product_brand?post=32957"},{"taxonomy":"product_cat","embeddable":true,"href":"https:\/\/olemosaic.com\/fr\/wp-json\/wp\/v2\/product_cat?post=32957"},{"taxonomy":"product_tag","embeddable":true,"href":"https:\/\/olemosaic.com\/fr\/wp-json\/wp\/v2\/product_tag?post=32957"}],"curies":[{"name":"wp","href":"https:\/\/api.w.org\/{rel}","templated":true}]}}