{"id":32956,"date":"2025-02-20T23:34:48","date_gmt":"2025-02-20T22:34:48","guid":{"rendered":"http:\/\/olemosaic.com\/producto\/vaso-de-chupito-de-vidrio-glaceado-bailaora\/"},"modified":"2025-07-25T18:53:40","modified_gmt":"2025-07-25T16:53:40","slug":"verre-a-shot-en-verre-depoli-danseuse-flamenco-seville","status":"publish","type":"product","link":"https:\/\/olemosaic.com\/fr\/produit\/verre-a-shot-en-verre-depoli-danseuse-flamenco-seville\/","title":{"rendered":"Verre \u00e0 shot en verre d\u00e9poli. Danseuse de flamenco. S\u00e9ville."},"content":{"rendered":"<p>Ce verre \u00e0 shot en verre d\u00e9poli, d\u00e9cor\u00e9 de danseuses de flamenco, est un bijou qui capture l&rsquo;essence vibrante de la culture andalouse. Avec un design color\u00e9 et dynamique, le verre pr\u00e9sente des illustrations de deux danseuses en pleine performance, v\u00eatues d&rsquo;\u00e9l\u00e9gantes robes \u00e0 volants. L&rsquo;une d&rsquo;elles resplendit dans une robe rouge, tandis que l&rsquo;autre affiche une fusion de couleurs, soulignant la force et le rythme qui caract\u00e9risent le flamenco. Les d\u00e9tails rouges et les motifs floraux s&rsquo;\u00e9coulent harmonieusement autour des danseuses, \u00e9voquant la passion de l&rsquo;art flamenco et son lien avec la tradition andalouse.<\/p>\n<p>Ce verre n&rsquo;est pas seulement un objet fonctionnel pour profiter de vos boissons lors de c\u00e9l\u00e9brations, mais il devient un souvenir attrayant de S\u00e9ville, id\u00e9al pour les touristes \u00e0 la recherche d&rsquo;un souvenir authentique de leur visite. L&rsquo;\u00e9nergie vibrante des danseuses immortalise l&rsquo;esprit festif et culturel de l&rsquo;Andalousie, transformant chaque toast en une v\u00e9ritable c\u00e9l\u00e9bration de l&rsquo;h\u00e9ritage espagnol.<\/p>\n<p>Chez Ol\u00e9 Mosaic, nous proposons ce verre \u00e0 shot dans le cadre de notre collection de souvenirs andalous, parfaits pour les boutiques de cadeaux touristiques souhaitant offrir des produits uniques et repr\u00e9sentatifs. Ce verre de danseuses est une excellente option pour ceux qui recherchent des souvenirs de qualit\u00e9 refl\u00e9tant la culture et la tradition de S\u00e9ville.<\/p>\n","protected":false},"excerpt":{"rendered":"<p>Verre \u00e0 shot en verre d\u00e9poli, d\u00e9cor\u00e9 d&rsquo;illustrations de danseuses de flamenco refl\u00e9tant l&rsquo;\u00e9nergie vibrante de la culture andalouse. Ce verre \u00e9l\u00e9gant pr\u00e9sente un design color\u00e9 avec des motifs floraux et des d\u00e9tails rouges, montrant deux danseuses en mouvement avec de magnifiques robes \u00e0 volants. Id\u00e9al pour trinquer lors de c\u00e9l\u00e9brations ou comme souvenir attrayant de S\u00e9ville, il allie fonctionnalit\u00e9 et art en un seul produit.<\/p>\n","protected":false},"featured_media":8804,"template":"","meta":{"_acf_changed":false},"product_brand":[],"product_cat":[814],"product_tag":[],"class_list":{"0":"post-32956","1":"product","2":"type-product","3":"status-publish","4":"has-post-thumbnail","6":"product_cat-verres-a-shot","7":"pa_motivo-danseurs","9":"first","10":"instock","11":"shipping-taxable","12":"product-type-simple"},"acf":[],"_links":{"self":[{"href":"https:\/\/olemosaic.com\/fr\/wp-json\/wp\/v2\/product\/32956","targetHints":{"allow":["GET"]}}],"collection":[{"href":"https:\/\/olemosaic.com\/fr\/wp-json\/wp\/v2\/product"}],"about":[{"href":"https:\/\/olemosaic.com\/fr\/wp-json\/wp\/v2\/types\/product"}],"wp:featuredmedia":[{"embeddable":true,"href":"https:\/\/olemosaic.com\/fr\/wp-json\/wp\/v2\/media\/8804"}],"wp:attachment":[{"href":"https:\/\/olemosaic.com\/fr\/wp-json\/wp\/v2\/media?parent=32956"}],"wp:term":[{"taxonomy":"product_brand","embeddable":true,"href":"https:\/\/olemosaic.com\/fr\/wp-json\/wp\/v2\/product_brand?post=32956"},{"taxonomy":"product_cat","embeddable":true,"href":"https:\/\/olemosaic.com\/fr\/wp-json\/wp\/v2\/product_cat?post=32956"},{"taxonomy":"product_tag","embeddable":true,"href":"https:\/\/olemosaic.com\/fr\/wp-json\/wp\/v2\/product_tag?post=32956"}],"curies":[{"name":"wp","href":"https:\/\/api.w.org\/{rel}","templated":true}]}}