{"id":32937,"date":"2025-02-20T23:34:47","date_gmt":"2025-02-20T22:34:47","guid":{"rendered":"http:\/\/olemosaic.com\/producto\/vaso-de-chupito-de-vidrio-salamandra-barcelona\/"},"modified":"2025-07-25T20:46:44","modified_gmt":"2025-07-25T18:46:44","slug":"verre-a-shot-en-verre-salamandre-barcelone","status":"publish","type":"product","link":"https:\/\/olemosaic.com\/fr\/produit\/verre-a-shot-en-verre-salamandre-barcelone\/","title":{"rendered":"Verre \u00e0 shot en verre. Salamandre. Barcelone."},"content":{"rendered":"<p>Ce verre \u00e0 shot en verre d\u00e9cor\u00e9 est un souvenir charmant qui capture l&rsquo;essence vibrante de Barcelone. Il pr\u00e9sente un design color\u00e9 avec des illustrations de salamandres et de fleurs, refl\u00e9tant le style caract\u00e9ristique de la c\u00e9l\u00e8bre mosa\u00efque de la ville. Chaque verre est peint \u00e0 la main avec des d\u00e9tails minutieux dans des tons vifs de vert, bleu et rouge, qui donnent vie aux salamandres, symboles de prosp\u00e9rit\u00e9 et de chance dans la culture catalane. Le mot \u00ab\u00a0Barcelona\u00a0\u00bb est \u00e9l\u00e9gamment imprim\u00e9 sur la partie sup\u00e9rieure, garantissant que ce verre soit non seulement fonctionnel, mais aussi un souvenir touristique classique.<\/p>\n<p>Ce verre \u00e0 shot est un excellent choix pour les visiteurs souhaitant emporter un morceau de la riche culture barcelonaise. Il est parfait pour les c\u00e9l\u00e9brations ou comme \u00e9l\u00e9ment d\u00e9coratif dans la maison, rappelant la chaleur et les couleurs de cette ville passionnante. Chez Ol\u00e9 Mosaic, nous distribuons des souvenirs de qualit\u00e9 en gros ; ce verre est une option fantastique pour les boutiques de cadeaux touristiques \u00e0 la recherche de produits authentiques capturant l&rsquo;esprit de Barcelone. Avec l&rsquo;authenticit\u00e9 de ce souvenir barcelonais, les touristes peuvent prolonger leurs souvenirs de voyage d&rsquo;une mani\u00e8re unique et m\u00e9morable.<\/p>\n","protected":false},"excerpt":{"rendered":"<p>Verre \u00e0 shot en verre d\u00e9cor\u00e9 d&rsquo;illustrations de salamandres et de fleurs, repr\u00e9sentant la culture vibrante de Barcelone. Ce verre attrayant pr\u00e9sente un design color\u00e9 avec des d\u00e9tails peints \u00e0 la main dans des tons verts, bleus et rouges, \u00e9voquant le style de la c\u00e9l\u00e8bre mosa\u00efque de la ville. Le mot \u00ab Barcelone \u00bb est imprim\u00e9 sur la partie sup\u00e9rieure, en faisant un souvenir parfait et fonctionnel de l&rsquo;une des villes les plus embl\u00e9matiques d&rsquo;Espagne.<\/p>\n","protected":false},"featured_media":7497,"template":"","meta":{"_acf_changed":false},"product_brand":[],"product_cat":[814],"product_tag":[530],"class_list":{"0":"post-32937","1":"product","2":"type-product","3":"status-publish","4":"has-post-thumbnail","6":"product_cat-verres-a-shot","7":"product_tag-animaux","8":"pa_ciudad-barcelona","9":"pa_motivo-salamandres","10":"pa_pais-espana","12":"first","13":"instock","14":"shipping-taxable","15":"product-type-simple"},"acf":[],"_links":{"self":[{"href":"https:\/\/olemosaic.com\/fr\/wp-json\/wp\/v2\/product\/32937","targetHints":{"allow":["GET"]}}],"collection":[{"href":"https:\/\/olemosaic.com\/fr\/wp-json\/wp\/v2\/product"}],"about":[{"href":"https:\/\/olemosaic.com\/fr\/wp-json\/wp\/v2\/types\/product"}],"wp:featuredmedia":[{"embeddable":true,"href":"https:\/\/olemosaic.com\/fr\/wp-json\/wp\/v2\/media\/7497"}],"wp:attachment":[{"href":"https:\/\/olemosaic.com\/fr\/wp-json\/wp\/v2\/media?parent=32937"}],"wp:term":[{"taxonomy":"product_brand","embeddable":true,"href":"https:\/\/olemosaic.com\/fr\/wp-json\/wp\/v2\/product_brand?post=32937"},{"taxonomy":"product_cat","embeddable":true,"href":"https:\/\/olemosaic.com\/fr\/wp-json\/wp\/v2\/product_cat?post=32937"},{"taxonomy":"product_tag","embeddable":true,"href":"https:\/\/olemosaic.com\/fr\/wp-json\/wp\/v2\/product_tag?post=32937"}],"curies":[{"name":"wp","href":"https:\/\/api.w.org\/{rel}","templated":true}]}}