{"id":32925,"date":"2025-02-20T23:34:47","date_gmt":"2025-02-20T22:34:47","guid":{"rendered":"http:\/\/olemosaic.com\/producto\/vaso-de-chupito-de-vidrio-bailaora\/"},"modified":"2025-07-25T19:22:17","modified_gmt":"2025-07-25T17:22:17","slug":"verre-a-shot-en-verre-danseuse-flamenco","status":"publish","type":"product","link":"https:\/\/olemosaic.com\/fr\/produit\/verre-a-shot-en-verre-danseuse-flamenco\/","title":{"rendered":"Verre \u00e0 shot en verre. Danseuse de flamenco."},"content":{"rendered":"<p>Ce verre \u00e0 shot en verre, d\u00e9cor\u00e9 d&rsquo;illustrations vibrantes de danseuses de flamenco, est un hommage \u00e0 la riche culture espagnole et une excellente option pour ceux qui recherchent des souvenirs authentiques d&rsquo;Espagne. Chaque verre est peint \u00e0 la main, montrant des d\u00e9tails color\u00e9s en rouge et bleu qui capturent l&rsquo;esprit de cette danse traditionnelle. Sur la partie sup\u00e9rieure, le mot \u00ab\u00a0ESPA\u00d1A\u00a0\u00bb se distingue, renfor\u00e7ant son lien culturel et la joie qu&rsquo;\u00e9voque le flamenco. Les danseuses, v\u00eatues de costumes traditionnels \u00e0 volants, sont repr\u00e9sent\u00e9es dans des postures dynamiques, refl\u00e9tant le mouvement et l&rsquo;\u00e9nergie qui caract\u00e9risent cet art.<\/p>\n<p>Le design du verre, qui inclut des \u00e9l\u00e9ments d\u00e9coratifs floraux autour des danseuses, n&rsquo;en fait pas seulement un souvenir attrayant, mais aussi un objet id\u00e9al pour un usage quotidien ou pour l&rsquo;exposition. Ce verre est un souvenir parfait de la passion et du folklore de l&rsquo;Espagne, \u00e9voquant des sensations de f\u00eate et de c\u00e9l\u00e9bration au c\u0153ur de la p\u00e9ninsule ib\u00e9rique.<\/p>\n<p>Chez Ol\u00e9 Mosaic, nous nous sp\u00e9cialisons dans la distribution de souvenirs en gros, et ce verre \u00e0 shot est un excellent choix pour les boutiques de cadeaux touristiques qui cherchent \u00e0 offrir des produits refl\u00e9tant l&rsquo;essence culturelle de l&rsquo;Espagne. Avec son authenticit\u00e9 et son design vibrant, ce verre devient un cadeau m\u00e9morable pour ceux qui souhaitent emporter une partie de la tradition espagnole.<\/p>\n","protected":false},"excerpt":{"rendered":"<p>Verre \u00e0 shot en verre d\u00e9cor\u00e9 d&rsquo;illustrations vibrantes de danseuses de flamenco, repr\u00e9sentant la riche culture espagnole. Chaque verre pr\u00e9sente un design artisanal, peint \u00e0 la main, avec des d\u00e9tails color\u00e9s en rouge et bleu, incluant le texte \u00ab\u00a0ESPA\u00d1A\u00a0\u00bb sur la partie sup\u00e9rieure. Les danseuses, avec leurs costumes traditionnels \u00e0 volants, capturent le mouvement et l&rsquo;essence de l&rsquo;art flamenco, faisant de ce verre un souvenir id\u00e9al de la passion et du folklore de l&rsquo;Espagne.<\/p>\n","protected":false},"featured_media":7499,"template":"","meta":{"_acf_changed":false},"product_brand":[],"product_cat":[814],"product_tag":[],"class_list":{"0":"post-32925","1":"product","2":"type-product","3":"status-publish","4":"has-post-thumbnail","6":"product_cat-verres-a-shot","7":"pa_motivo-danseurs","9":"first","10":"instock","11":"shipping-taxable","12":"product-type-simple"},"acf":[],"_links":{"self":[{"href":"https:\/\/olemosaic.com\/fr\/wp-json\/wp\/v2\/product\/32925","targetHints":{"allow":["GET"]}}],"collection":[{"href":"https:\/\/olemosaic.com\/fr\/wp-json\/wp\/v2\/product"}],"about":[{"href":"https:\/\/olemosaic.com\/fr\/wp-json\/wp\/v2\/types\/product"}],"wp:featuredmedia":[{"embeddable":true,"href":"https:\/\/olemosaic.com\/fr\/wp-json\/wp\/v2\/media\/7499"}],"wp:attachment":[{"href":"https:\/\/olemosaic.com\/fr\/wp-json\/wp\/v2\/media?parent=32925"}],"wp:term":[{"taxonomy":"product_brand","embeddable":true,"href":"https:\/\/olemosaic.com\/fr\/wp-json\/wp\/v2\/product_brand?post=32925"},{"taxonomy":"product_cat","embeddable":true,"href":"https:\/\/olemosaic.com\/fr\/wp-json\/wp\/v2\/product_cat?post=32925"},{"taxonomy":"product_tag","embeddable":true,"href":"https:\/\/olemosaic.com\/fr\/wp-json\/wp\/v2\/product_tag?post=32925"}],"curies":[{"name":"wp","href":"https:\/\/api.w.org\/{rel}","templated":true}]}}