{"id":32924,"date":"2025-02-20T23:34:47","date_gmt":"2025-02-20T22:34:47","guid":{"rendered":"http:\/\/olemosaic.com\/producto\/vaso-de-chupito-de-vidrio-salamandra\/"},"modified":"2025-07-25T19:54:33","modified_gmt":"2025-07-25T17:54:33","slug":"verre-a-shot-en-verre-salamandre","status":"publish","type":"product","link":"https:\/\/olemosaic.com\/fr\/produit\/verre-a-shot-en-verre-salamandre\/","title":{"rendered":"Verre \u00e0 shot en verre. Salamandre."},"content":{"rendered":"<p>Ce verre \u00e0 shot en verre, d\u00e9cor\u00e9 d&rsquo;un design vibrant de salamandres, est un exemple fascinante de la riche tradition artistique espagnole. Chaque verre pr\u00e9sente des illustrations \u00e0 effet peint \u00e0 la main qui se distinguent par leur couleur et leur cr\u00e9ativit\u00e9, avec des salamandres dans des tons rouges, verts et bleus qui semblent prendre vie, accompagn\u00e9es de fleurs qui ajoutent une touche joyeuse et festive. La repr\u00e9sentation de ces salamandres, \u00e9l\u00e9ments iconiques du folklore espagnol, transmet une connexion profonde avec la culture locale, symbolisant la transformation et la r\u00e9g\u00e9n\u00e9ration.<\/p>\n<p>Id\u00e9al pour savourer vos boissons pr\u00e9f\u00e9r\u00e9es, ce verre \u00e0 shot n&rsquo;est pas seulement une pi\u00e8ce fonctionnelle, mais aussi un authentique souvenir d&rsquo;Espagne, parfait pour ajouter une touche culturelle \u00e0 toute c\u00e9l\u00e9bration. Son design unique et attrayant en fait une excellente option tant pour les collectionneurs que pour ceux qui recherchent des souvenirs authentiques de leur visite.<\/p>\n<p>Chez Ol\u00e9 Mosaic, nous nous sp\u00e9cialisons dans la distribution de souvenirs en gros, offrant ce type de produits authentiques qui capturent l&rsquo;essence de la richesse culturelle espagnole. Ce verre est, sans aucun doute, un excellent choix pour les boutiques de cadeaux touristiques, \u00e9tant un souvenir de qualit\u00e9 qui met en valeur l&rsquo;artisanat et la tradition de l&rsquo;Espagne. En tant que grossistes de souvenirs, nous garantissons l&rsquo;authenticit\u00e9 et le design tr\u00e8s sp\u00e9cial de chaque pi\u00e8ce que nous distribuons.<\/p>\n","protected":false},"excerpt":{"rendered":"<p>Verre \u00e0 shot en verre d\u00e9cor\u00e9 d&rsquo;un design vibrant de salamandres en mosa\u00efque. Ce verre original pr\u00e9sente des illustrations \u00e0 effet peint \u00e0 la main dans des couleurs vives comme le rouge, le vert et le bleu, accompagn\u00e9es de fleurs color\u00e9es qui lui donnent une touche joyeuse. La repr\u00e9sentation des salamandres est caract\u00e9ristique du folklore espagnol, ce qui fait de ce verre une pi\u00e8ce id\u00e9ale pour savourer des boissons avec une touche culturelle. Parfait pour les collectionneurs ou comme souvenir d&rsquo;une visite en Espagne.<\/p>\n","protected":false},"featured_media":8801,"template":"","meta":{"_acf_changed":false},"product_brand":[],"product_cat":[814],"product_tag":[530],"class_list":{"0":"post-32924","1":"product","2":"type-product","3":"status-publish","4":"has-post-thumbnail","6":"product_cat-verres-a-shot","7":"product_tag-animaux","8":"pa_motivo-salamandres","10":"first","11":"instock","12":"shipping-taxable","13":"product-type-simple"},"acf":[],"_links":{"self":[{"href":"https:\/\/olemosaic.com\/fr\/wp-json\/wp\/v2\/product\/32924","targetHints":{"allow":["GET"]}}],"collection":[{"href":"https:\/\/olemosaic.com\/fr\/wp-json\/wp\/v2\/product"}],"about":[{"href":"https:\/\/olemosaic.com\/fr\/wp-json\/wp\/v2\/types\/product"}],"wp:featuredmedia":[{"embeddable":true,"href":"https:\/\/olemosaic.com\/fr\/wp-json\/wp\/v2\/media\/8801"}],"wp:attachment":[{"href":"https:\/\/olemosaic.com\/fr\/wp-json\/wp\/v2\/media?parent=32924"}],"wp:term":[{"taxonomy":"product_brand","embeddable":true,"href":"https:\/\/olemosaic.com\/fr\/wp-json\/wp\/v2\/product_brand?post=32924"},{"taxonomy":"product_cat","embeddable":true,"href":"https:\/\/olemosaic.com\/fr\/wp-json\/wp\/v2\/product_cat?post=32924"},{"taxonomy":"product_tag","embeddable":true,"href":"https:\/\/olemosaic.com\/fr\/wp-json\/wp\/v2\/product_tag?post=32924"}],"curies":[{"name":"wp","href":"https:\/\/api.w.org\/{rel}","templated":true}]}}