{"id":32923,"date":"2025-02-20T23:34:47","date_gmt":"2025-02-20T22:34:47","guid":{"rendered":"http:\/\/olemosaic.com\/producto\/vaso-de-chupito-de-vidrio-toro-madrid\/"},"modified":"2025-07-25T19:21:03","modified_gmt":"2025-07-25T17:21:03","slug":"verre-a-shot-en-verre-taureau-madrid","status":"publish","type":"product","link":"https:\/\/olemosaic.com\/fr\/produit\/verre-a-shot-en-verre-taureau-madrid\/","title":{"rendered":"Verre \u00e0 shot en verre. Taureau. Madrid."},"content":{"rendered":"<p>Ce verre \u00e0 shot en verre, d\u00e9cor\u00e9 de taureaux, est une repr\u00e9sentation fascinante de la tradition taurine madril\u00e8ne, id\u00e9al comme souvenir capturant l&rsquo;essence culturelle de la capitale espagnole. Le design vibrant et color\u00e9, peint \u00e0 la main, pr\u00e9sente des figures de taureaux en mosa\u00efques pleines d&rsquo;\u00e9nergie et de vitalit\u00e9, avec des tons intenses de rouge, bleu et vert qui \u00e9voquent la passion de la f\u00eate taurine. Les fleurs \u00e9l\u00e9gantes qui accompagnent les taureaux compl\u00e8tent la composition, apportant un air festif et accueillant. Sur la partie sup\u00e9rieure du verre, l&rsquo;inscription \u00ab\u00a0MADRID\u00a0\u00bb se distingue par un design frappant, renfor\u00e7ant son lien avec la ville et en faisant un souvenir unique et repr\u00e9sentatif.<\/p>\n<p>Ce verre n&rsquo;est pas seulement parfait pour savourer un shot, mais il est aussi un symbole du riche h\u00e9ritage culturel de l&rsquo;Espagne, refl\u00e9tant l&rsquo;une de ses traditions les plus embl\u00e9matiques. La tradition taurine, qui suscite autant d&rsquo;admiration que de controverse, est un \u00e9l\u00e9ment intrins\u00e8que de l&rsquo;identit\u00e9 madril\u00e8ne, et ce verre est un rappel de cette culture fascinante. Chez Ol\u00e9 Mosaic, en tant qu&rsquo;experts en distribution de souvenirs en gros, nous proposons ce verre \u00e0 shot de taureaux comme une excellente option pour les boutiques de cadeaux touristiques \u00e0 la recherche de produits authentiques et significatifs. Avec ce verre \u00e0 shot, vos clients pourront emporter un morceau de Madrid \u00e0 chaque gorg\u00e9e.<\/p>\n","protected":false},"excerpt":{"rendered":"<p>Verre \u00e0 shot en verre d\u00e9cor\u00e9 de taureaux frappants, repr\u00e9sentant la tradition taurine de Madrid. Ce verre pr\u00e9sente un design artisanal color\u00e9, peint \u00e0 la main, avec des mosa\u00efques ornant les figures des taureaux dans des tons vibrants de rouge, bleu et vert, compl\u00e9t\u00e9s par des fleurs. L&rsquo;inscription \u00ab\u00a0MADRID\u00a0\u00bb sur la partie sup\u00e9rieure en fait un souvenir id\u00e9al, capturant l&rsquo;essence culturelle de la ville. Parfait pour savourer un shot et se souvenir de l&rsquo;h\u00e9ritage espagnol.<\/p>\n","protected":false},"featured_media":7504,"template":"","meta":{"_acf_changed":false},"product_brand":[],"product_cat":[814],"product_tag":[530],"class_list":{"0":"post-32923","1":"product","2":"type-product","3":"status-publish","4":"has-post-thumbnail","6":"product_cat-verres-a-shot","7":"product_tag-animaux","8":"pa_ciudad-madrid","9":"pa_motivo-taureaux","10":"pa_pais-espana","12":"first","13":"instock","14":"shipping-taxable","15":"product-type-simple"},"acf":[],"_links":{"self":[{"href":"https:\/\/olemosaic.com\/fr\/wp-json\/wp\/v2\/product\/32923","targetHints":{"allow":["GET"]}}],"collection":[{"href":"https:\/\/olemosaic.com\/fr\/wp-json\/wp\/v2\/product"}],"about":[{"href":"https:\/\/olemosaic.com\/fr\/wp-json\/wp\/v2\/types\/product"}],"wp:featuredmedia":[{"embeddable":true,"href":"https:\/\/olemosaic.com\/fr\/wp-json\/wp\/v2\/media\/7504"}],"wp:attachment":[{"href":"https:\/\/olemosaic.com\/fr\/wp-json\/wp\/v2\/media?parent=32923"}],"wp:term":[{"taxonomy":"product_brand","embeddable":true,"href":"https:\/\/olemosaic.com\/fr\/wp-json\/wp\/v2\/product_brand?post=32923"},{"taxonomy":"product_cat","embeddable":true,"href":"https:\/\/olemosaic.com\/fr\/wp-json\/wp\/v2\/product_cat?post=32923"},{"taxonomy":"product_tag","embeddable":true,"href":"https:\/\/olemosaic.com\/fr\/wp-json\/wp\/v2\/product_tag?post=32923"}],"curies":[{"name":"wp","href":"https:\/\/api.w.org\/{rel}","templated":true}]}}