{"id":32922,"date":"2025-02-20T22:34:47","date_gmt":"2025-02-20T22:34:47","guid":{"rendered":"http:\/\/olemosaic.com\/producto\/vaso-de-chupito-de-vidrio-sagrada-familia-barcelona\/"},"modified":"2025-07-25T19:40:33","modified_gmt":"2025-07-25T17:40:33","slug":"verre-a-shot-en-verre-sagrada-familia-barcelone","status":"publish","type":"product","link":"https:\/\/olemosaic.com\/fr\/produit\/verre-a-shot-en-verre-sagrada-familia-barcelone\/","title":{"rendered":"Verre \u00e0 shot en verre. Sagrada Familia. Barcelone."},"content":{"rendered":"<p>Ce verre \u00e0 shot en verre d\u00e9cor\u00e9 de l&rsquo;iconique Sagrada Familia est un souvenir incontournable pour ceux qui visitent Barcelone. Son design vibrant pr\u00e9sente des mosa\u00efques aux couleurs chaudes, \u00e9voquant le chef-d&rsquo;\u0153uvre de l&rsquo;architecte moderniste Antoni Gaud\u00ed. Chaque recoin de ce verre capture la majest\u00e9 et la singularit\u00e9 de la Sagrada Familia, l&rsquo;un des symboles les plus repr\u00e9sentatifs de la cit\u00e9 comtale. L&rsquo;illustration comprend des d\u00e9tails m\u00e9ticuleusement \u00e9labor\u00e9s qui mettent en valeur les tours et les fa\u00e7ades de la basilique, compl\u00e9t\u00e9s par les inscriptions \u00ab\u00a0Sagrada Familia\u00a0\u00bb et \u00ab\u00a0Barcelona\u00a0\u00bb, qui renforcent sa connexion culturelle et sa valeur en tant que souvenir.<\/p>\n<p>Le verre, id\u00e9al aussi bien pour savourer un shot que pour \u00eatre expos\u00e9 sur une \u00e9tag\u00e8re, n&rsquo;est pas seulement une pi\u00e8ce utilitaire, mais aussi un hommage au riche h\u00e9ritage artistique et architectural de Barcelone. Ce verre \u00e0 shot devient ainsi un excellent cadeau pour les touristes \u00e0 la recherche de souvenirs authentiques et repr\u00e9sentatifs de la culture locale. Chez Ol\u00e9 Mosaic, nous nous consacrons \u00e0 la distribution de souvenirs en gros, et ce verre \u00e0 shot est une option parfaite pour les boutiques de cadeaux touristiques qui souhaitent proposer des produits de qualit\u00e9 avec une signification culturelle. En choisissant ce verre, vous n&rsquo;acqu\u00e9rez pas seulement un objet, mais un morceau de l&rsquo;histoire de Barcelone et de son style moderniste unique.<\/p>\n","protected":false},"excerpt":{"rendered":"<p>Verre \u00e0 shot en verre d\u00e9cor\u00e9 de l&rsquo;iconique Sagrada Familia, symbole embl\u00e9matique de Barcelone. Le verre pr\u00e9sente un design vibrant avec des mosa\u00efques aux couleurs chaudes \u00e9voquant l&rsquo;architecture moderniste de Gaud\u00ed. Les inscriptions \u00ab\u00a0Sagrada Familia\u00a0\u00bb et \u00ab\u00a0Barcelona\u00a0\u00bb compl\u00e8tent l&rsquo;illustration, mettant en valeur ce chef-d&rsquo;\u0153uvre urbain. Id\u00e9al comme souvenir ou pour savourer un verre avec une touche culturelle, c&rsquo;est un petit hommage au riche h\u00e9ritage artistique de la ville.<\/p>\n","protected":false},"featured_media":7496,"template":"","meta":{"_acf_changed":false},"product_brand":[],"product_cat":[814],"product_tag":[],"class_list":{"0":"post-32922","1":"product","2":"type-product","3":"status-publish","4":"has-post-thumbnail","6":"product_cat-verres-a-shot","7":"pa_ciudad-barcelona","8":"pa_motivo-sagrada-familia","9":"pa_pais-espana","11":"first","12":"instock","13":"shipping-taxable","14":"product-type-simple"},"acf":[],"_links":{"self":[{"href":"https:\/\/olemosaic.com\/fr\/wp-json\/wp\/v2\/product\/32922","targetHints":{"allow":["GET"]}}],"collection":[{"href":"https:\/\/olemosaic.com\/fr\/wp-json\/wp\/v2\/product"}],"about":[{"href":"https:\/\/olemosaic.com\/fr\/wp-json\/wp\/v2\/types\/product"}],"wp:featuredmedia":[{"embeddable":true,"href":"https:\/\/olemosaic.com\/fr\/wp-json\/wp\/v2\/media\/7496"}],"wp:attachment":[{"href":"https:\/\/olemosaic.com\/fr\/wp-json\/wp\/v2\/media?parent=32922"}],"wp:term":[{"taxonomy":"product_brand","embeddable":true,"href":"https:\/\/olemosaic.com\/fr\/wp-json\/wp\/v2\/product_brand?post=32922"},{"taxonomy":"product_cat","embeddable":true,"href":"https:\/\/olemosaic.com\/fr\/wp-json\/wp\/v2\/product_cat?post=32922"},{"taxonomy":"product_tag","embeddable":true,"href":"https:\/\/olemosaic.com\/fr\/wp-json\/wp\/v2\/product_tag?post=32922"}],"curies":[{"name":"wp","href":"https:\/\/api.w.org\/{rel}","templated":true}]}}