{"id":32921,"date":"2025-02-20T23:34:46","date_gmt":"2025-02-20T22:34:46","guid":{"rendered":"http:\/\/olemosaic.com\/producto\/vaso-de-chupito-de-vidrio-panoramica-barcelona-2\/"},"modified":"2025-07-25T19:29:14","modified_gmt":"2025-07-25T17:29:14","slug":"verre-a-shot-en-verre-panoramique-barcelone-2","status":"publish","type":"product","link":"https:\/\/olemosaic.com\/fr\/produit\/verre-a-shot-en-verre-panoramique-barcelone-2\/","title":{"rendered":"Verre \u00e0 shot en verre. Panoramique. Mosa\u00efque. Barcelone."},"content":{"rendered":"<p>Ce verre \u00e0 shot en verre avec la vue panoramique de Barcelone est un cadeau distinctif qui capture l&rsquo;essence vibrante de la cit\u00e9 comtale. Son design met en avant une repr\u00e9sentation color\u00e9e de mosa\u00efques embl\u00e9matiques de Barcelone, parmi lesquelles se distingue l&rsquo;iconique Sagrada Familia, symbole architectural du modernisme catalan, ainsi que d&rsquo;autres monuments qui composent le paysage urbain de cette m\u00e9tropole. Le mot \u00ab\u00a0Barcelona\u00a0\u00bb est \u00e9l\u00e9gamment inscrit sur la partie sup\u00e9rieure, ce qui fait de ce verre une pi\u00e8ce non seulement d\u00e9corative, mais aussi fonctionnelle.<\/p>\n<p>Chaque verre est \u00e9labor\u00e9 avec une palette de couleurs vibrantes qui \u00e9voquent l&rsquo;\u00e9nergie de la ville, en faisant un excellent souvenir pour les touristes souhaitant ramener un morceau de Barcelone chez eux. Sa durabilit\u00e9 et son design attrayant permettent de profiter de boissons au quotidien, transformant chaque gorg\u00e9e en un rappel des merveilles de la ville. Ce verre n&rsquo;est pas seulement un objet utile ; il repr\u00e9sente la culture et l&rsquo;art de Barcelone, ce qui en fait un cadeau parfait pour ceux qui recherchent des souvenirs authentiques et significatifs.<\/p>\n<p>Chez Ol\u00e9 Mosaic, sp\u00e9cialis\u00e9s dans la distribution de souvenirs en gros, nous proposons des produits uniques comme ce verre \u00e0 shot, id\u00e9al pour les boutiques de cadeaux touristiques. Ce verre \u00e0 shot de Barcelone est le compl\u00e9ment parfait pour toute collection de souvenirs, fusionnant style et tradition en un seul article.<\/p>\n","protected":false},"excerpt":{"rendered":"<p>Verre \u00e0 shot en verre avec une vue panoramique color\u00e9e de Barcelone. Ce design attrayant pr\u00e9sente des mosa\u00efques repr\u00e9sentatives de la ville, incluant l&#8217;embl\u00e9matique Sagrada Familia et d&rsquo;autres monuments iconiques. D\u00e9cor\u00e9 avec un usage vibrant de la couleur et le mot \u00ab\u00a0Barcelona\u00a0\u00bb, ce verre est id\u00e9al pour savourer un shot tout en se rappelant la beaut\u00e9 de la ville. Parfait comme souvenir ou pour un usage quotidien, il allie style et fonctionnalit\u00e9.<\/p>\n","protected":false},"featured_media":7494,"template":"","meta":{"_acf_changed":false},"product_brand":[],"product_cat":[814],"product_tag":[],"class_list":{"0":"post-32921","1":"product","2":"type-product","3":"status-publish","4":"has-post-thumbnail","6":"product_cat-verres-a-shot","7":"pa_ciudad-barcelona","8":"pa_motivo-panoramas","9":"pa_pais-espana","11":"first","12":"instock","13":"shipping-taxable","14":"product-type-simple"},"acf":[],"_links":{"self":[{"href":"https:\/\/olemosaic.com\/fr\/wp-json\/wp\/v2\/product\/32921","targetHints":{"allow":["GET"]}}],"collection":[{"href":"https:\/\/olemosaic.com\/fr\/wp-json\/wp\/v2\/product"}],"about":[{"href":"https:\/\/olemosaic.com\/fr\/wp-json\/wp\/v2\/types\/product"}],"wp:featuredmedia":[{"embeddable":true,"href":"https:\/\/olemosaic.com\/fr\/wp-json\/wp\/v2\/media\/7494"}],"wp:attachment":[{"href":"https:\/\/olemosaic.com\/fr\/wp-json\/wp\/v2\/media?parent=32921"}],"wp:term":[{"taxonomy":"product_brand","embeddable":true,"href":"https:\/\/olemosaic.com\/fr\/wp-json\/wp\/v2\/product_brand?post=32921"},{"taxonomy":"product_cat","embeddable":true,"href":"https:\/\/olemosaic.com\/fr\/wp-json\/wp\/v2\/product_cat?post=32921"},{"taxonomy":"product_tag","embeddable":true,"href":"https:\/\/olemosaic.com\/fr\/wp-json\/wp\/v2\/product_tag?post=32921"}],"curies":[{"name":"wp","href":"https:\/\/api.w.org\/{rel}","templated":true}]}}