{"id":32903,"date":"2025-02-20T22:34:46","date_gmt":"2025-02-20T22:34:46","guid":{"rendered":"http:\/\/olemosaic.com\/producto\/vaso-de-chupito-de-ceramica-barcelona-blanco\/"},"modified":"2025-07-25T20:29:32","modified_gmt":"2025-07-25T18:29:32","slug":"verre-a-shot-en-ceramique-barcelone-blanc","status":"publish","type":"product","link":"https:\/\/olemosaic.com\/fr\/produit\/verre-a-shot-en-ceramique-barcelone-blanc\/","title":{"rendered":"Verre \u00e0 shot en c\u00e9ramique. Barcelone. Blanc."},"content":{"rendered":"<p>Ce verre \u00e0 shot en c\u00e9ramique, inspir\u00e9 de la majestueuse Sagrada Familia de Barcelone, est un produit qui fusionne fonctionnalit\u00e9 et art, devenant un souvenir exceptionnel. Avec une finition blanche immacul\u00e9e et un int\u00e9rieur rouge vibrant, le verre se distingue par son illustration vibrante, qui met en valeur les tours iconiques de la basilique, repr\u00e9sent\u00e9es dans un d\u00e9ploiement brillant de tons rouges et orang\u00e9s. La repr\u00e9sentation artistique comprend des d\u00e9tails color\u00e9s qui \u00e9voquent la singularit\u00e9 de l&rsquo;architecture de Gaud\u00ed, ajoutant une valeur esth\u00e9tique et culturelle significative \u00e0 chaque pi\u00e8ce.<\/p>\n<p>Id\u00e9al pour trinquer en toute occasion, ce verre n&rsquo;est pas seulement un accessoire attrayant, mais aussi un rappel tangible de la beaut\u00e9 et de l&rsquo;histoire de Barcelone. Son design capture l&rsquo;essence de la ville, ce qui en fait un cadeau parfait et authentique pour ceux qui souhaitent emporter un petit morceau de sa culture. Ce verre \u00e0 shot est un excellent souvenir pour les touristes et une option attrayante pour les boutiques de cadeaux touristiques qui recherchent des souvenirs uniques et repr\u00e9sentatifs.<\/p>\n<p>Chez Ol\u00e9 Mosaic, en tant que distributeurs de verres en c\u00e9ramique en gros, nous proposons des produits qui c\u00e9l\u00e8brent la richesse culturelle de l&rsquo;Espagne, ce verre \u00e0 shot \u00e9tant un exemple parfait du design et de l&rsquo;artisanat qui nous caract\u00e9risent. Id\u00e9al pour ceux qui recherchent des souvenirs authentiques et significatifs de Barcelone, ce verre est un choix de premier plan sur le march\u00e9 des souvenirs.<\/p>\n","protected":false},"excerpt":{"rendered":"<p>Verre \u00e0 shot en c\u00e9ramique avec un design inspirant, repr\u00e9sentant la majestueuse Sagrada Familia de Barcelone. Ce verre, fini en blanc avec un int\u00e9rieur rouge brillant, pr\u00e9sente une illustration vibrante dans des tons rouges et orang\u00e9s qui met en valeur les tours de l&rsquo;iconique basilique, avec des d\u00e9tails de diff\u00e9rentes couleurs. Un souvenir parfait qui capture l&rsquo;essence architecturale de la ville, id\u00e9al pour trinquer en toute occasion.<\/p>\n","protected":false},"featured_media":9501,"template":"","meta":{"_acf_changed":false},"product_brand":[],"product_cat":[814],"product_tag":[585],"class_list":{"0":"post-32903","1":"product","2":"type-product","3":"status-publish","4":"has-post-thumbnail","6":"product_cat-verres-a-shot","7":"product_tag-ceramique","8":"pa_ciudad-barcelona","9":"pa_pais-espana","11":"first","12":"instock","13":"shipping-taxable","14":"product-type-simple"},"acf":[],"_links":{"self":[{"href":"https:\/\/olemosaic.com\/fr\/wp-json\/wp\/v2\/product\/32903","targetHints":{"allow":["GET"]}}],"collection":[{"href":"https:\/\/olemosaic.com\/fr\/wp-json\/wp\/v2\/product"}],"about":[{"href":"https:\/\/olemosaic.com\/fr\/wp-json\/wp\/v2\/types\/product"}],"wp:featuredmedia":[{"embeddable":true,"href":"https:\/\/olemosaic.com\/fr\/wp-json\/wp\/v2\/media\/9501"}],"wp:attachment":[{"href":"https:\/\/olemosaic.com\/fr\/wp-json\/wp\/v2\/media?parent=32903"}],"wp:term":[{"taxonomy":"product_brand","embeddable":true,"href":"https:\/\/olemosaic.com\/fr\/wp-json\/wp\/v2\/product_brand?post=32903"},{"taxonomy":"product_cat","embeddable":true,"href":"https:\/\/olemosaic.com\/fr\/wp-json\/wp\/v2\/product_cat?post=32903"},{"taxonomy":"product_tag","embeddable":true,"href":"https:\/\/olemosaic.com\/fr\/wp-json\/wp\/v2\/product_tag?post=32903"}],"curies":[{"name":"wp","href":"https:\/\/api.w.org\/{rel}","templated":true}]}}