{"id":32902,"date":"2025-02-20T22:34:46","date_gmt":"2025-02-20T22:34:46","guid":{"rendered":"http:\/\/olemosaic.com\/producto\/vaso-de-chupito-de-ceramica-santiago-blanco\/"},"modified":"2025-07-25T20:26:26","modified_gmt":"2025-07-25T18:26:26","slug":"verre-a-shot-en-ceramique-saint-jacques-blanc","status":"publish","type":"product","link":"https:\/\/olemosaic.com\/fr\/produit\/verre-a-shot-en-ceramique-saint-jacques-blanc\/","title":{"rendered":"Verre \u00e0 shot en c\u00e9ramique. Saint-Jacques. Blanc."},"content":{"rendered":"<p>Ce verre \u00e0 shot en c\u00e9ramique, con\u00e7u sp\u00e9cialement pour rappeler la ville magique de Saint-Jacques-de-Compostelle, est le souvenir parfait pour ceux qui ont parcouru l&#8217;embl\u00e9matique Chemin de Saint-Jacques. Son design attrayant pr\u00e9sente un ext\u00e9rieur blanc orn\u00e9 d&rsquo;images iconiques de la cath\u00e9drale de Saint-Jacques et de la c\u00e9l\u00e8bre coquille du p\u00e8lerin, des \u00e9l\u00e9ments qui \u00e9voquent la riche histoire et la spiritualit\u00e9 du chemin. L&rsquo;int\u00e9rieur du verre, d&rsquo;un vert brillant vibrant, souligne le style moderne et attrayant de cette pi\u00e8ce unique. Les illustrations, que combinent des couleurs chaudes et frappantes, transmettent l&rsquo;essence historique et culturelle de la r\u00e9gion galicienne, tandis que la finition mate offre une texture agr\u00e9able au toucher.<\/p>\n<p>Ce verre n&rsquo;est pas seulement un excellent souvenir de Galice, mais aussi un article id\u00e9al pour les collectionneurs et les amoureux de la culture. Sa pertinence culturelle s&rsquo;inscrit dans la tradition du p\u00e8lerinage, ce qui en fait un symbole tangible de l&rsquo;exp\u00e9rience v\u00e9cue sur le chemin. Chez Ol\u00e9 Mosaic, nous sommes fiers de proposer des produits authentiques et de qualit\u00e9, et ce verre \u00e0 shot en c\u00e9ramique est un excellent exemple de notre engagement en tant que grossiste de souvenirs. Parfait pour les boutiques de cadeaux touristiques, cet article est une fa\u00e7on id\u00e9ale d&#8217;emporter un morceau de Saint-Jacques et de partager son histoire avec la famille et les amis.<\/p>\n","protected":false},"excerpt":{"rendered":"<p>Verre \u00e0 shot en c\u00e9ramique con\u00e7u avec des images iconiques de Saint-Jacques-de-Compostelle. Ce verre blanc attrayant pr\u00e9sente un int\u00e9rieur vert brillant et est d\u00e9cor\u00e9 d&rsquo;illustrations du c\u00e9l\u00e8bre \u00e9difice de la cath\u00e9drale et de la coquille du p\u00e8lerin, \u00e9l\u00e9ments incontournables du Chemin de Saint-Jacques. Ses d\u00e9tails color\u00e9s et son style moderne en font un souvenir id\u00e9al pour ceux qui ont parcouru ce chemin embl\u00e9matique. Un article parfait pour les collectionneurs et les amoureux de la culture galicienne.<\/p>\n","protected":false},"featured_media":9925,"template":"","meta":{"_acf_changed":false},"product_brand":[],"product_cat":[814],"product_tag":[585],"class_list":{"0":"post-32902","1":"product","2":"type-product","3":"status-publish","4":"has-post-thumbnail","6":"product_cat-verres-a-shot","7":"product_tag-ceramique","8":"pa_ciudad-santiago-de-compostela","9":"pa_pais-espana","11":"first","12":"instock","13":"shipping-taxable","14":"product-type-simple"},"acf":[],"_links":{"self":[{"href":"https:\/\/olemosaic.com\/fr\/wp-json\/wp\/v2\/product\/32902","targetHints":{"allow":["GET"]}}],"collection":[{"href":"https:\/\/olemosaic.com\/fr\/wp-json\/wp\/v2\/product"}],"about":[{"href":"https:\/\/olemosaic.com\/fr\/wp-json\/wp\/v2\/types\/product"}],"wp:featuredmedia":[{"embeddable":true,"href":"https:\/\/olemosaic.com\/fr\/wp-json\/wp\/v2\/media\/9925"}],"wp:attachment":[{"href":"https:\/\/olemosaic.com\/fr\/wp-json\/wp\/v2\/media?parent=32902"}],"wp:term":[{"taxonomy":"product_brand","embeddable":true,"href":"https:\/\/olemosaic.com\/fr\/wp-json\/wp\/v2\/product_brand?post=32902"},{"taxonomy":"product_cat","embeddable":true,"href":"https:\/\/olemosaic.com\/fr\/wp-json\/wp\/v2\/product_cat?post=32902"},{"taxonomy":"product_tag","embeddable":true,"href":"https:\/\/olemosaic.com\/fr\/wp-json\/wp\/v2\/product_tag?post=32902"}],"curies":[{"name":"wp","href":"https:\/\/api.w.org\/{rel}","templated":true}]}}