{"id":32901,"date":"2025-02-20T22:34:46","date_gmt":"2025-02-20T22:34:46","guid":{"rendered":"http:\/\/olemosaic.com\/producto\/vaso-de-chupito-de-ceramica-toro-beige\/"},"modified":"2025-07-25T20:21:18","modified_gmt":"2025-07-25T18:21:18","slug":"verre-a-shot-en-ceramique-taureau-beige","status":"publish","type":"product","link":"https:\/\/olemosaic.com\/fr\/produit\/verre-a-shot-en-ceramique-taureau-beige\/","title":{"rendered":"Verre \u00e0 shot en c\u00e9ramique. Taureau. Beige."},"content":{"rendered":"<p>Ce petit verre \u00e0 shot en c\u00e9ramique, d\u00e9cor\u00e9 d&rsquo;un design vibrant de taureaux, est un authentique souvenir qui capture l&rsquo;essence de la culture espagnole. Avec une finition dans un ton beige doux, le verre pr\u00e9sente une illustration color\u00e9e d&rsquo;un taureau orn\u00e9 de motifs complexes de mosa\u00efque dans des tons verts, bleus et rouges, qui ressortent sur un fond de fleurs rouges, \u00e9voquant la riche tradition artistique de l&rsquo;Espagne. Le bord noir offre un contraste \u00e9l\u00e9gant, tandis que le mot \u00ab\u00a0Espa\u00f1a\u00a0\u00bb est imprim\u00e9 de mani\u00e8re claire, reliant encore davantage ce produit \u00e0 son h\u00e9ritage culturel.<\/p>\n<p>Le design du verre n&rsquo;en fait pas seulement un objet fonctionnel pour d\u00e9guster un shot, mais il fonctionne \u00e9galement comme un charmant \u00e9l\u00e9ment d\u00e9coratif qui \u00e9gayera n&rsquo;importe quel espace. Le taureau, symbole iconique de l&rsquo;histoire et de la culture espagnole, repr\u00e9sente le courage et la passion de cette nation, consolidant sa pertinence en tant que souvenir significatif pour les touristes et les visiteurs.<\/p>\n<p>Chez Ol\u00e9 Mosaic, nous sommes sp\u00e9cialistes de la distribution de souvenirs en gros, et ce petit verre \u00e0 shot en c\u00e9ramique est une option id\u00e9ale pour les boutiques de cadeaux touristiques \u00e0 la recherche de produits uniques et authentiques. Avec ce verre, les clients peuvent emporter un petit morceau d&rsquo;Espagne et de sa riche culture, ce qui en fait un souvenir indispensable de leur exp\u00e9rience de voyage.<\/p>\n","protected":false},"excerpt":{"rendered":"<p>Verre \u00e0 shot en c\u00e9ramique avec un design color\u00e9 de taureaux, un symbole iconique de l&rsquo;Espagne. Ce verre beige pr\u00e9sente une illustration vibrante d&rsquo;un taureau d\u00e9cor\u00e9 de motifs de mosa\u00efque dans des tons verts, bleus et rouges, sur un fond de fleurs rouges. La finition comprend un bord noir et le mot \u00ab\u00a0Espa\u00f1a\u00a0\u00bb imprim\u00e9 en lettres claires, soulignant sa connexion culturelle. Id\u00e9al pour d\u00e9guster un shot ou comme un joli d\u00e9tail d\u00e9coratif.<\/p>\n","protected":false},"featured_media":7026,"template":"","meta":{"_acf_changed":false},"product_brand":[],"product_cat":[814],"product_tag":[530,585],"class_list":{"0":"post-32901","1":"product","2":"type-product","3":"status-publish","4":"has-post-thumbnail","6":"product_cat-verres-a-shot","7":"product_tag-animaux","8":"product_tag-ceramique","9":"pa_motivo-taureaux","11":"first","12":"instock","13":"shipping-taxable","14":"product-type-simple"},"acf":[],"_links":{"self":[{"href":"https:\/\/olemosaic.com\/fr\/wp-json\/wp\/v2\/product\/32901","targetHints":{"allow":["GET"]}}],"collection":[{"href":"https:\/\/olemosaic.com\/fr\/wp-json\/wp\/v2\/product"}],"about":[{"href":"https:\/\/olemosaic.com\/fr\/wp-json\/wp\/v2\/types\/product"}],"wp:featuredmedia":[{"embeddable":true,"href":"https:\/\/olemosaic.com\/fr\/wp-json\/wp\/v2\/media\/7026"}],"wp:attachment":[{"href":"https:\/\/olemosaic.com\/fr\/wp-json\/wp\/v2\/media?parent=32901"}],"wp:term":[{"taxonomy":"product_brand","embeddable":true,"href":"https:\/\/olemosaic.com\/fr\/wp-json\/wp\/v2\/product_brand?post=32901"},{"taxonomy":"product_cat","embeddable":true,"href":"https:\/\/olemosaic.com\/fr\/wp-json\/wp\/v2\/product_cat?post=32901"},{"taxonomy":"product_tag","embeddable":true,"href":"https:\/\/olemosaic.com\/fr\/wp-json\/wp\/v2\/product_tag?post=32901"}],"curies":[{"name":"wp","href":"https:\/\/api.w.org\/{rel}","templated":true}]}}