{"id":32894,"date":"2025-02-20T23:34:45","date_gmt":"2025-02-20T22:34:45","guid":{"rendered":"http:\/\/olemosaic.com\/producto\/vaso-de-chupito-de-ceramica-patio-blanco\/"},"modified":"2025-07-25T19:03:50","modified_gmt":"2025-07-25T17:03:50","slug":"verre-a-shot-en-ceramique-patio-blanc","status":"publish","type":"product","link":"https:\/\/olemosaic.com\/fr\/produit\/verre-a-shot-en-ceramique-patio-blanc\/","title":{"rendered":"Verre \u00e0 shot en c\u00e9ramique. Patio. Blanc."},"content":{"rendered":"<p>Ce verre \u00e0 shot en c\u00e9ramique, peint \u00e0 la main, est un v\u00e9ritable bijou qui capture l&rsquo;essence du joyeux folklore espagnol, devenant un souvenir parfait pour ceux qui visitent l&rsquo;Espagne. Con\u00e7u avec un motif vibrant et color\u00e9 repr\u00e9sentant un patio andalou pittoresque, ce verre expose divers \u00e9l\u00e9ments culturels : une danseuse de flamenco avec sa robe rouge \u00e0 pois caract\u00e9ristique, un guitariste et une ambiance qui refl\u00e8te la chaleur des journ\u00e9es ensoleill\u00e9es d&rsquo;Andalousie. Les d\u00e9tails artistiques, tels que les pots de fleurs d\u00e9bordants et les lampes qui illuminent la sc\u00e8ne, \u00e9voquent l&rsquo;atmosph\u00e8re festive typique des patios espagnols.<\/p>\n<p>L&rsquo;int\u00e9rieur du verre, d&rsquo;une couleur orange attrayante, contraste avec les illustrations ext\u00e9rieures, rehaussant la beaut\u00e9 de chaque design. Ce verre n&rsquo;est pas seulement fonctionnel, il sert \u00e9galement de souvenir significatif qui met en valeur le riche h\u00e9ritage culturel de la r\u00e9gion. Id\u00e9al pour savourer des boissons et c\u00e9l\u00e9brer des moments sp\u00e9ciaux, ce verre \u00e0 shot est un incontournable pour ceux qui souhaitent ramener chez eux un morceau de la tradition espagnole.<\/p>\n<p>Chez Ol\u00e9 Mosaic, en tant que distributeurs de c\u00e9ramique en gros, nous proposons des produits authentiques qui c\u00e9l\u00e8brent l&rsquo;esprit de l&rsquo;Espagne. Ce verre est une excellente option pour les boutiques de cadeaux touristiques cherchant \u00e0 offrir des souvenirs uniques et de qualit\u00e9, parfaits pour se souvenir de la vivacit\u00e9 et du charme des coutumes espagnoles.<\/p>\n","protected":false},"excerpt":{"rendered":"<p>Verre \u00e0 shot en c\u00e9ramique au design artisanal, peint \u00e0 la main, inspir\u00e9 par l&rsquo;ambiance joyeuse du folklore espagnol. Ce verre color\u00e9 pr\u00e9sente des illustrations \u00e9voquant un patio andalou vibrant, avec une danseuse v\u00eatue de rouge \u00e0 pois, accompagn\u00e9e d&rsquo;un guitariste et d&rsquo;\u00e9l\u00e9ments d\u00e9coratifs tels que des pots de fleurs. Son int\u00e9rieur orange fait ressortir les motifs ext\u00e9rieurs, offrant une pi\u00e8ce unique et charmante pour savourer vos boissons.<\/p>\n","protected":false},"featured_media":8407,"template":"","meta":{"_acf_changed":false},"product_brand":[],"product_cat":[814],"product_tag":[585],"class_list":{"0":"post-32894","1":"product","2":"type-product","3":"status-publish","4":"has-post-thumbnail","6":"product_cat-verres-a-shot","7":"product_tag-ceramique","8":"pa_motivo-cours-interieures","10":"first","11":"instock","12":"shipping-taxable","13":"product-type-simple"},"acf":[],"_links":{"self":[{"href":"https:\/\/olemosaic.com\/fr\/wp-json\/wp\/v2\/product\/32894","targetHints":{"allow":["GET"]}}],"collection":[{"href":"https:\/\/olemosaic.com\/fr\/wp-json\/wp\/v2\/product"}],"about":[{"href":"https:\/\/olemosaic.com\/fr\/wp-json\/wp\/v2\/types\/product"}],"wp:featuredmedia":[{"embeddable":true,"href":"https:\/\/olemosaic.com\/fr\/wp-json\/wp\/v2\/media\/8407"}],"wp:attachment":[{"href":"https:\/\/olemosaic.com\/fr\/wp-json\/wp\/v2\/media?parent=32894"}],"wp:term":[{"taxonomy":"product_brand","embeddable":true,"href":"https:\/\/olemosaic.com\/fr\/wp-json\/wp\/v2\/product_brand?post=32894"},{"taxonomy":"product_cat","embeddable":true,"href":"https:\/\/olemosaic.com\/fr\/wp-json\/wp\/v2\/product_cat?post=32894"},{"taxonomy":"product_tag","embeddable":true,"href":"https:\/\/olemosaic.com\/fr\/wp-json\/wp\/v2\/product_tag?post=32894"}],"curies":[{"name":"wp","href":"https:\/\/api.w.org\/{rel}","templated":true}]}}