{"id":32893,"date":"2025-02-20T23:34:45","date_gmt":"2025-02-20T22:34:45","guid":{"rendered":"http:\/\/olemosaic.com\/producto\/vaso-de-chupito-de-ceramica-toro-sevilla-beige\/"},"modified":"2025-07-25T20:26:20","modified_gmt":"2025-07-25T18:26:20","slug":"verre-a-shot-en-ceramique-taureau-seville-beige","status":"publish","type":"product","link":"https:\/\/olemosaic.com\/fr\/produit\/verre-a-shot-en-ceramique-taureau-seville-beige\/","title":{"rendered":"Verre \u00e0 shot en c\u00e9ramique. Taureau. S\u00e9ville. Beige."},"content":{"rendered":"<p>Ce verre \u00e0 shot en c\u00e9ramique est con\u00e7u avec un style vibrant et iconique, inspir\u00e9 par l&#8217;embl\u00e9matique taureau de S\u00e9ville, symbole de la culture et de la bravoure espagnoles. La pi\u00e8ce, sur un \u00e9l\u00e9gant fond beige, se distingue par sa mosa\u00efque color\u00e9e repr\u00e9sentant le taureau gr\u00e2ce \u00e0 une technique de peinture \u00e0 la main, o\u00f9 se m\u00e9langent des tons intenses de rouge, vert, bleu et jaune qui capturent l&rsquo;essence de l&rsquo;art espagnol. Sur la partie frontale, le mot \u00ab\u00a0Sevilla\u00a0\u00bb est affich\u00e9 de mani\u00e8re pro\u00e9minente, c\u00e9l\u00e9brant son lien avec la ville andalouse. Ce verre n&rsquo;est pas seulement fonctionnel pour profiter de vos boissons, il sert \u00e9galement d&rsquo;ornement attrayant pour n&rsquo;importe quel coin de votre maison.<\/p>\n<p>La c\u00e9ramique, un art traditionnel de la r\u00e9gion, ajoute une touche authentique et artisanale \u00e0 chaque pi\u00e8ce, faisant de ce verre un excellent souvenir qui repr\u00e9sente la richesse culturelle de S\u00e9ville. Id\u00e9al pour les touristes \u00e0 la recherche d&rsquo;un souvenir significatif, ce verre \u00e0 shot symbolise la tradition et le patrimoine andalou. Chez Ol\u00e9 Mosaic, nous sommes des distributeurs de souvenirs authentiques et notre verre \u00e0 shot en c\u00e9ramique est une option fantastique pour les boutiques de cadeaux touristiques souhaitant proposer des produits de haute qualit\u00e9 avec une forte valeur culturelle. Avec ce verre, vous n&rsquo;acqu\u00e9rez pas seulement un objet d\u00e9coratif, mais aussi un morceau d&rsquo;histoire.<\/p>\n","protected":false},"excerpt":{"rendered":"<p>Verre \u00e0 shot en c\u00e9ramique au design unique, inspir\u00e9 par l&#8217;embl\u00e9matique taureau de S\u00e9ville. Ce verre pr\u00e9sente une mosa\u00efque color\u00e9e aux tons vibrants sur un fond beige, avec le mot \u00ab\u00a0Sevilla\u00a0\u00bb imprim\u00e9 sur le devant. Ses d\u00e9tails d\u00e9coratifs et la technique de conception artisanale, peinte \u00e0 la main, lui donnent une touche artistique, en faisant un excellent souvenir de la culture s\u00e9villane. Id\u00e9al pour profiter de vos shots et comme d\u00e9coration dans n&rsquo;importe quel coin.<\/p>\n","protected":false},"featured_media":7053,"template":"","meta":{"_acf_changed":false},"product_brand":[],"product_cat":[814],"product_tag":[530,585],"class_list":{"0":"post-32893","1":"product","2":"type-product","3":"status-publish","4":"has-post-thumbnail","6":"product_cat-verres-a-shot","7":"product_tag-animaux","8":"product_tag-ceramique","9":"pa_ciudad-sevilla","10":"pa_motivo-taureaux","11":"pa_pais-espana","13":"first","14":"instock","15":"shipping-taxable","16":"product-type-simple"},"acf":[],"_links":{"self":[{"href":"https:\/\/olemosaic.com\/fr\/wp-json\/wp\/v2\/product\/32893","targetHints":{"allow":["GET"]}}],"collection":[{"href":"https:\/\/olemosaic.com\/fr\/wp-json\/wp\/v2\/product"}],"about":[{"href":"https:\/\/olemosaic.com\/fr\/wp-json\/wp\/v2\/types\/product"}],"wp:featuredmedia":[{"embeddable":true,"href":"https:\/\/olemosaic.com\/fr\/wp-json\/wp\/v2\/media\/7053"}],"wp:attachment":[{"href":"https:\/\/olemosaic.com\/fr\/wp-json\/wp\/v2\/media?parent=32893"}],"wp:term":[{"taxonomy":"product_brand","embeddable":true,"href":"https:\/\/olemosaic.com\/fr\/wp-json\/wp\/v2\/product_brand?post=32893"},{"taxonomy":"product_cat","embeddable":true,"href":"https:\/\/olemosaic.com\/fr\/wp-json\/wp\/v2\/product_cat?post=32893"},{"taxonomy":"product_tag","embeddable":true,"href":"https:\/\/olemosaic.com\/fr\/wp-json\/wp\/v2\/product_tag?post=32893"}],"curies":[{"name":"wp","href":"https:\/\/api.w.org\/{rel}","templated":true}]}}