{"id":32877,"date":"2025-02-20T22:34:44","date_gmt":"2025-02-20T22:34:44","guid":{"rendered":"http:\/\/olemosaic.com\/producto\/vaso-de-chupito-de-ceramica-mosaico-barcelona-blanco\/"},"modified":"2025-07-25T19:41:14","modified_gmt":"2025-07-25T17:41:14","slug":"verre-a-shot-en-ceramique-mosaique-barcelone-blanc","status":"publish","type":"product","link":"https:\/\/olemosaic.com\/fr\/produit\/verre-a-shot-en-ceramique-mosaique-barcelone-blanc\/","title":{"rendered":"Verre \u00e0 shot en c\u00e9ramique. Mosa\u00efque. Barcelone. Blanc."},"content":{"rendered":"<p>Ce petit verre \u00e0 shot en c\u00e9ramique est un hommage vibrant \u00e0 l&rsquo;architecture de Barcelone, con\u00e7u pour capturer l&rsquo;essence du modernisme catalan. Sa surface pr\u00e9sente une mosa\u00efque color\u00e9e m\u00e9langeant des tons brillants de bleu, rouge, jaune et blanc, o\u00f9 s&rsquo;entrelacent des formes g\u00e9om\u00e9triques et florales, \u00e9voquant les merveilleux azulejos qui ornent les \u00e9difices historiques de la ville, comme la Casa Batll\u00f3 et La Pedrera. Sur un c\u00f4t\u00e9, l&rsquo;inscription \u00ab\u00a0Barcelona\u00a0\u00bb se distingue dans un style graphique frappant, une r\u00e9f\u00e9rence claire au lien culturel du souvenir avec la ville embl\u00e9matique. L&rsquo;int\u00e9rieur du verre, d&rsquo;une couleur orange chaleureuse, apporte une touche d&rsquo;\u00e9l\u00e9gance et de contraste, rehaussant son attrait visuel.<\/p>\n<p>Ce petit verre \u00e0 shot n&rsquo;est pas seulement un objet d\u00e9coratif, mais un authentique souvenir de Barcelone qui permet aux visiteurs d&#8217;emporter un morceau de la ville et de se rem\u00e9morer son atmosph\u00e8re vibrante. Id\u00e9al pour les touristes \u00e0 la recherche de souvenirs authentiques refl\u00e9tant la culture locale, il est parfait pour la collection ou comme cadeau significatif. Chez Ol\u00e9 Mosaic, nous nous sp\u00e9cialisons dans la distribution de souvenirs en gros, offrant ce verre en c\u00e9ramique comme une excellente option pour les boutiques de cadeaux touristiques souhaitant proposer des produits originaux et charg\u00e9s d&rsquo;histoire. Donnez \u00e0 vos clients l&rsquo;opportunit\u00e9 de tenir entre leurs mains un morceau de Barcelone avec ce petit verre \u00e0 shot exquis, repr\u00e9sentatif de son riche h\u00e9ritage culturel.<\/p>\n","protected":false},"excerpt":{"rendered":"<p>Verre \u00e0 shot en c\u00e9ramique avec un design de mosa\u00efque vibrant inspir\u00e9 de l&rsquo;architecture de Barcelone. Ce verre color\u00e9 pr\u00e9sente un m\u00e9lange de bleu, rouge, jaune et blanc, d\u00e9cor\u00e9 de formes g\u00e9om\u00e9triques et florales \u00e9voquant le style moderniste de la ville. Sur un c\u00f4t\u00e9, l&rsquo;inscription \u00ab Barcelona \u00bb se d\u00e9tache dans un style graphique accrocheur. Son int\u00e9rieur est d&rsquo;une couleur orange chaleureuse, apportant une touche d&rsquo;\u00e9l\u00e9gance. Id\u00e9al comme souvenir ou pour enrichir toute collection.<\/p>\n","protected":false},"featured_media":9115,"template":"","meta":{"_acf_changed":false},"product_brand":[],"product_cat":[814],"product_tag":[585],"class_list":{"0":"post-32877","1":"product","2":"type-product","3":"status-publish","4":"has-post-thumbnail","6":"product_cat-verres-a-shot","7":"product_tag-ceramique","8":"pa_ciudad-barcelona","9":"pa_motivo-mosaique","10":"pa_pais-espana","12":"first","13":"instock","14":"shipping-taxable","15":"product-type-simple"},"acf":[],"_links":{"self":[{"href":"https:\/\/olemosaic.com\/fr\/wp-json\/wp\/v2\/product\/32877","targetHints":{"allow":["GET"]}}],"collection":[{"href":"https:\/\/olemosaic.com\/fr\/wp-json\/wp\/v2\/product"}],"about":[{"href":"https:\/\/olemosaic.com\/fr\/wp-json\/wp\/v2\/types\/product"}],"wp:featuredmedia":[{"embeddable":true,"href":"https:\/\/olemosaic.com\/fr\/wp-json\/wp\/v2\/media\/9115"}],"wp:attachment":[{"href":"https:\/\/olemosaic.com\/fr\/wp-json\/wp\/v2\/media?parent=32877"}],"wp:term":[{"taxonomy":"product_brand","embeddable":true,"href":"https:\/\/olemosaic.com\/fr\/wp-json\/wp\/v2\/product_brand?post=32877"},{"taxonomy":"product_cat","embeddable":true,"href":"https:\/\/olemosaic.com\/fr\/wp-json\/wp\/v2\/product_cat?post=32877"},{"taxonomy":"product_tag","embeddable":true,"href":"https:\/\/olemosaic.com\/fr\/wp-json\/wp\/v2\/product_tag?post=32877"}],"curies":[{"name":"wp","href":"https:\/\/api.w.org\/{rel}","templated":true}]}}