{"id":32876,"date":"2025-02-20T23:34:44","date_gmt":"2025-02-20T22:34:44","guid":{"rendered":"http:\/\/olemosaic.com\/producto\/vaso-de-chupito-de-ceramica-barcelona-azul\/"},"modified":"2025-07-25T18:44:48","modified_gmt":"2025-07-25T16:44:48","slug":"verre-a-shot-en-ceramique-barcelone-bleu","status":"publish","type":"product","link":"https:\/\/olemosaic.com\/fr\/produit\/verre-a-shot-en-ceramique-barcelone-bleu\/","title":{"rendered":"Verre \u00e0 shot en c\u00e9ramique. Barcelone. Bleu."},"content":{"rendered":"<p>Ce verre \u00e0 shot en c\u00e9ramique est un souvenir vibrant qui capture l&rsquo;essence de Barcelone \u00e0 chaque gorg\u00e9e. Son design en c\u00e9ramique bleue ressort incroyablement, offrant un fond parfait pour les illustrations color\u00e9es qui ornent sa surface. Les monuments embl\u00e9matiques de la ville, tels que la Sagrada Familia et le Park G\u00fcell, sont repr\u00e9sent\u00e9s avec un style artistique qui refl\u00e8te la richesse culturelle et architecturale de Barcelone. Chaque d\u00e9tail des illustrations est soigneusement peint \u00e0 la main, ce qui garantit l&rsquo;authenticit\u00e9 et la singularit\u00e9 de chaque pi\u00e8ce.<\/p>\n<p>Le verre pr\u00e9sente une s\u00e9rie de mosa\u00efques \u00e9voquant le style moderniste de Gaud\u00ed, utilisant une palette de couleurs vibrantes comprenant des rouges, des verts, des jaunes et des bleus. Cette combinaison cr\u00e9e non seulement un attrait visuel impressionnant, mais symbolise \u00e9galement la joie et le dynamisme de la vie citadine. Id\u00e9al pour savourer un shot en toute occasion, ce verre devient un souvenir parfait de la magie de Barcelone.<\/p>\n<p>Chez Ol\u00e9 Mosaic, nous sommes experts dans la distribution en gros de souvenirs repr\u00e9sentatifs et authentiques, et ce verre \u00e0 shot en c\u00e9ramique est une excellente option pour les boutiques de cadeaux touristiques cherchant \u00e0 proposer des articles de qualit\u00e9. Ce n&rsquo;est pas seulement un cadeau id\u00e9al pour les touristes, mais aussi un beau rappel de la culture et de l&rsquo;art de Barcelone.<\/p>\n","protected":false},"excerpt":{"rendered":"<p>Verre \u00e0 shot en c\u00e9ramique d\u00e9cor\u00e9 d&rsquo;illustrations vibrantes des monuments embl\u00e9matiques de Barcelone. Ce verre attrayant pr\u00e9sente un design en c\u00e9ramique bleue avec des motifs color\u00e9s repr\u00e9sentant la Sagrada Familia, le Park G\u00fcell et d&rsquo;autres ic\u00f4nes architecturales de la ville. Chaque d\u00e9tail b\u00e9n\u00e9ficie d&rsquo;un design artisanal soign\u00e9, peint \u00e0 la main, soulignant la richesse culturelle de Barcelone et offrant un souvenir parfait de son charme unique. Id\u00e9al pour savourer un shot en toute occasion.<\/p>\n","protected":false},"featured_media":12092,"template":"","meta":{"_acf_changed":false},"product_brand":[],"product_cat":[814],"product_tag":[585],"class_list":{"0":"post-32876","1":"product","2":"type-product","3":"status-publish","4":"has-post-thumbnail","6":"product_cat-verres-a-shot","7":"product_tag-ceramique","8":"pa_ciudad-barcelona","9":"pa_pais-espana","11":"first","12":"instock","13":"shipping-taxable","14":"product-type-simple"},"acf":[],"_links":{"self":[{"href":"https:\/\/olemosaic.com\/fr\/wp-json\/wp\/v2\/product\/32876","targetHints":{"allow":["GET"]}}],"collection":[{"href":"https:\/\/olemosaic.com\/fr\/wp-json\/wp\/v2\/product"}],"about":[{"href":"https:\/\/olemosaic.com\/fr\/wp-json\/wp\/v2\/types\/product"}],"wp:featuredmedia":[{"embeddable":true,"href":"https:\/\/olemosaic.com\/fr\/wp-json\/wp\/v2\/media\/12092"}],"wp:attachment":[{"href":"https:\/\/olemosaic.com\/fr\/wp-json\/wp\/v2\/media?parent=32876"}],"wp:term":[{"taxonomy":"product_brand","embeddable":true,"href":"https:\/\/olemosaic.com\/fr\/wp-json\/wp\/v2\/product_brand?post=32876"},{"taxonomy":"product_cat","embeddable":true,"href":"https:\/\/olemosaic.com\/fr\/wp-json\/wp\/v2\/product_cat?post=32876"},{"taxonomy":"product_tag","embeddable":true,"href":"https:\/\/olemosaic.com\/fr\/wp-json\/wp\/v2\/product_tag?post=32876"}],"curies":[{"name":"wp","href":"https:\/\/api.w.org\/{rel}","templated":true}]}}