{"id":32865,"date":"2025-02-20T23:34:44","date_gmt":"2025-02-20T22:34:44","guid":{"rendered":"http:\/\/olemosaic.com\/producto\/vaso-de-chupito-de-ceramica-panoramica-barcelona-beige-2\/"},"modified":"2025-07-25T22:21:25","modified_gmt":"2025-07-25T20:21:25","slug":"verre-a-shot-en-ceramique-panoramique-barcelone-beige-2","status":"publish","type":"product","link":"https:\/\/olemosaic.com\/fr\/produit\/verre-a-shot-en-ceramique-panoramique-barcelone-beige-2\/","title":{"rendered":"Verre \u00e0 shot en c\u00e9ramique. Panoramique. Monument au Colomb. Barcelone. Beige."},"content":{"rendered":"<p>Ce shot en c\u00e9ramique est un souvenir authentique et vibrant de Barcelone, id\u00e9al pour ceux qui souhaitent emporter un morceau de la riche culture catalane. Avec un design attrayant dans les tons beiges, il pr\u00e9sente une vue panoramique \u00e0 l&rsquo;effet peint \u00e0 la main avec des illustrations iconiques telles que le Monument \u00e0 Colomb, entour\u00e9 de palmiers et d&rsquo;autres symboles repr\u00e9sentatifs de la ville. Le design en mosa\u00efque multicolore souligne l&rsquo;essence artistique de Barcelone, refl\u00e9tant son h\u00e9ritage architectural et culturel.<\/p>\n<p>Le bord rouge du verre ajoute une touche distinctive qui compl\u00e8te les repr\u00e9sentations color\u00e9es, faisant de cet article un souvenir unique et attrayant. Ce shot n&rsquo;est pas seulement fonctionnel, il agit \u00e9galement comme une pi\u00e8ce d\u00e9corative, parfaite pour \u00eatre expos\u00e9e dans n&rsquo;importe quelle maison ou pour offrir \u00e0 des amis et \u00e0 la famille.<\/p>\n<p>Chez Ol\u00e9 Mosaic, nous nous sp\u00e9cialisons dans la distribution de souvenirs en gros, et ce shot de Barcelone est un choix in\u00e9gal\u00e9 pour les boutiques de cadeaux touristiques cherchant \u00e0 proposer des produits ayant une signification culturelle. Avec sa touche artisanale et sa pertinence en tant que souvenir de la magnifique capitale catalane, ce verre devient un excellent cadeau pour les touristes qui cherchent \u00e0 ramener chez eux un morceau des traditions vibrantes et riches de l&rsquo;Espagne.<\/p>\n","protected":false},"excerpt":{"rendered":"<p>Verre \u00e0 shot en c\u00e9ramique avec une vue panoramique attrayante de Barcelone. Ce verre beige pr\u00e9sente des illustrations vibrantes de l&#8217;embl\u00e9matique Monument \u00e0 Colomb et d&rsquo;autres sc\u00e8nes iconiques de la ville, le tout orn\u00e9 d&rsquo;un design de mosa\u00efque multicolore. Peint avec un style artisanal, il arbore un bord rouge qui rehausse son esth\u00e9tique. Id\u00e9al pour se souvenir de vos voyages ou comme souvenir de la magnifique capitale catalane.<\/p>\n","protected":false},"featured_media":7703,"template":"","meta":{"_acf_changed":false},"product_brand":[],"product_cat":[814],"product_tag":[585],"class_list":{"0":"post-32865","1":"product","2":"type-product","3":"status-publish","4":"has-post-thumbnail","6":"product_cat-verres-a-shot","7":"product_tag-ceramique","8":"pa_ciudad-barcelona","9":"pa_motivo-panoramas","10":"pa_pais-espana","12":"first","13":"instock","14":"shipping-taxable","15":"product-type-simple"},"acf":[],"_links":{"self":[{"href":"https:\/\/olemosaic.com\/fr\/wp-json\/wp\/v2\/product\/32865","targetHints":{"allow":["GET"]}}],"collection":[{"href":"https:\/\/olemosaic.com\/fr\/wp-json\/wp\/v2\/product"}],"about":[{"href":"https:\/\/olemosaic.com\/fr\/wp-json\/wp\/v2\/types\/product"}],"wp:featuredmedia":[{"embeddable":true,"href":"https:\/\/olemosaic.com\/fr\/wp-json\/wp\/v2\/media\/7703"}],"wp:attachment":[{"href":"https:\/\/olemosaic.com\/fr\/wp-json\/wp\/v2\/media?parent=32865"}],"wp:term":[{"taxonomy":"product_brand","embeddable":true,"href":"https:\/\/olemosaic.com\/fr\/wp-json\/wp\/v2\/product_brand?post=32865"},{"taxonomy":"product_cat","embeddable":true,"href":"https:\/\/olemosaic.com\/fr\/wp-json\/wp\/v2\/product_cat?post=32865"},{"taxonomy":"product_tag","embeddable":true,"href":"https:\/\/olemosaic.com\/fr\/wp-json\/wp\/v2\/product_tag?post=32865"}],"curies":[{"name":"wp","href":"https:\/\/api.w.org\/{rel}","templated":true}]}}