{"id":32863,"date":"2025-02-20T23:34:43","date_gmt":"2025-02-20T22:34:43","guid":{"rendered":"http:\/\/olemosaic.com\/producto\/vaso-de-chupito-de-ceramica-panoramica-barcelona-beige\/"},"modified":"2025-07-25T19:08:35","modified_gmt":"2025-07-25T17:08:35","slug":"verre-a-shot-en-ceramique-panoramique-barcelone-beige","status":"publish","type":"product","link":"https:\/\/olemosaic.com\/fr\/produit\/verre-a-shot-en-ceramique-panoramique-barcelone-beige\/","title":{"rendered":"Verre \u00e0 shot en c\u00e9ramique. Panoramique. Barcelone. Beige."},"content":{"rendered":"<p>Ce petit verre \u00e0 shot en c\u00e9ramique est un authentique souvenir de Barcelone, con\u00e7u pour capturer l&rsquo;essence de cette ville vibrante. Avec une vue panoramique color\u00e9e illustrant l&#8217;embl\u00e9matique Sagrada Familia, chef-d&rsquo;\u0153uvre de l&rsquo;architecte Antoni Gaud\u00ed, et la c\u00e9l\u00e8bre sculpture en mosa\u00efque du Park G\u00fcell, ce verre pr\u00e9sente un design peint \u00e0 la main qui se distingue par ses illustrations d\u00e9taill\u00e9es et ses couleurs vibrantes. La base dans les tons beiges offre un contraste parfait, rehaussant les illustrations multicolores et l&rsquo;attrait du verre.<\/p>\n<p>Le texte \u00ab\u00a0Barcelona\u00a0\u00bb en haut, compl\u00e9t\u00e9 par d&rsquo;autres \u00e9l\u00e9ments iconiques de la ville, fait que ce verre ne sert pas seulement d&rsquo;ustensile fonctionnel, mais aussi de pi\u00e8ce d\u00e9corative qui \u00e9veillera de bons souvenirs d&rsquo;un voyage inoubliable. Ce petit verre \u00e0 shot est une excellente option pour les touristes \u00e0 la recherche d&rsquo;un souvenir repr\u00e9sentatif de leur visite et d&rsquo;un morceau de la riche culture catalane.<\/p>\n<p>Chez Ol\u00e9 Mosaic, nous nous sp\u00e9cialisons dans la distribution de souvenirs en gros, et ce petit verre \u00e0 shot en c\u00e9ramique est un choix id\u00e9al pour les boutiques de cadeaux touristiques souhaitant proposer des produits authentiques et de qualit\u00e9. Avec ce souvenir, les visiteurs pourront emporter un morceau de Barcelone chez eux, se rappelant la beaut\u00e9 et la cr\u00e9ativit\u00e9 qui caract\u00e9risent cette ville merveilleuse. En tant que grossistes de souvenirs, nous garantissons l&rsquo;authenticit\u00e9 et un design m\u00e9ticuleux sur chaque pi\u00e8ce.<\/p>\n","protected":false},"excerpt":{"rendered":"<p>Verre \u00e0 shot en c\u00e9ramique avec une vue panoramique color\u00e9e de Barcelone. Ce verre attrayant, de couleur beige, pr\u00e9sente un design artisanal, peint \u00e0 la main, qui inclut l&#8217;embl\u00e9matique Sagrada Familia et la c\u00e9l\u00e8bre mosa\u00efque de Gaud\u00ed du Parc G\u00fcell. D\u00e9cor\u00e9 du mot \u00ab\u00a0Barcelona\u00a0\u00bb et d&rsquo;autres \u00e9l\u00e9ments iconiques, il se distingue par ses couleurs vibrantes et ses illustrations d\u00e9taill\u00e9es, ce qui en fait un souvenir parfait de la ville.<\/p>\n","protected":false},"featured_media":7048,"template":"","meta":{"_acf_changed":false},"product_brand":[],"product_cat":[814],"product_tag":[585],"class_list":{"0":"post-32863","1":"product","2":"type-product","3":"status-publish","4":"has-post-thumbnail","6":"product_cat-verres-a-shot","7":"product_tag-ceramique","8":"pa_ciudad-barcelona","9":"pa_motivo-panoramas","10":"pa_pais-espana","12":"first","13":"instock","14":"shipping-taxable","15":"product-type-simple"},"acf":[],"_links":{"self":[{"href":"https:\/\/olemosaic.com\/fr\/wp-json\/wp\/v2\/product\/32863","targetHints":{"allow":["GET"]}}],"collection":[{"href":"https:\/\/olemosaic.com\/fr\/wp-json\/wp\/v2\/product"}],"about":[{"href":"https:\/\/olemosaic.com\/fr\/wp-json\/wp\/v2\/types\/product"}],"wp:featuredmedia":[{"embeddable":true,"href":"https:\/\/olemosaic.com\/fr\/wp-json\/wp\/v2\/media\/7048"}],"wp:attachment":[{"href":"https:\/\/olemosaic.com\/fr\/wp-json\/wp\/v2\/media?parent=32863"}],"wp:term":[{"taxonomy":"product_brand","embeddable":true,"href":"https:\/\/olemosaic.com\/fr\/wp-json\/wp\/v2\/product_brand?post=32863"},{"taxonomy":"product_cat","embeddable":true,"href":"https:\/\/olemosaic.com\/fr\/wp-json\/wp\/v2\/product_cat?post=32863"},{"taxonomy":"product_tag","embeddable":true,"href":"https:\/\/olemosaic.com\/fr\/wp-json\/wp\/v2\/product_tag?post=32863"}],"curies":[{"name":"wp","href":"https:\/\/api.w.org\/{rel}","templated":true}]}}