{"id":32861,"date":"2025-02-20T23:34:43","date_gmt":"2025-02-20T22:34:43","guid":{"rendered":"http:\/\/olemosaic.com\/producto\/vaso-de-chupito-de-ceramica-flores-blanco\/"},"modified":"2025-07-25T19:46:30","modified_gmt":"2025-07-25T17:46:30","slug":"verre-a-shot-en-ceramique-fleurs-blanc","status":"publish","type":"product","link":"https:\/\/olemosaic.com\/fr\/produit\/verre-a-shot-en-ceramique-fleurs-blanc\/","title":{"rendered":"Verre \u00e0 shot en c\u00e9ramique. Fleurs. Blanc."},"content":{"rendered":"<p>Ce verre \u00e0 shot en c\u00e9ramique d\u00e9cor\u00e9e est une repr\u00e9sentation vibrante de l&rsquo;art populaire espagnol, con\u00e7u pour capturer l&rsquo;essence de la tradition. Sa base blanche contraste avec un int\u00e9rieur rouge brillant, apportant une touche de chaleur et de joie. La surface du verre est orn\u00e9e d&rsquo;un motif floral complexe dans des tons bleus, jaunes et rouges, \u00e9voquant la beaut\u00e9 de la flore m\u00e9diterran\u00e9enne et le style mosa\u00efque caract\u00e9ristique de nombreuses r\u00e9gions d&rsquo;Espagne, particuli\u00e8rement en Andalousie. Chaque fleur est soulign\u00e9e par un trait noir subtil, ce qui rehausse les couleurs et leur conf\u00e8re un air de sophistication artistique.<\/p>\n<p>Ce verre n&rsquo;est pas seulement parfait pour servir des shots lors de c\u00e9l\u00e9brations, mais il fonctionne \u00e9galement comme un charmant \u00e9l\u00e9ment d\u00e9coratif qui apporte une touche festive \u00e0 n&rsquo;importe quel espace. La technique de peinture \u00e0 la main garantit que chaque pi\u00e8ce est unique, ce qui ajoute une valeur sp\u00e9ciale et une histoire \u00e0 chaque verre. Consid\u00e9r\u00e9 comme un souvenir repr\u00e9sentatif du folklore espagnol, ce verre \u00e0 shot est id\u00e9al pour les touristes qui cherchent \u00e0 emporter un souvenir authentique de leur visite. Chez Ol\u00e9 Mosaic, en tant que distributeur de souvenirs en gros, nous proposons ce produit comme une excellente option pour les entreprises \u00e0 la recherche d&rsquo;articles qui se distinguent par leur qualit\u00e9 et leur riche h\u00e9ritage culturel.<\/p>\n","protected":false},"excerpt":{"rendered":"<p>Verre \u00e0 shot en c\u00e9ramique d\u00e9cor\u00e9 de fleurs vibrantes dans un design de mosa\u00efque color\u00e9. Ce verre attrayant, avec un fond blanc et un int\u00e9rieur rouge, pr\u00e9sente une charmante combinaison de tons bleus, jaunes et rouges qui \u00e9voquent le style vibrant de l&rsquo;art populaire espagnol. Parfait pour servir des boissons lors de c\u00e9l\u00e9brations ou comme pi\u00e8ce d\u00e9corative, ce verre se distingue par sa technique de conception artisanale, peint \u00e0 la main, id\u00e9al pour ceux qui recherchent une touche joyeuse dans leur maison.<\/p>\n","protected":false},"featured_media":8923,"template":"","meta":{"_acf_changed":false},"product_brand":[],"product_cat":[814],"product_tag":[585],"class_list":{"0":"post-32861","1":"product","2":"type-product","3":"status-publish","4":"has-post-thumbnail","6":"product_cat-verres-a-shot","7":"product_tag-ceramique","8":"pa_motivo-fleurs","10":"first","11":"instock","12":"shipping-taxable","13":"product-type-simple"},"acf":[],"_links":{"self":[{"href":"https:\/\/olemosaic.com\/fr\/wp-json\/wp\/v2\/product\/32861","targetHints":{"allow":["GET"]}}],"collection":[{"href":"https:\/\/olemosaic.com\/fr\/wp-json\/wp\/v2\/product"}],"about":[{"href":"https:\/\/olemosaic.com\/fr\/wp-json\/wp\/v2\/types\/product"}],"wp:featuredmedia":[{"embeddable":true,"href":"https:\/\/olemosaic.com\/fr\/wp-json\/wp\/v2\/media\/8923"}],"wp:attachment":[{"href":"https:\/\/olemosaic.com\/fr\/wp-json\/wp\/v2\/media?parent=32861"}],"wp:term":[{"taxonomy":"product_brand","embeddable":true,"href":"https:\/\/olemosaic.com\/fr\/wp-json\/wp\/v2\/product_brand?post=32861"},{"taxonomy":"product_cat","embeddable":true,"href":"https:\/\/olemosaic.com\/fr\/wp-json\/wp\/v2\/product_cat?post=32861"},{"taxonomy":"product_tag","embeddable":true,"href":"https:\/\/olemosaic.com\/fr\/wp-json\/wp\/v2\/product_tag?post=32861"}],"curies":[{"name":"wp","href":"https:\/\/api.w.org\/{rel}","templated":true}]}}