{"id":32850,"date":"2025-02-20T22:34:43","date_gmt":"2025-02-20T22:34:43","guid":{"rendered":"http:\/\/olemosaic.com\/producto\/vaso-de-chupito-de-ceramica-punt-de-trobada-beige\/"},"modified":"2025-07-25T18:48:25","modified_gmt":"2025-07-25T16:48:25","slug":"verre-a-shot-en-ceramique-punt-de-trobada-beige","status":"publish","type":"product","link":"https:\/\/olemosaic.com\/fr\/produit\/verre-a-shot-en-ceramique-punt-de-trobada-beige\/","title":{"rendered":"Verre \u00e0 shot en c\u00e9ramique. Punt de trobada. Beige."},"content":{"rendered":"<p>Ce verre \u00e0 shot en c\u00e9ramique d\u00e9cor\u00e9e est une expression vibrante de l&rsquo;art moderne, inspir\u00e9e par le c\u00e9l\u00e8bre peintre espagnol Joan Mir\u00f3. Avec un \u00e9l\u00e9gant fond beige comme base, le verre se distingue par son design abstrait et \u00e9nergique, o\u00f9 des motifs en noir, rouge, bleu et vert s&rsquo;entrelacent dans une danse visuelle qui apporte une touche artistique \u00e0 chaque \u00e9v\u00e9nement. Les formes organiques et les motifs captivants rappellent l&rsquo;esth\u00e9tique du surr\u00e9alisme et du modernisme, faisant de ce verre un v\u00e9ritable hommage \u00e0 la riche tradition artistique espagnole.<\/p>\n<p>L&rsquo;int\u00e9rieur du verre est peint dans des couleurs vives, offrant un contraste frappant qui rehausse la beaut\u00e9 de son design ext\u00e9rieur. Id\u00e9al pour d\u00e9guster vos boissons pr\u00e9f\u00e9r\u00e9es, ce verre n&rsquo;est pas seulement un accessoire fonctionnel, mais aussi un souvenir impressionnant qui capture l&rsquo;essence culturelle des traditions espagnoles.<\/p>\n<p>Chez Ol\u00e9 Mosaic, nous sommes distributeurs de souvenirs authentiques, et ce verre \u00e0 shot est une excellente option pour les boutiques de cadeaux touristiques \u00e0 la recherche de produits uniques et de qualit\u00e9. Avec sa pertinence culturelle et son design artistique, ce verre devient le souvenir parfait pour ceux qui souhaitent emporter un morceau de la cr\u00e9ativit\u00e9 espagnole.<\/p>\n","protected":false},"excerpt":{"rendered":"<p>Verre \u00e0 shot en c\u00e9ramique d\u00e9cor\u00e9, capturant l&rsquo;essence de l&rsquo;art moderne avec un design vibrant et color\u00e9. Inspir\u00e9 par le style du peintre espagnol Joan Mir\u00f3, il pr\u00e9sente un fond beige orn\u00e9 de motifs abstraits en noir, rouge, bleu et vert, apportant une touche artistique \u00e0 n&rsquo;importe quel \u00e9v\u00e9nement. Chaque verre poss\u00e8de un int\u00e9rieur de couleur vive qui ajoute un contraste frappant, id\u00e9al pour d\u00e9guster vos boissons pr\u00e9f\u00e9r\u00e9es avec style.<\/p>\n","protected":false},"featured_media":10031,"template":"","meta":{"_acf_changed":false},"product_brand":[],"product_cat":[814],"product_tag":[585],"class_list":{"0":"post-32850","1":"product","2":"type-product","3":"status-publish","4":"has-post-thumbnail","6":"product_cat-verres-a-shot","7":"product_tag-ceramique","8":"pa_motivo-punt-de-trobada","10":"first","11":"instock","12":"shipping-taxable","13":"product-type-simple"},"acf":[],"_links":{"self":[{"href":"https:\/\/olemosaic.com\/fr\/wp-json\/wp\/v2\/product\/32850","targetHints":{"allow":["GET"]}}],"collection":[{"href":"https:\/\/olemosaic.com\/fr\/wp-json\/wp\/v2\/product"}],"about":[{"href":"https:\/\/olemosaic.com\/fr\/wp-json\/wp\/v2\/types\/product"}],"wp:featuredmedia":[{"embeddable":true,"href":"https:\/\/olemosaic.com\/fr\/wp-json\/wp\/v2\/media\/10031"}],"wp:attachment":[{"href":"https:\/\/olemosaic.com\/fr\/wp-json\/wp\/v2\/media?parent=32850"}],"wp:term":[{"taxonomy":"product_brand","embeddable":true,"href":"https:\/\/olemosaic.com\/fr\/wp-json\/wp\/v2\/product_brand?post=32850"},{"taxonomy":"product_cat","embeddable":true,"href":"https:\/\/olemosaic.com\/fr\/wp-json\/wp\/v2\/product_cat?post=32850"},{"taxonomy":"product_tag","embeddable":true,"href":"https:\/\/olemosaic.com\/fr\/wp-json\/wp\/v2\/product_tag?post=32850"}],"curies":[{"name":"wp","href":"https:\/\/api.w.org\/{rel}","templated":true}]}}