{"id":32849,"date":"2025-02-20T23:34:43","date_gmt":"2025-02-20T22:34:43","guid":{"rendered":"http:\/\/olemosaic.com\/producto\/vaso-de-chupito-de-ceramica-camino-de-santiago-beige\/"},"modified":"2025-07-25T19:03:46","modified_gmt":"2025-07-25T17:03:46","slug":"verre-a-shot-en-ceramique-chemin-de-compostelle-beige","status":"publish","type":"product","link":"https:\/\/olemosaic.com\/fr\/produit\/verre-a-shot-en-ceramique-chemin-de-compostelle-beige\/","title":{"rendered":"Verre \u00e0 shot en c\u00e9ramique. Chemin de Compostelle. Beige."},"content":{"rendered":"<p>Ce verre \u00e0 shot en c\u00e9ramique d\u00e9cor\u00e9e est un souvenir charmant qui c\u00e9l\u00e8bre l&rsquo;esprit du Chemin de Compostelle. Avec un design attrayant dans les tons beiges, le verre se distingue par ses illustrations color\u00e9es repr\u00e9sentant le p\u00e8lerin, la c\u00e9l\u00e8bre cath\u00e9drale de Saint-Jacques et l&#8217;embl\u00e9matique coquille, symbole de cette route de p\u00e8lerinage historique. Les d\u00e9tails m\u00e9ticuleusement peints \u00e0 la main lui donnent une touche artisanale, faisant de chaque pi\u00e8ce un article unique qui refl\u00e8te la richesse culturelle de la Galice.<\/p>\n<p>Sur une face, on peut voir la figure du p\u00e8lerin, qui invite les voyageurs \u00e0 rejoindre cette travers\u00e9e spirituelle, tandis que l&rsquo;imposante cath\u00e9drale de Saint-Jacques, reconnue comme patrimoine mondial, se dresse comme un symbole de d\u00e9votion et de communaut\u00e9. Au verso, la coquille, \u00e9l\u00e9ment distinctif des marcheurs du chemin, rappelle le lien de chaque voyageur avec cette tradition s\u00e9culaire. Le bord noir offre un contraste \u00e9l\u00e9gant qui fait ressortir davantage la palette de couleurs vibrantes.<\/p>\n<p>Id\u00e9al aussi bien pour prendre un shot que pour \u00eatre expos\u00e9 dans n&rsquo;importe quel espace, ce verre est un souvenir parfait pour ceux qui recherchent une pi\u00e8ce authentique capturant l&rsquo;essence du Chemin de Compostelle. Chez Ol\u00e9 Mosaic, nous proposons ce souvenir et d&rsquo;autres objets d\u00e9coratifs qui repr\u00e9sentent fid\u00e8lement le patrimoine espagnol, id\u00e9aux pour les boutiques de cadeaux touristiques \u00e0 la recherche de produits m\u00e9morables et charg\u00e9s d&rsquo;histoire.<\/p>\n","protected":false},"excerpt":{"rendered":"<p>Verre \u00e0 shot en c\u00e9ramique d\u00e9cor\u00e9, li\u00e9 au Chemin de Compostelle. Ce verre beige attrayant pr\u00e9sente des illustrations color\u00e9es repr\u00e9sentant le p\u00e8lerin et la c\u00e9l\u00e8bre cath\u00e9drale de Saint-Jacques, ainsi que l&#8217;embl\u00e9matique coquille du chemin. Avec des d\u00e9tails peints \u00e0 la main et un bord noir, c&rsquo;est un souvenir id\u00e9al pour se souvenir de cette route historique. Parfait pour prendre un shot ou comme pi\u00e8ce d\u00e9corative.<\/p>\n","protected":false},"featured_media":7357,"template":"","meta":{"_acf_changed":false},"product_brand":[],"product_cat":[814],"product_tag":[585],"class_list":{"0":"post-32849","1":"product","2":"type-product","3":"status-publish","4":"has-post-thumbnail","6":"product_cat-verres-a-shot","7":"product_tag-ceramique","8":"pa_ciudad-santiago-de-compostela","9":"pa_pais-espana","11":"first","12":"instock","13":"shipping-taxable","14":"product-type-simple"},"acf":[],"_links":{"self":[{"href":"https:\/\/olemosaic.com\/fr\/wp-json\/wp\/v2\/product\/32849","targetHints":{"allow":["GET"]}}],"collection":[{"href":"https:\/\/olemosaic.com\/fr\/wp-json\/wp\/v2\/product"}],"about":[{"href":"https:\/\/olemosaic.com\/fr\/wp-json\/wp\/v2\/types\/product"}],"wp:featuredmedia":[{"embeddable":true,"href":"https:\/\/olemosaic.com\/fr\/wp-json\/wp\/v2\/media\/7357"}],"wp:attachment":[{"href":"https:\/\/olemosaic.com\/fr\/wp-json\/wp\/v2\/media?parent=32849"}],"wp:term":[{"taxonomy":"product_brand","embeddable":true,"href":"https:\/\/olemosaic.com\/fr\/wp-json\/wp\/v2\/product_brand?post=32849"},{"taxonomy":"product_cat","embeddable":true,"href":"https:\/\/olemosaic.com\/fr\/wp-json\/wp\/v2\/product_cat?post=32849"},{"taxonomy":"product_tag","embeddable":true,"href":"https:\/\/olemosaic.com\/fr\/wp-json\/wp\/v2\/product_tag?post=32849"}],"curies":[{"name":"wp","href":"https:\/\/api.w.org\/{rel}","templated":true}]}}