{"id":32848,"date":"2025-02-20T22:34:43","date_gmt":"2025-02-20T22:34:43","guid":{"rendered":"http:\/\/olemosaic.com\/producto\/vaso-de-chupito-de-ceramica-valencia-blanco\/"},"modified":"2025-07-25T18:44:48","modified_gmt":"2025-07-25T16:44:48","slug":"verre-a-shot-en-ceramique-valence-blanc","status":"publish","type":"product","link":"https:\/\/olemosaic.com\/fr\/produit\/verre-a-shot-en-ceramique-valence-blanc\/","title":{"rendered":"Verre \u00e0 shot en c\u00e9ramique. Valence. Blanc."},"content":{"rendered":"<p>Ce verre \u00e0 shot en c\u00e9ramique d\u00e9cor\u00e9e est un charmant souvenir de Valence, con\u00e7u pour capturer l&rsquo;essence vibrante de cette magnifique ville. Il pr\u00e9sente une finition blanche \u00e9l\u00e9gante avec un int\u00e9rieur rouge lumineux, cr\u00e9ant un contraste visuel attrayant. Les illustrations incluent l&#8217;embl\u00e9matique Cit\u00e9 des Arts et des Sciences et l&rsquo;historique Loge de la Soie (Lonja de la Seda), toutes deux fondamentales dans l&rsquo;identit\u00e9 culturelle de Valence. Ces monuments sont entour\u00e9s de d\u00e9tails color\u00e9s en mosa\u00efque qui \u00e9voquent la riche tradition artistique de la r\u00e9gion.<\/p>\n<p>Ce verre, en plus d&rsquo;\u00eatre un objet fonctionnel, devient une pi\u00e8ce de collection qui rappelle des moments m\u00e9morables v\u00e9cus \u00e0 Valence. La c\u00e9ramique utilis\u00e9e garantit non seulement la durabilit\u00e9, mais refl\u00e8te \u00e9galement l&rsquo;authenticit\u00e9 des souvenirs typiques de la r\u00e9gion. Il est id\u00e9al pour les touristes \u00e0 la recherche d&rsquo;une mani\u00e8re sp\u00e9ciale de ramener un morceau de Valence chez eux, se souvenant de ses rues et de sa culture vibrante \u00e0 chaque gorg\u00e9e.<\/p>\n<p>Ol\u00e9 Mosaic est fier de distribuer des souvenirs en c\u00e9ramique de qualit\u00e9 en gros, parfaits pour les boutiques de cadeaux touristiques souhaitant proposer des produits authentiques de Valence. Ce verre \u00e0 shot est, sans aucun doute, une excellente option pour ceux qui appr\u00e9cient la fusion de la fonctionnalit\u00e9 et de la valeur culturelle dans un souvenir.<\/p>\n","protected":false},"excerpt":{"rendered":"<p>Verre \u00e0 shot en c\u00e9ramique d\u00e9cor\u00e9 de repr\u00e9sentations embl\u00e9matiques de Valence. Ce verre attrayant pr\u00e9sente un design blanc avec l&rsquo;int\u00e9rieur rouge, orn\u00e9 d&rsquo;illustrations de monuments tels que la Cit\u00e9 des Arts et des Sciences et la Loge de la Soie, entour\u00e9s de d\u00e9tails color\u00e9s en mosa\u00efque. Parfait pour capturer l&rsquo;essence de la ville, c&rsquo;est le souvenir id\u00e9al pour se rappeler des moments sp\u00e9ciaux \u00e0 Valence.<\/p>\n","protected":false},"featured_media":9878,"template":"","meta":{"_acf_changed":false},"product_brand":[],"product_cat":[814],"product_tag":[585],"class_list":{"0":"post-32848","1":"product","2":"type-product","3":"status-publish","4":"has-post-thumbnail","6":"product_cat-verres-a-shot","7":"product_tag-ceramique","8":"pa_ciudad-valencia","9":"pa_pais-espana","11":"first","12":"instock","13":"shipping-taxable","14":"product-type-simple"},"acf":[],"_links":{"self":[{"href":"https:\/\/olemosaic.com\/fr\/wp-json\/wp\/v2\/product\/32848","targetHints":{"allow":["GET"]}}],"collection":[{"href":"https:\/\/olemosaic.com\/fr\/wp-json\/wp\/v2\/product"}],"about":[{"href":"https:\/\/olemosaic.com\/fr\/wp-json\/wp\/v2\/types\/product"}],"wp:featuredmedia":[{"embeddable":true,"href":"https:\/\/olemosaic.com\/fr\/wp-json\/wp\/v2\/media\/9878"}],"wp:attachment":[{"href":"https:\/\/olemosaic.com\/fr\/wp-json\/wp\/v2\/media?parent=32848"}],"wp:term":[{"taxonomy":"product_brand","embeddable":true,"href":"https:\/\/olemosaic.com\/fr\/wp-json\/wp\/v2\/product_brand?post=32848"},{"taxonomy":"product_cat","embeddable":true,"href":"https:\/\/olemosaic.com\/fr\/wp-json\/wp\/v2\/product_cat?post=32848"},{"taxonomy":"product_tag","embeddable":true,"href":"https:\/\/olemosaic.com\/fr\/wp-json\/wp\/v2\/product_tag?post=32848"}],"curies":[{"name":"wp","href":"https:\/\/api.w.org\/{rel}","templated":true}]}}