{"id":32847,"date":"2025-02-20T22:34:42","date_gmt":"2025-02-20T22:34:42","guid":{"rendered":"http:\/\/olemosaic.com\/producto\/vaso-de-chupito-de-ceramica-salamandra-y-flores-barcelona-blanco\/"},"modified":"2025-07-25T18:37:38","modified_gmt":"2025-07-25T16:37:38","slug":"verre-a-shot-en-ceramique-salamandre-et-fleurs-barcelone-blanc","status":"publish","type":"product","link":"https:\/\/olemosaic.com\/fr\/produit\/verre-a-shot-en-ceramique-salamandre-et-fleurs-barcelone-blanc\/","title":{"rendered":"Verre \u00e0 shot en c\u00e9ramique. Salamandre et fleurs. Barcelone. Blanc."},"content":{"rendered":"<p>Ce verre \u00e0 shot en c\u00e9ramique, d\u00e9cor\u00e9 de motifs vibrants de salamandres et de fleurs, est une authentique repr\u00e9sentation de l&rsquo;esth\u00e9tique color\u00e9e de Barcelone. Avec un fond blanc qui rehausse ses graphismes percutants, le design du verre est inspir\u00e9 de la c\u00e9l\u00e8bre mosa\u00efque de Gaud\u00ed, montrant une salamandre dans les tons bleus et une autre en rouge, entour\u00e9es de diverses fleurs aux couleurs vives qui \u00e9voquent la joie et la vitalit\u00e9 de la ville. Le mot \u00ab\u00a0Barcelona\u00a0\u00bb appara\u00eet de mani\u00e8re artistique, s&rsquo;int\u00e9grant harmonieusement au reste de la d\u00e9coration et ajoutant une touche distinctive qui certifie sa connexion avec cette m\u00e9tropole embl\u00e9matique.<\/p>\n<p>Ce verre n&rsquo;est pas seulement id\u00e9al pour d\u00e9guster un shot, il sert \u00e9galement de magnifique souvenir permettant aux touristes de revivre l&rsquo;exp\u00e9rience de la beaut\u00e9 catalane \u00e0 chaque utilisation. Son design unique et la qualit\u00e9 de sa c\u00e9ramique en font un souvenir parfait pour ceux qui souhaitent ramener un petit morceau de Barcelone chez eux. Chez Ol\u00e9 Mosaic, nous nous sp\u00e9cialisons dans la distribution de souvenirs en gros, et ce verre \u00e0 shot est une excellente option pour les boutiques de cadeaux touristiques souhaitant proposer des produits authentiques et repr\u00e9sentatifs de la culture espagnole. Alliant fonctionnalit\u00e9 et valeur culturelle, ce verre \u00e0 shot encapsule l&rsquo;essence de Barcelone et garantit que chaque gorg\u00e9e soit une c\u00e9l\u00e9bration de son riche h\u00e9ritage.<\/p>\n","protected":false},"excerpt":{"rendered":"<p>Verre \u00e0 shot en c\u00e9ramique d\u00e9cor\u00e9 de motifs vibrants de salamandres et de fleurs, inspir\u00e9 de l&rsquo;esth\u00e9tique color\u00e9e de Barcelone. Le verre pr\u00e9sente un fond blanc avec un \u00e9l\u00e9gant design en mosa\u00efque, o\u00f9 se distinguent une salamandre bleue et une rouge, accompagn\u00e9es de diverses fleurs aux couleurs vives. Le mot \u00ab\u00a0Barcelona\u00a0\u00bb appara\u00eet de fa\u00e7on artistique, ajoutant une touche distinctive et repr\u00e9sentative de la ville. Parfait pour savourer un shot et se souvenir de la beaut\u00e9 catalane.<\/p>\n","protected":false},"featured_media":8069,"template":"","meta":{"_acf_changed":false},"product_brand":[],"product_cat":[814],"product_tag":[530,585],"class_list":{"0":"post-32847","1":"product","2":"type-product","3":"status-publish","4":"has-post-thumbnail","6":"product_cat-verres-a-shot","7":"product_tag-animaux","8":"product_tag-ceramique","9":"pa_ciudad-barcelona","10":"pa_motivo-salamandres","11":"pa_pais-espana","13":"first","14":"instock","15":"shipping-taxable","16":"product-type-simple"},"acf":[],"_links":{"self":[{"href":"https:\/\/olemosaic.com\/fr\/wp-json\/wp\/v2\/product\/32847","targetHints":{"allow":["GET"]}}],"collection":[{"href":"https:\/\/olemosaic.com\/fr\/wp-json\/wp\/v2\/product"}],"about":[{"href":"https:\/\/olemosaic.com\/fr\/wp-json\/wp\/v2\/types\/product"}],"wp:featuredmedia":[{"embeddable":true,"href":"https:\/\/olemosaic.com\/fr\/wp-json\/wp\/v2\/media\/8069"}],"wp:attachment":[{"href":"https:\/\/olemosaic.com\/fr\/wp-json\/wp\/v2\/media?parent=32847"}],"wp:term":[{"taxonomy":"product_brand","embeddable":true,"href":"https:\/\/olemosaic.com\/fr\/wp-json\/wp\/v2\/product_brand?post=32847"},{"taxonomy":"product_cat","embeddable":true,"href":"https:\/\/olemosaic.com\/fr\/wp-json\/wp\/v2\/product_cat?post=32847"},{"taxonomy":"product_tag","embeddable":true,"href":"https:\/\/olemosaic.com\/fr\/wp-json\/wp\/v2\/product_tag?post=32847"}],"curies":[{"name":"wp","href":"https:\/\/api.w.org\/{rel}","templated":true}]}}