{"id":32846,"date":"2025-02-20T23:34:42","date_gmt":"2025-02-20T22:34:42","guid":{"rendered":"http:\/\/olemosaic.com\/producto\/vaso-de-chupito-de-ceramica-bogavante-blanco\/"},"modified":"2025-07-25T18:45:40","modified_gmt":"2025-07-25T16:45:40","slug":"verre-a-shot-en-ceramique-homard-blanc","status":"publish","type":"product","link":"https:\/\/olemosaic.com\/fr\/produit\/verre-a-shot-en-ceramique-homard-blanc\/","title":{"rendered":"Verre \u00e0 shot en c\u00e9ramique. Homard. Blanc."},"content":{"rendered":"<p>Ce petit verre \u00e0 shot en c\u00e9ramique, d\u00e9cor\u00e9 de homards vibrants, est un hommage \u00e0 la riche tradition gastronomique marine de la c\u00f4te espagnole. Avec un fond blanc orn\u00e9 de d\u00e9tails bleut\u00e9s complexes, le verre pr\u00e9sente un design joyeux et color\u00e9 qui capture l&rsquo;essence du littoral et de ses d\u00e9lices. Les homards, peints \u00e0 la main avec des teintes vives comme le rouge, le jaune et le vert, \u00e9voquent la fra\u00eecheur de la mer et la joie de savourer de bons verres en compagnie.<\/p>\n<p>L&rsquo;int\u00e9rieur du verre est d&rsquo;un rouge \u00e9clatant, cr\u00e9ant un contraste parfait avec l&rsquo;ext\u00e9rieur, ce qui ajoute une touche de sophistication et de festivit\u00e9 \u00e0 n&rsquo;importe quelle table. Ce petit verre n&rsquo;est pas seulement id\u00e9al pour d\u00e9guster un shot lors de c\u00e9l\u00e9brations et de r\u00e9unions, mais il fait \u00e9galement office de bel objet d\u00e9coratif qui rappelle aux visiteurs la culture culinaire de la r\u00e9gion.<\/p>\n<p>En tant qu&rsquo;authentique souvenir, ce verre \u00e0 shot symbolise le lien avec les traditions maritimes, devenant un souvenir repr\u00e9sentatif des excursions le long de la c\u00f4te. Chez Ol\u00e9 Mosaic, en tant que grossiste d&rsquo;articles en c\u00e9ramique, nous proposons des produits qui ne sont pas seulement fonctionnels, mais qui c\u00e9l\u00e8brent \u00e9galement la richesse culturelle de l&rsquo;Espagne. Ce petit verre aux homards est un choix parfait pour les boutiques de cadeaux touristiques cherchant \u00e0 offrir \u00e0 leurs clients des souvenirs authentiques et de haute qualit\u00e9.<\/p>\n","protected":false},"excerpt":{"rendered":"<p>Verre \u00e0 shot en c\u00e9ramique d\u00e9cor\u00e9 de homards joyeux, \u00e9voquant la riche gastronomie marine de la r\u00e9gion. Ce design charmant pr\u00e9sente un fond blanc avec des d\u00e9tails bleut\u00e9s et un int\u00e9rieur rouge brillant. Les homards, peints \u00e0 la main avec des couleurs vives, capturent l&rsquo;essence de la mer et de la tradition culinaire. Id\u00e9al pour savourer un shot lors de toute c\u00e9l\u00e9bration, \u00e9voquant la c\u00f4te et ses d\u00e9lices.<\/p>\n","protected":false},"featured_media":9474,"template":"","meta":{"_acf_changed":false},"product_brand":[],"product_cat":[814],"product_tag":[530,585],"class_list":{"0":"post-32846","1":"product","2":"type-product","3":"status-publish","4":"has-post-thumbnail","6":"product_cat-verres-a-shot","7":"product_tag-animaux","8":"product_tag-ceramique","9":"pa_motivo-homards","11":"first","12":"instock","13":"shipping-taxable","14":"product-type-simple"},"acf":[],"_links":{"self":[{"href":"https:\/\/olemosaic.com\/fr\/wp-json\/wp\/v2\/product\/32846","targetHints":{"allow":["GET"]}}],"collection":[{"href":"https:\/\/olemosaic.com\/fr\/wp-json\/wp\/v2\/product"}],"about":[{"href":"https:\/\/olemosaic.com\/fr\/wp-json\/wp\/v2\/types\/product"}],"wp:featuredmedia":[{"embeddable":true,"href":"https:\/\/olemosaic.com\/fr\/wp-json\/wp\/v2\/media\/9474"}],"wp:attachment":[{"href":"https:\/\/olemosaic.com\/fr\/wp-json\/wp\/v2\/media?parent=32846"}],"wp:term":[{"taxonomy":"product_brand","embeddable":true,"href":"https:\/\/olemosaic.com\/fr\/wp-json\/wp\/v2\/product_brand?post=32846"},{"taxonomy":"product_cat","embeddable":true,"href":"https:\/\/olemosaic.com\/fr\/wp-json\/wp\/v2\/product_cat?post=32846"},{"taxonomy":"product_tag","embeddable":true,"href":"https:\/\/olemosaic.com\/fr\/wp-json\/wp\/v2\/product_tag?post=32846"}],"curies":[{"name":"wp","href":"https:\/\/api.w.org\/{rel}","templated":true}]}}