{"id":32835,"date":"2025-02-20T23:34:42","date_gmt":"2025-02-20T22:34:42","guid":{"rendered":"http:\/\/olemosaic.com\/producto\/vaso-de-chupito-de-ceramica-marbella-azul\/"},"modified":"2025-07-25T19:51:45","modified_gmt":"2025-07-25T17:51:45","slug":"verre-a-shot-en-ceramique-marbella-bleu","status":"publish","type":"product","link":"https:\/\/olemosaic.com\/fr\/produit\/verre-a-shot-en-ceramique-marbella-bleu\/","title":{"rendered":"Verre \u00e0 shot en c\u00e9ramique. Marbella. Bleu."},"content":{"rendered":"<p>Ce verre \u00e0 shot en c\u00e9ramique, d\u00e9cor\u00e9 d&rsquo;une repr\u00e9sentation vibrante de Marbella, est le souvenir parfait pour se rem\u00e9morer la beaut\u00e9 de cette ville magnifique. Avec un design color\u00e9 illustrant le c\u00e9l\u00e8bre panneau de Marbella, le verre est une pi\u00e8ce distinctive qui capture l&rsquo;essence du lieu. Cet accessoire attrayant est entour\u00e9 de sc\u00e8nes pittoresques \u00e9voquant les rues joyeuses d&rsquo;Andalousie, avec des terrasses, des fontaines et des arbres qui apportent un air frais et accueillant. Fabriqu\u00e9 en c\u00e9ramique de haute qualit\u00e9, le verre pr\u00e9sente une finition brillante dans les tons bleus, qui non seulement souligne son attrait visuel, mais en fait \u00e9galement un objet id\u00e9al pour d\u00e9guster un shot en toute occasion.<\/p>\n<p>Les d\u00e9tails en mosa\u00efque qui ornent le verre sont un hommage \u00e0 la riche tradition artistique de la r\u00e9gion, rendant hommage \u00e0 l&rsquo;architecture typique andalouse qui caract\u00e9rise Marbella. Ce verre n&rsquo;est pas un simple ustensile, mais un v\u00e9ritable souvenir culturel qui repr\u00e9sente la chaleur et le charme de la Costa del Sol. Chez Ol\u00e9 Mosaic, sp\u00e9cialistes de la distribution de souvenirs en gros, nous proposons ce verre \u00e0 shot comme une excellente option pour les boutiques de cadeaux touristiques \u00e0 la recherche de produits authentiques et significatifs. Apportez une touche de Marbella \u00e0 votre collection de souvenirs et offrez \u00e0 vos clients un morceau de la riche culture andalouse avec ce verre en c\u00e9ramique, un incontournable pour ceux qui cherchent \u00e0 emporter un souvenir sp\u00e9cial de leur visite.<\/p>\n","protected":false},"excerpt":{"rendered":"<p>Verre \u00e0 shot en c\u00e9ramique d\u00e9cor\u00e9 d&rsquo;une repr\u00e9sentation vibrante de Marbella. Ce verre attrayant pr\u00e9sente un design color\u00e9 illustrant le c\u00e9l\u00e8bre panneau de la ville, entour\u00e9 de sc\u00e8nes pittoresques de rues avec terrasses, fontaines et arbres. Fabriqu\u00e9 en c\u00e9ramique, il arbore une finition brillante dans les tons bleus et des d\u00e9tails en mosa\u00efque, \u00e9voquant le charme et l&rsquo;architecture typiques de l&rsquo;Andalousie. Id\u00e9al comme souvenir ou pour d\u00e9guster un shot.<\/p>\n","protected":false},"featured_media":9915,"template":"","meta":{"_acf_changed":false},"product_brand":[],"product_cat":[814],"product_tag":[585],"class_list":{"0":"post-32835","1":"product","2":"type-product","3":"status-publish","4":"has-post-thumbnail","6":"product_cat-verres-a-shot","7":"product_tag-ceramique","8":"pa_ciudad-marbella","9":"pa_pais-espana","11":"first","12":"instock","13":"shipping-taxable","14":"product-type-simple"},"acf":[],"_links":{"self":[{"href":"https:\/\/olemosaic.com\/fr\/wp-json\/wp\/v2\/product\/32835","targetHints":{"allow":["GET"]}}],"collection":[{"href":"https:\/\/olemosaic.com\/fr\/wp-json\/wp\/v2\/product"}],"about":[{"href":"https:\/\/olemosaic.com\/fr\/wp-json\/wp\/v2\/types\/product"}],"wp:featuredmedia":[{"embeddable":true,"href":"https:\/\/olemosaic.com\/fr\/wp-json\/wp\/v2\/media\/9915"}],"wp:attachment":[{"href":"https:\/\/olemosaic.com\/fr\/wp-json\/wp\/v2\/media?parent=32835"}],"wp:term":[{"taxonomy":"product_brand","embeddable":true,"href":"https:\/\/olemosaic.com\/fr\/wp-json\/wp\/v2\/product_brand?post=32835"},{"taxonomy":"product_cat","embeddable":true,"href":"https:\/\/olemosaic.com\/fr\/wp-json\/wp\/v2\/product_cat?post=32835"},{"taxonomy":"product_tag","embeddable":true,"href":"https:\/\/olemosaic.com\/fr\/wp-json\/wp\/v2\/product_tag?post=32835"}],"curies":[{"name":"wp","href":"https:\/\/api.w.org\/{rel}","templated":true}]}}