{"id":32834,"date":"2025-02-20T23:34:42","date_gmt":"2025-02-20T22:34:42","guid":{"rendered":"http:\/\/olemosaic.com\/producto\/vaso-de-chupito-de-ceramica-bailaora-madrid-beige-2\/"},"modified":"2025-07-25T18:35:43","modified_gmt":"2025-07-25T16:35:43","slug":"verre-a-shot-en-ceramique-danseuse-flamenco-madrid-beige-fr","status":"publish","type":"product","link":"https:\/\/olemosaic.com\/fr\/produit\/verre-a-shot-en-ceramique-danseuse-flamenco-madrid-beige-fr\/","title":{"rendered":"Verre \u00e0 shot en c\u00e9ramique. Danseuse de flamenco. Art Flamenco. Madrid. Beige."},"content":{"rendered":"<p>Ce verre \u00e0 shot en c\u00e9ramique, d\u00e9cor\u00e9 d&rsquo;une danseuse de flamenco vibrante, est une repr\u00e9sentation authentique et charmante de la culture madril\u00e8ne. Avec un design peint \u00e0 la main, ce verre attrayant dans les tons beiges montre une danseuse v\u00eatue du costume rouge \u00e0 volants caract\u00e9ristique, orn\u00e9 de pois blancs qui \u00e9voquent la tradition flamenca. La figure de la danseuse, qui tient avec gr\u00e2ce des castagnettes, repr\u00e9sente non seulement la passion pour la danse, mais aussi l&rsquo;\u00e9nergie vive de l&rsquo;art flamenco qui bat au c\u0153ur de Madrid.<\/p>\n<p>Le verre pr\u00e9sente le mot \u00ab\u00a0MADRID\u00a0\u00bb dans une typographie joyeuse, qui compl\u00e8te la sc\u00e8ne et ajoute une touche festive. Les d\u00e9tails soigneusement \u00e9labor\u00e9s de la tenue de la danseuse, ainsi que l&rsquo;utilisation de couleurs vibrantes, font de ce verre non seulement un objet fonctionnel, mas aussi un v\u00e9ritable objet de collection. Ce verre \u00e0 shot est id\u00e9al pour ceux qui recherchent des souvenirs de qualit\u00e9 et de pertinence culturelle, capturant l&rsquo;essence de l&rsquo;une des villes les plus embl\u00e9matiques d&rsquo;Espagne.<\/p>\n<p>Chez Ol\u00e9 Mosaic, nous sommes fiers d&rsquo;offrir \u00e0 nos clients des produits authentiques et artisanaux. Ce verre \u00e0 shot en c\u00e9ramique est une excellente option pour les boutiques de cadeaux touristiques souhaitant proposer des souvenirs de Madrid qui mettent en valeur la richesse et la diversit\u00e9 de son patrimoine culturel. En tant que grossistes en souvenirs, nous garantissons que chaque pi\u00e8ce, comme ce verre flamenco, allie art, fonctionnalit\u00e9 et authenticit\u00e9, en faisant un souvenir inoubliable pour les visiteurs de la capitale espagnole.<\/p>\n","protected":false},"excerpt":{"rendered":"<p>Verre \u00e0 shot en c\u00e9ramique d\u00e9cor\u00e9 d&rsquo;une danseuse de flamenco vibrante, repr\u00e9sentant Madrid. Ce verre attrayant dans les tons beiges pr\u00e9sente un design artisanal, peint \u00e0 la main, avec des d\u00e9tails rouges \u00e9voquant le costume \u00e0 volants caract\u00e9ristique de la danseuse. Le mot \u00ab\u00a0MADRID\u00a0\u00bb est imprim\u00e9 dans des couleurs joyeuses, compl\u00e9tant la sc\u00e8ne. Id\u00e9al pour les collectionneurs ou comme souvenir, ce verre allie art et tradition espagnole dans une pi\u00e8ce fonctionnelle.<\/p>\n","protected":false},"featured_media":7058,"template":"","meta":{"_acf_changed":false},"product_brand":[],"product_cat":[814],"product_tag":[585],"class_list":{"0":"post-32834","1":"product","2":"type-product","3":"status-publish","4":"has-post-thumbnail","6":"product_cat-verres-a-shot","7":"product_tag-ceramique","8":"pa_ciudad-madrid","9":"pa_motivo-danseurs","10":"pa_pais-espana","12":"first","13":"instock","14":"shipping-taxable","15":"product-type-simple"},"acf":[],"_links":{"self":[{"href":"https:\/\/olemosaic.com\/fr\/wp-json\/wp\/v2\/product\/32834","targetHints":{"allow":["GET"]}}],"collection":[{"href":"https:\/\/olemosaic.com\/fr\/wp-json\/wp\/v2\/product"}],"about":[{"href":"https:\/\/olemosaic.com\/fr\/wp-json\/wp\/v2\/types\/product"}],"wp:featuredmedia":[{"embeddable":true,"href":"https:\/\/olemosaic.com\/fr\/wp-json\/wp\/v2\/media\/7058"}],"wp:attachment":[{"href":"https:\/\/olemosaic.com\/fr\/wp-json\/wp\/v2\/media?parent=32834"}],"wp:term":[{"taxonomy":"product_brand","embeddable":true,"href":"https:\/\/olemosaic.com\/fr\/wp-json\/wp\/v2\/product_brand?post=32834"},{"taxonomy":"product_cat","embeddable":true,"href":"https:\/\/olemosaic.com\/fr\/wp-json\/wp\/v2\/product_cat?post=32834"},{"taxonomy":"product_tag","embeddable":true,"href":"https:\/\/olemosaic.com\/fr\/wp-json\/wp\/v2\/product_tag?post=32834"}],"curies":[{"name":"wp","href":"https:\/\/api.w.org\/{rel}","templated":true}]}}