{"id":32833,"date":"2025-02-20T22:34:42","date_gmt":"2025-02-20T22:34:42","guid":{"rendered":"http:\/\/olemosaic.com\/producto\/vaso-de-chupito-de-ceramica-mosaico-blanco\/"},"modified":"2025-07-25T18:44:46","modified_gmt":"2025-07-25T16:44:46","slug":"verre-a-shot-en-ceramique-mosaique-blanc","status":"publish","type":"product","link":"https:\/\/olemosaic.com\/fr\/produit\/verre-a-shot-en-ceramique-mosaique-blanc\/","title":{"rendered":"Verre \u00e0 shot en c\u00e9ramique. Mosa\u00efque. Blanc."},"content":{"rendered":"<p>Ce verre \u00e0 shot en c\u00e9ramique, d\u00e9cor\u00e9 d&rsquo;une mosa\u00efque de couleurs vibrantes, capture l&rsquo;essence de l&rsquo;art c\u00e9ramique espagnol. Son design pr\u00e9sente une s\u00e9rie de motifs g\u00e9om\u00e9triques dans une palette de couleurs chaudes et joyeuses : oranges, bleus et rouges, qui se combinent harmonieusement pour offrir une repr\u00e9sentation stylis\u00e9e de la tradition artisanale de l&rsquo;Espagne. Le verre poss\u00e8de une finition brillante qui souligne les d\u00e9tails complexes de chaque mosa\u00efque, tandis que son int\u00e9rieur, d&rsquo;un rouge \u00e9clatant, ajoute une touche de fra\u00eecheur et de vitalit\u00e9. Cette pi\u00e8ce fonctionnelle est id\u00e9ale pour d\u00e9guster un shot lors de c\u00e9l\u00e9brations et de r\u00e9unions, et sert \u00e9galement d&rsquo;\u00e9l\u00e9ment d\u00e9coratif attrayant, apportant une touche de joie et de folklore \u00e0 n&rsquo;importe quel foyer.<\/p>\n<p>La richesse culturelle de la mosa\u00efque remonte \u00e0 diverses traditions de r\u00e9gions comme l&rsquo;Andalousie et Valence, o\u00f9 la c\u00e9ramique est impr\u00e9gn\u00e9e d&rsquo;histoire et de cr\u00e9ativit\u00e9. Ce verre \u00e0 shot est donc un excellent souvenir qui repr\u00e9sente le meilleur de l&rsquo;artisanat espagnol, devenant un souvenir parfait pour les touristes souhaitant emporter un morceau de la culture ib\u00e9rique. Chez Ol\u00e9 Mosaic, en tant que grossistes en souvenirs, nous proposons ce verre en c\u00e9ramique authentique qui s\u00e9duira sans aucun doute les clients des boutiques de cadeaux touristiques \u00e0 la recherche de produits uniques et de qualit\u00e9.<\/p>\n","protected":false},"excerpt":{"rendered":"<p>Verre \u00e0 shot en c\u00e9ramique d\u00e9cor\u00e9 d&rsquo;une mosa\u00efque de couleurs vibrantes. Cet article pr\u00e9sente une gamme de motifs g\u00e9om\u00e9triques en orange, bleu et rouge, \u00e9voquant la tradition artisanale de la c\u00e9ramique espagnole. Avec une finition brillante et des d\u00e9tails complexes, le verre poss\u00e8de un int\u00e9rieur d&rsquo;un rouge frappant. Parfait pour d\u00e9guster un shot lors de c\u00e9l\u00e9brations ou comme pi\u00e8ce d\u00e9corative, il ajoute une touche de joie et de folklore \u00e0 n&rsquo;importe quel foyer.<\/p>\n","protected":false},"featured_media":8924,"template":"","meta":{"_acf_changed":false},"product_brand":[],"product_cat":[814],"product_tag":[585],"class_list":{"0":"post-32833","1":"product","2":"type-product","3":"status-publish","4":"has-post-thumbnail","6":"product_cat-verres-a-shot","7":"product_tag-ceramique","8":"pa_motivo-mosaique","10":"first","11":"instock","12":"shipping-taxable","13":"product-type-simple"},"acf":[],"_links":{"self":[{"href":"https:\/\/olemosaic.com\/fr\/wp-json\/wp\/v2\/product\/32833","targetHints":{"allow":["GET"]}}],"collection":[{"href":"https:\/\/olemosaic.com\/fr\/wp-json\/wp\/v2\/product"}],"about":[{"href":"https:\/\/olemosaic.com\/fr\/wp-json\/wp\/v2\/types\/product"}],"wp:featuredmedia":[{"embeddable":true,"href":"https:\/\/olemosaic.com\/fr\/wp-json\/wp\/v2\/media\/8924"}],"wp:attachment":[{"href":"https:\/\/olemosaic.com\/fr\/wp-json\/wp\/v2\/media?parent=32833"}],"wp:term":[{"taxonomy":"product_brand","embeddable":true,"href":"https:\/\/olemosaic.com\/fr\/wp-json\/wp\/v2\/product_brand?post=32833"},{"taxonomy":"product_cat","embeddable":true,"href":"https:\/\/olemosaic.com\/fr\/wp-json\/wp\/v2\/product_cat?post=32833"},{"taxonomy":"product_tag","embeddable":true,"href":"https:\/\/olemosaic.com\/fr\/wp-json\/wp\/v2\/product_tag?post=32833"}],"curies":[{"name":"wp","href":"https:\/\/api.w.org\/{rel}","templated":true}]}}