{"id":32832,"date":"2025-02-20T22:34:42","date_gmt":"2025-02-20T22:34:42","guid":{"rendered":"http:\/\/olemosaic.com\/producto\/vaso-de-chupito-de-ceramica-flores-barcelona-blanco\/"},"modified":"2025-07-25T18:40:47","modified_gmt":"2025-07-25T16:40:47","slug":"verre-a-shot-en-ceramique-fleurs-barcelone-blanc","status":"publish","type":"product","link":"https:\/\/olemosaic.com\/fr\/produit\/verre-a-shot-en-ceramique-fleurs-barcelone-blanc\/","title":{"rendered":"Verre \u00e0 shot en c\u00e9ramique. Fleurs. Barcelone. Blanc."},"content":{"rendered":"<p>Ce verre \u00e0 shot en c\u00e9ramique, d\u00e9cor\u00e9 d&rsquo;un motif floral vibrant, \u00e9voque l&rsquo;essence de Barcelone, ce qui en fait le souvenir id\u00e9al pour se rem\u00e9morer la beaut\u00e9 de cette ville embl\u00e9matique. Avec une finition blanche qui souligne son int\u00e9rieur orange brillant, chaque verre pr\u00e9sente un motif de mosa\u00efque \u00e9labor\u00e9 combinant des couleurs intenses comme le rouge, le bleu et le jaune, refl\u00e9tant l&rsquo;ornementation caract\u00e9ristique de la ville. Le texte \u00ab Barcelone \u00bb est imprim\u00e9 dans un style moderne, ajoutant une touche contemporaine \u00e0 ce souvenir classique.<\/p>\n<p>Le design du verre est inspir\u00e9 du c\u00e9l\u00e8bre Parc G\u00fcell d&rsquo;Antoni Gaud\u00ed, une ic\u00f4ne du modernisme catalan, o\u00f9 les mosa\u00efques en c\u00e9ramique cr\u00e9ent une atmosph\u00e8re de fantaisie et de cr\u00e9ativit\u00e9. Ce verre n&rsquo;est pas seulement parfait pour d\u00e9guster des shots lors de c\u00e9l\u00e9brations, il peut \u00e9galement servir d&rsquo;\u00e9l\u00e9ment d\u00e9coratif attrayant pour n&rsquo;importe quel int\u00e9rieur.<\/p>\n<p>Chez Ol\u00e9 Mosaic, nous sommes sp\u00e9cialis\u00e9s dans la distribution de souvenirs en gros, proposant des articles authentiques qui repr\u00e9sentent la culture espagnole. Ce verre \u00e0 shot en c\u00e9ramique de Barcelone est une excellente option pour les boutiques de cadeaux touristiques \u00e0 la recherche de souvenirs de qualit\u00e9 et de sens culturel. En choisissant nos produits, vous garantissez \u00e0 vos clients un souvenir authentique et repr\u00e9sentatif de leur visite dans cette ville merveilleuse.<\/p>\n","protected":false},"excerpt":{"rendered":"<p>Verre \u00e0 shot en c\u00e9ramique d\u00e9cor\u00e9 d&rsquo;un motif floral vibrant qui \u00e9voque l&rsquo;essence de Barcelone. Ce verre attrayant, avec sa finition blanche et son int\u00e9rieur orange, pr\u00e9sente un motif de mosa\u00efque \u00e9labor\u00e9 en rouge, bleu et jaune, capturant l&rsquo;ornementation caract\u00e9ristique de la ville. Avec le texte \u00ab\u00a0Barcelone\u00a0\u00bb imprim\u00e9 dans un style moderne, c&rsquo;est le souvenir parfait pour se souvenir de la beaut\u00e9 et de l&rsquo;art de cette r\u00e9gion embl\u00e9matique. Id\u00e9al pour les c\u00e9l\u00e9brations ou comme \u00e9l\u00e9ment d\u00e9coratif.<\/p>\n","protected":false},"featured_media":9067,"template":"","meta":{"_acf_changed":false},"product_brand":[],"product_cat":[814],"product_tag":[585],"class_list":{"0":"post-32832","1":"product","2":"type-product","3":"status-publish","4":"has-post-thumbnail","6":"product_cat-verres-a-shot","7":"product_tag-ceramique","8":"pa_ciudad-barcelona","9":"pa_motivo-fleurs","10":"pa_pais-espana","12":"first","13":"instock","14":"shipping-taxable","15":"product-type-simple"},"acf":[],"_links":{"self":[{"href":"https:\/\/olemosaic.com\/fr\/wp-json\/wp\/v2\/product\/32832","targetHints":{"allow":["GET"]}}],"collection":[{"href":"https:\/\/olemosaic.com\/fr\/wp-json\/wp\/v2\/product"}],"about":[{"href":"https:\/\/olemosaic.com\/fr\/wp-json\/wp\/v2\/types\/product"}],"wp:featuredmedia":[{"embeddable":true,"href":"https:\/\/olemosaic.com\/fr\/wp-json\/wp\/v2\/media\/9067"}],"wp:attachment":[{"href":"https:\/\/olemosaic.com\/fr\/wp-json\/wp\/v2\/media?parent=32832"}],"wp:term":[{"taxonomy":"product_brand","embeddable":true,"href":"https:\/\/olemosaic.com\/fr\/wp-json\/wp\/v2\/product_brand?post=32832"},{"taxonomy":"product_cat","embeddable":true,"href":"https:\/\/olemosaic.com\/fr\/wp-json\/wp\/v2\/product_cat?post=32832"},{"taxonomy":"product_tag","embeddable":true,"href":"https:\/\/olemosaic.com\/fr\/wp-json\/wp\/v2\/product_tag?post=32832"}],"curies":[{"name":"wp","href":"https:\/\/api.w.org\/{rel}","templated":true}]}}