{"id":32831,"date":"2025-02-20T22:34:42","date_gmt":"2025-02-20T22:34:42","guid":{"rendered":"http:\/\/olemosaic.com\/producto\/vaso-de-chupito-de-ceramica-toro-madrid-beige\/"},"modified":"2025-07-25T18:48:25","modified_gmt":"2025-07-25T16:48:25","slug":"verre-a-shot-en-ceramique-taureau-madrid-beige","status":"publish","type":"product","link":"https:\/\/olemosaic.com\/fr\/produit\/verre-a-shot-en-ceramique-taureau-madrid-beige\/","title":{"rendered":"Verre \u00e0 shot en c\u00e9ramique. Taureau. Madrid. Beige."},"content":{"rendered":"<p>Ce verre \u00e0 shot en c\u00e9ramique, d\u00e9cor\u00e9 d&rsquo;un motif de taureau vibrant, est un excellent souvenir de Madrid qui capture l&rsquo;essence de la culture espagnole. Avec une \u00e9l\u00e9gante couleur beige comme base, le verre pr\u00e9sente une mosa\u00efque frappante dans des tons verts, rouges et bleus qui ressortent sur le fond clair, \u00e9voquant la tradition taurine et le riche patrimoine culturel de la ville. La figure du taureau, embl\u00e8me iconique de l&rsquo;Espagne, est repr\u00e9sent\u00e9e de mani\u00e8re color\u00e9e et artistique, faisant de ce verre un objet \u00e0 la fois fonctionnel et d\u00e9coratif.<\/p>\n<p>Imprim\u00e9 avec le mot \u00ab\u00a0Madrid\u00a0\u00bb, ce verre \u00e0 shot devient un article repr\u00e9sentatif parfait pour ceux qui cherchent \u00e0 emporter chez eux un morceau de l&rsquo;identit\u00e9 madril\u00e8ne. Id\u00e9al pour savourer un verre lors de c\u00e9l\u00e9brations ou de r\u00e9unions, son design original attire non seulement l&rsquo;attention des visiteurs, mais leur permet \u00e9galement de d\u00e9couvrir l&rsquo;authenticit\u00e9 du tapeo espagnol.<\/p>\n<p>Chez Ol\u00e9 Mosaic, nous sommes sp\u00e9cialis\u00e9s dans la distribution de souvenirs en gros, proposant des produits qui refl\u00e8tent la diversit\u00e9 culturelle de l&rsquo;Espagne. Ce verre \u00e0 shot en c\u00e9ramique est une opportunit\u00e9 parfaite pour les boutiques de cadeaux touristiques \u00e0 la recherche d&rsquo;articles uniques et authentiques qui mettent en valeur la richesse du patrimoine espagnol. Assurez-vous d&rsquo;inclure ce verre vibrant dans votre offre et s\u00e9duisez vos clients avec un petit morceau de Madrid.<\/p>\n","protected":false},"excerpt":{"rendered":"<p>Verre \u00e0 shot en c\u00e9ramique d\u00e9cor\u00e9 d&rsquo;un motif de taureau vibrant, embl\u00e8me de la culture espagnole, inspir\u00e9 de la tradition taurine madril\u00e8ne. Ce verre de couleur beige pr\u00e9sente une mosa\u00efque color\u00e9e dans des tons verts, rouges et bleus qui se d\u00e9tache sur le fond clair. Avec le mot \u00ab\u00a0Madrid\u00a0\u00bb imprim\u00e9, le verre offre une touche authentique et repr\u00e9sentative, id\u00e9ale pour d\u00e9guster un shot tout en c\u00e9l\u00e9brant le riche h\u00e9ritage culturel de la ville.<\/p>\n","protected":false},"featured_media":7056,"template":"","meta":{"_acf_changed":false},"product_brand":[],"product_cat":[814],"product_tag":[530,585],"class_list":{"0":"post-32831","1":"product","2":"type-product","3":"status-publish","4":"has-post-thumbnail","6":"product_cat-verres-a-shot","7":"product_tag-animaux","8":"product_tag-ceramique","9":"pa_ciudad-madrid","10":"pa_motivo-taureaux","11":"pa_pais-espana","13":"first","14":"instock","15":"shipping-taxable","16":"product-type-simple"},"acf":[],"_links":{"self":[{"href":"https:\/\/olemosaic.com\/fr\/wp-json\/wp\/v2\/product\/32831","targetHints":{"allow":["GET"]}}],"collection":[{"href":"https:\/\/olemosaic.com\/fr\/wp-json\/wp\/v2\/product"}],"about":[{"href":"https:\/\/olemosaic.com\/fr\/wp-json\/wp\/v2\/types\/product"}],"wp:featuredmedia":[{"embeddable":true,"href":"https:\/\/olemosaic.com\/fr\/wp-json\/wp\/v2\/media\/7056"}],"wp:attachment":[{"href":"https:\/\/olemosaic.com\/fr\/wp-json\/wp\/v2\/media?parent=32831"}],"wp:term":[{"taxonomy":"product_brand","embeddable":true,"href":"https:\/\/olemosaic.com\/fr\/wp-json\/wp\/v2\/product_brand?post=32831"},{"taxonomy":"product_cat","embeddable":true,"href":"https:\/\/olemosaic.com\/fr\/wp-json\/wp\/v2\/product_cat?post=32831"},{"taxonomy":"product_tag","embeddable":true,"href":"https:\/\/olemosaic.com\/fr\/wp-json\/wp\/v2\/product_tag?post=32831"}],"curies":[{"name":"wp","href":"https:\/\/api.w.org\/{rel}","templated":true}]}}