{"id":32820,"date":"2025-02-20T22:34:41","date_gmt":"2025-02-20T22:34:41","guid":{"rendered":"http:\/\/olemosaic.com\/producto\/vaso-de-chupito-de-ceramica-salamandra-y-flores-gran-canaria-blanco\/"},"modified":"2025-07-25T18:49:29","modified_gmt":"2025-07-25T16:49:29","slug":"verre-a-shot-en-ceramique-salamandre-et-fleurs-grande-canarie-blanc","status":"publish","type":"product","link":"https:\/\/olemosaic.com\/fr\/produit\/verre-a-shot-en-ceramique-salamandre-et-fleurs-grande-canarie-blanc\/","title":{"rendered":"Verre \u00e0 shot en c\u00e9ramique. Salamandre et fleurs. Grande Canarie. Blanc."},"content":{"rendered":"<p>Ce verre \u00e0 shot en c\u00e9ramique, d\u00e9cor\u00e9 de salamandres et de fleurs, est un v\u00e9ritable hommage \u00e0 la culture vibrante de la Grande Canarie. Avec un design extraverti et color\u00e9, ce verre blanc pr\u00e9sente un int\u00e9rieur rouge brillant qui rehausse les tons vifs des salamandres et des motifs floraux, dessin\u00e9s dans une combinaison int\u00e9ressante de bleus, rouges, jaunes et verts. Chaque d\u00e9tail a \u00e9t\u00e9 soigneusement con\u00e7u pour capturer l&rsquo;essence de l&rsquo;archipel des Canaries, faisant de ce verre une pi\u00e8ce pleine de personnalit\u00e9 et de caract\u00e8re.<\/p>\n<p>Le design artistique des salamandres, traditionnelles dans le symbolisme canarien, se m\u00e9lange harmonieusement avec les fleurs, \u00e9voquant la riche flore de la r\u00e9gion. Ce verre est id\u00e9al pour savourer vos boissons pr\u00e9f\u00e9r\u00e9es, que ce soit lors de c\u00e9l\u00e9brations familiales ou de rencontres entre amis, tout en c\u00e9l\u00e9brant l&rsquo;authenticit\u00e9 et la beaut\u00e9 de la Grande Canarie. Sa fabrication en c\u00e9ramique de haute qualit\u00e9 garantit non seulement la durabilit\u00e9, mais en fait \u00e9galement un objet d\u00e9coratif qui aura fi\u00e8re allure dans n&rsquo;importe quelle maison.<\/p>\n<p>Chez Ol\u00e9 Mosaic, nous sommes sp\u00e9cialistes de la distribution de souvenirs en gros, offrant des produits authentiques qui refl\u00e8tent la richesse culturelle de l&rsquo;Espagne. Ce verre \u00e0 shot en c\u00e9ramique est le choix parfait pour les boutiques de cadeaux touristiques qui souhaitent offrir \u00e0 leurs clients un souvenir significatif et repr\u00e9sentatif de la Grande Canarie, disponible dans le cadre de notre ligne exclusive de souvenirs canariens.<\/p>\n","protected":false},"excerpt":{"rendered":"<p>Verre \u00e0 shot en c\u00e9ramique d\u00e9cor\u00e9 de salamandres et de fleurs, inspir\u00e9 par la culture vibrante de la Grande Canarie. Ce verre blanc, avec un int\u00e9rieur rouge brillant, pr\u00e9sente un design color\u00e9 o\u00f9 se d\u00e9tachent des salamandres et des motifs floraux dans des tons bleus, rouges, jaunes et verts. Fabriqu\u00e9 en c\u00e9ramique de haute qualit\u00e9, ce verre est id\u00e9al pour savourer vos boissons pr\u00e9f\u00e9r\u00e9es tout en c\u00e9l\u00e9brant l&rsquo;essence de l&rsquo;archipel des Canaries.<\/p>\n","protected":false},"featured_media":8249,"template":"","meta":{"_acf_changed":false},"product_brand":[],"product_cat":[814],"product_tag":[530,585],"class_list":{"0":"post-32820","1":"product","2":"type-product","3":"status-publish","4":"has-post-thumbnail","6":"product_cat-verres-a-shot","7":"product_tag-animaux","8":"product_tag-ceramique","9":"pa_ciudad-gran-canaria","10":"pa_motivo-salamandres","11":"pa_pais-espana","13":"first","14":"instock","15":"shipping-taxable","16":"product-type-simple"},"acf":[],"_links":{"self":[{"href":"https:\/\/olemosaic.com\/fr\/wp-json\/wp\/v2\/product\/32820","targetHints":{"allow":["GET"]}}],"collection":[{"href":"https:\/\/olemosaic.com\/fr\/wp-json\/wp\/v2\/product"}],"about":[{"href":"https:\/\/olemosaic.com\/fr\/wp-json\/wp\/v2\/types\/product"}],"wp:featuredmedia":[{"embeddable":true,"href":"https:\/\/olemosaic.com\/fr\/wp-json\/wp\/v2\/media\/8249"}],"wp:attachment":[{"href":"https:\/\/olemosaic.com\/fr\/wp-json\/wp\/v2\/media?parent=32820"}],"wp:term":[{"taxonomy":"product_brand","embeddable":true,"href":"https:\/\/olemosaic.com\/fr\/wp-json\/wp\/v2\/product_brand?post=32820"},{"taxonomy":"product_cat","embeddable":true,"href":"https:\/\/olemosaic.com\/fr\/wp-json\/wp\/v2\/product_cat?post=32820"},{"taxonomy":"product_tag","embeddable":true,"href":"https:\/\/olemosaic.com\/fr\/wp-json\/wp\/v2\/product_tag?post=32820"}],"curies":[{"name":"wp","href":"https:\/\/api.w.org\/{rel}","templated":true}]}}