{"id":32819,"date":"2025-02-20T23:34:41","date_gmt":"2025-02-20T22:34:41","guid":{"rendered":"http:\/\/olemosaic.com\/producto\/vaso-de-chupito-de-ceramica-salamandra-barcelona-beige\/"},"modified":"2025-07-25T18:49:20","modified_gmt":"2025-07-25T16:49:20","slug":"verre-a-shot-en-ceramique-salamandre-barcelone-beige","status":"publish","type":"product","link":"https:\/\/olemosaic.com\/fr\/produit\/verre-a-shot-en-ceramique-salamandre-barcelone-beige\/","title":{"rendered":"Verre \u00e0 shot en c\u00e9ramique. Salamandre. Barcelone. Beige."},"content":{"rendered":"<p>Ce verre \u00e0 shot en c\u00e9ramique, d\u00e9cor\u00e9 de salamandres, est une pi\u00e8ce unique qui capture l&rsquo;essence artistique de Barcelone. Avec une finition d\u00e9licate de couleur beige, ce verre attrayant pr\u00e9sente un design vibrant peint \u00e0 la main qui inclut les iconiques salamandres de Gaud\u00ed, symbole de la cr\u00e9ativit\u00e9 et de l&rsquo;originalit\u00e9 de la ville. Les salamandres, dans des couleurs allant du vert au rouge, sont entour\u00e9es de motifs floraux amusants qui compl\u00e8tent son esth\u00e9tique, tandis que l&rsquo;inscription \u00ab\u00a0Barcelone\u00a0\u00bb sur la partie sup\u00e9rieure du verre souligne son lien direct avec la ville.<\/p>\n<p>L&rsquo;int\u00e9rieur rouge du verre offre un beau contraste qui rehausse la beaut\u00e9 de ce produit artisanal. Chaque verre est m\u00e9ticuleusement \u00e9labor\u00e9, offrant non seulement un objet fonctionnel, mais un souvenir culturel significatif que les touristes pourront emporter chez eux. Ce verre \u00e0 shot est id\u00e9al pour les amateurs d&rsquo;architecture et d&rsquo;art catalan, mais il t\u00e9moigne \u00e9galement de la riche tradition artisanale de la r\u00e9gion.<\/p>\n<p>Chez Ol\u00e9 Mosaic, nous distribuons des souvenirs authentiques en gros, et ce verre est une excellente option pour les boutiques de cadeaux touristiques qui cherchent \u00e0 offrir \u00e0 leurs clients un morceau de la culture vibrante de Barcelone. Avec sa pertinence culturelle et son design attrayant, ce verre devient un cadeau parfait et un souvenir unique de cette belle ville.<\/p>\n","protected":false},"excerpt":{"rendered":"<p>Verre \u00e0 shot en c\u00e9ramique d\u00e9cor\u00e9 de salamandres, parfait pour se souvenir de Barcelone. Ce verre attrayant, de couleur beige, pr\u00e9sente un design artisanal, peint \u00e0 la main, avec des \u00e9l\u00e9ments color\u00e9s et des motifs floraux, incluant la c\u00e9l\u00e8bre salamandre de Gaud\u00ed, symbole de la cr\u00e9ativit\u00e9 de la ville. Son int\u00e9rieur est rouge, apportant un contraste vibrant qui rehausse sa beaut\u00e9 artisanale et son charme culturel. Un souvenir id\u00e9al pour les amateurs d&rsquo;architecture et d&rsquo;art catalan.<\/p>\n","protected":false},"featured_media":7024,"template":"","meta":{"_acf_changed":false},"product_brand":[],"product_cat":[814],"product_tag":[530,585],"class_list":{"0":"post-32819","1":"product","2":"type-product","3":"status-publish","4":"has-post-thumbnail","6":"product_cat-verres-a-shot","7":"product_tag-animaux","8":"product_tag-ceramique","9":"pa_ciudad-barcelona","10":"pa_motivo-salamandres","11":"pa_pais-espana","13":"first","14":"instock","15":"shipping-taxable","16":"product-type-simple"},"acf":[],"_links":{"self":[{"href":"https:\/\/olemosaic.com\/fr\/wp-json\/wp\/v2\/product\/32819","targetHints":{"allow":["GET"]}}],"collection":[{"href":"https:\/\/olemosaic.com\/fr\/wp-json\/wp\/v2\/product"}],"about":[{"href":"https:\/\/olemosaic.com\/fr\/wp-json\/wp\/v2\/types\/product"}],"wp:featuredmedia":[{"embeddable":true,"href":"https:\/\/olemosaic.com\/fr\/wp-json\/wp\/v2\/media\/7024"}],"wp:attachment":[{"href":"https:\/\/olemosaic.com\/fr\/wp-json\/wp\/v2\/media?parent=32819"}],"wp:term":[{"taxonomy":"product_brand","embeddable":true,"href":"https:\/\/olemosaic.com\/fr\/wp-json\/wp\/v2\/product_brand?post=32819"},{"taxonomy":"product_cat","embeddable":true,"href":"https:\/\/olemosaic.com\/fr\/wp-json\/wp\/v2\/product_cat?post=32819"},{"taxonomy":"product_tag","embeddable":true,"href":"https:\/\/olemosaic.com\/fr\/wp-json\/wp\/v2\/product_tag?post=32819"}],"curies":[{"name":"wp","href":"https:\/\/api.w.org\/{rel}","templated":true}]}}