{"id":32818,"date":"2025-02-20T22:34:41","date_gmt":"2025-02-20T22:34:41","guid":{"rendered":"http:\/\/olemosaic.com\/producto\/vaso-de-chupito-de-ceramica-bailaora-sevilla-beige\/"},"modified":"2025-07-25T18:44:49","modified_gmt":"2025-07-25T16:44:49","slug":"verre-a-shot-en-ceramique-danseuse-flamenco-seville-beige","status":"publish","type":"product","link":"https:\/\/olemosaic.com\/fr\/produit\/verre-a-shot-en-ceramique-danseuse-flamenco-seville-beige\/","title":{"rendered":"Verre \u00e0 shot en c\u00e9ramique. Danseuse de flamenco. S\u00e9ville. Beige."},"content":{"rendered":"<p>Ce verre \u00e0 shot en c\u00e9ramique, d\u00e9cor\u00e9 de la figure d&rsquo;une danseuse de flamenco (bailaora), est un authentique souvenir de S\u00e9ville, id\u00e9al pour ceux qui souhaitent emporter un morceau de la riche culture flamenca. Avec un design attrayant dans des tons beiges, le verre pr\u00e9sente une illustration color\u00e9e d&rsquo;une danseuse en pleine performance, capturant l&rsquo;\u00e9nergie vibrante de la danse andalouse. Sa tenue, pleine de d\u00e9tails en plusieurs couleurs, repr\u00e9sente la passion et le mouvement du flamenco, tandis que le texte \u00ab\u00a0S\u00c9VILLE\u00a0\u00bb se d\u00e9tache de mani\u00e8re joyeuse, apportant une touche distinctive au produit.<\/p>\n<p>Fabriqu\u00e9 en c\u00e9ramique de haute qualit\u00e9, ce verre n&rsquo;est pas seulement fonctionnel, il agit \u00e9galement comme une pi\u00e8ce d\u00e9corative, parfaite pour se souvenir des moments festifs et des c\u00e9l\u00e9brations. Son design pittoresque et son lien avec le folklore espagnol en font un article pr\u00e9cieux pour les touristes \u00e0 la recherche de souvenirs authentiques de S\u00e9ville. Chaque verre refl\u00e8te la richesse culturelle de la r\u00e9gion et sa tradition artistique, constituant un excellent cadeau ou souvenir qui c\u00e9l\u00e8bre l&rsquo;essence de la ville.<\/p>\n<p>Chez Ol\u00e9 Mosaic, en tant que grossistes de souvenirs en c\u00e9ramique, nous proposons des produits qui allient artisanat et esth\u00e9tique, garantissant \u00e0 nos clients des articles authentiques qui capturent l&rsquo;essence de la culture espagnole. Ce verre \u00e0 shot en c\u00e9ramique est un ajout parfait pour les boutiques de cadeaux touristiques qui souhaitent proposer des pi\u00e8ces uniques et repr\u00e9sentatives.<\/p>\n","protected":false},"excerpt":{"rendered":"<p>Verre \u00e0 shot en c\u00e9ramique d\u00e9cor\u00e9 de l&rsquo;image d&rsquo;une danseuse de flamenco, repr\u00e9sentant la culture flamenca de S\u00e9ville. Ce verre attrayant, dans les tons beiges, pr\u00e9sente un design vibrant avec des d\u00e9tails color\u00e9s qui capturent l&rsquo;essence de la danse andalouse. Sur l&rsquo;un de ses c\u00f4t\u00e9s, le mot \u00ab\u00a0S\u00c9VILLE\u00a0\u00bb se d\u00e9tache, ajoutant une touche distinctive. Id\u00e9al pour se souvenir des moments festifs, ce verre est \u00e0 la fois fonctionnel et une pi\u00e8ce d\u00e9corative qui c\u00e9l\u00e8bre le folklore espagnol.<\/p>\n","protected":false},"featured_media":7054,"template":"","meta":{"_acf_changed":false},"product_brand":[],"product_cat":[814],"product_tag":[585],"class_list":{"0":"post-32818","1":"product","2":"type-product","3":"status-publish","4":"has-post-thumbnail","6":"product_cat-verres-a-shot","7":"product_tag-ceramique","8":"pa_ciudad-sevilla","9":"pa_motivo-danseurs","10":"pa_pais-espana","12":"first","13":"instock","14":"shipping-taxable","15":"product-type-simple"},"acf":[],"_links":{"self":[{"href":"https:\/\/olemosaic.com\/fr\/wp-json\/wp\/v2\/product\/32818","targetHints":{"allow":["GET"]}}],"collection":[{"href":"https:\/\/olemosaic.com\/fr\/wp-json\/wp\/v2\/product"}],"about":[{"href":"https:\/\/olemosaic.com\/fr\/wp-json\/wp\/v2\/types\/product"}],"wp:featuredmedia":[{"embeddable":true,"href":"https:\/\/olemosaic.com\/fr\/wp-json\/wp\/v2\/media\/7054"}],"wp:attachment":[{"href":"https:\/\/olemosaic.com\/fr\/wp-json\/wp\/v2\/media?parent=32818"}],"wp:term":[{"taxonomy":"product_brand","embeddable":true,"href":"https:\/\/olemosaic.com\/fr\/wp-json\/wp\/v2\/product_brand?post=32818"},{"taxonomy":"product_cat","embeddable":true,"href":"https:\/\/olemosaic.com\/fr\/wp-json\/wp\/v2\/product_cat?post=32818"},{"taxonomy":"product_tag","embeddable":true,"href":"https:\/\/olemosaic.com\/fr\/wp-json\/wp\/v2\/product_tag?post=32818"}],"curies":[{"name":"wp","href":"https:\/\/api.w.org\/{rel}","templated":true}]}}