{"id":32817,"date":"2025-02-20T23:34:41","date_gmt":"2025-02-20T22:34:41","guid":{"rendered":"http:\/\/olemosaic.com\/producto\/vaso-de-chupito-de-ceramica-la-alhambra-granada-beige\/"},"modified":"2025-07-25T18:33:44","modified_gmt":"2025-07-25T16:33:44","slug":"verre-a-shot-en-ceramique-l-alhambra-grenade-beige","status":"publish","type":"product","link":"https:\/\/olemosaic.com\/fr\/produit\/verre-a-shot-en-ceramique-l-alhambra-grenade-beige\/","title":{"rendered":"Verre \u00e0 shot en c\u00e9ramique. L&rsquo;Alhambra. Grenade. Beige."},"content":{"rendered":"<p>Ce verre \u00e0 shot en c\u00e9ramique, d\u00e9cor\u00e9 d&rsquo;illustrations de l&rsquo;Alhambra et de la ville de Grenade, est le souvenir parfait pour ceux qui souhaitent emporter un morceau de la riche culture andalouse. Avec un design attrayant dans des tons beiges, ce verre souligne la majest\u00e9 du palais embl\u00e9matique, qui se distingue par son architecture impressionnante et ses jardins luxuriants. Peint \u00e0 la main, chaque d\u00e9tail de l&rsquo;Alhambra prend vie, permettant \u00e0 ses propri\u00e9taires de profiter d&rsquo;une repr\u00e9sentation artistique unique qui c\u00e9l\u00e8bre l&rsquo;histoire et la beaut\u00e9 de ce patrimoine mondial.<\/p>\n<p>Le verre pr\u00e9sente les mots \u00ab\u00a0L&rsquo;Alhambra\u00a0\u00bb et \u00ab\u00a0Grenade\u00a0\u00bb dans des couleurs vibrantes, soulignant encore davantage son lien avec la r\u00e9gion. Le bord noir ajoute une touche d&rsquo;\u00e9l\u00e9gance, tandis que la mosa\u00efque \u00e0 la base \u00e9voque les techniques artistiques traditionnelles de la zone, refl\u00e9tant ainsi le riche h\u00e9ritage culturel de Grenade. Ce verre \u00e0 shot ne remplit pas seulement sa fonction pratique, il agit \u00e9galement comme un charmant rappel de la visite de ce lieu embl\u00e9matique.<\/p>\n<p>Chez Ol\u00e9 Mosaic, nous nous sp\u00e9cialisons dans la distribution de souvenirs en gros, et ce verre \u00e0 shot en c\u00e9ramique repr\u00e9sente une excellente option pour les boutiques de cadeaux touristiques qui cherchent \u00e0 offrir des produits authentiques et de qualit\u00e9. Id\u00e9al pour les touristes et les voyageurs \u00e0 la recherche d&rsquo;un authentique souvenir de Grenade, ce verre se distinguera dans toute collection de souvenirs.<\/p>\n","protected":false},"excerpt":{"rendered":"<p>Verre \u00e0 shot en c\u00e9ramique d\u00e9cor\u00e9 d&rsquo;illustrations de l&rsquo;Alhambra et de la ville de Grenade. Ce verre attrayant dans les tons beiges pr\u00e9sente un design artisanal, peint \u00e0 la main, qui souligne la majest\u00e9 du c\u00e9l\u00e8bre palais, avec des d\u00e9tails de son architecture et de la v\u00e9g\u00e9tation environnante. Sur les c\u00f4t\u00e9s, on peut lire \u00ab\u00a0L&rsquo;Alhambra\u00a0\u00bb et \u00ab\u00a0Grenade\u00a0\u00bb dans des couleurs vibrantes, compl\u00e9t\u00e9 par un bord noir et une mosa\u00efque \u00e0 la base, \u00e9voquant la riche culture andalouse. Id\u00e9al pour se souvenir de votre visite dans ce lieu embl\u00e9matique.<\/p>\n","protected":false},"featured_media":7516,"template":"","meta":{"_acf_changed":false},"product_brand":[],"product_cat":[814],"product_tag":[585],"class_list":{"0":"post-32817","1":"product","2":"type-product","3":"status-publish","4":"has-post-thumbnail","6":"product_cat-verres-a-shot","7":"product_tag-ceramique","8":"pa_ciudad-granada","9":"pa_motivo-lalhambra","10":"pa_pais-espana","12":"first","13":"instock","14":"shipping-taxable","15":"product-type-simple"},"acf":[],"_links":{"self":[{"href":"https:\/\/olemosaic.com\/fr\/wp-json\/wp\/v2\/product\/32817","targetHints":{"allow":["GET"]}}],"collection":[{"href":"https:\/\/olemosaic.com\/fr\/wp-json\/wp\/v2\/product"}],"about":[{"href":"https:\/\/olemosaic.com\/fr\/wp-json\/wp\/v2\/types\/product"}],"wp:featuredmedia":[{"embeddable":true,"href":"https:\/\/olemosaic.com\/fr\/wp-json\/wp\/v2\/media\/7516"}],"wp:attachment":[{"href":"https:\/\/olemosaic.com\/fr\/wp-json\/wp\/v2\/media?parent=32817"}],"wp:term":[{"taxonomy":"product_brand","embeddable":true,"href":"https:\/\/olemosaic.com\/fr\/wp-json\/wp\/v2\/product_brand?post=32817"},{"taxonomy":"product_cat","embeddable":true,"href":"https:\/\/olemosaic.com\/fr\/wp-json\/wp\/v2\/product_cat?post=32817"},{"taxonomy":"product_tag","embeddable":true,"href":"https:\/\/olemosaic.com\/fr\/wp-json\/wp\/v2\/product_tag?post=32817"}],"curies":[{"name":"wp","href":"https:\/\/api.w.org\/{rel}","templated":true}]}}