{"id":32816,"date":"2025-02-20T23:34:41","date_gmt":"2025-02-20T22:34:41","guid":{"rendered":"http:\/\/olemosaic.com\/producto\/vaso-de-chupito-de-ceramica-salamandra-y-flores-blanco\/"},"modified":"2025-07-25T18:51:29","modified_gmt":"2025-07-25T16:51:29","slug":"verre-a-shot-en-ceramique-salamandre-et-fleurs-blanc","status":"publish","type":"product","link":"https:\/\/olemosaic.com\/fr\/produit\/verre-a-shot-en-ceramique-salamandre-et-fleurs-blanc\/","title":{"rendered":"Verre \u00e0 shot en c\u00e9ramique. Salamandre et fleurs. Blanc."},"content":{"rendered":"<p>Ce verre \u00e0 shot en c\u00e9ramique, d\u00e9cor\u00e9 de salamandres color\u00e9es, est un v\u00e9ritable symbole du folklore espagnol, id\u00e9al pour ceux qui recherchent des souvenirs uniques et repr\u00e9sentatifs de la culture m\u00e9diterran\u00e9enne. Avec un fond blanc lumineux qui contraste parfaitement avec l&rsquo;int\u00e9rieur rouge vibrant, ce verre se distingue par son design exquis peint \u00e0 la main, o\u00f9 chaque d\u00e9tail raconte une histoire. Les salamandres, dans des tons verts et rouges, apparaissent avec une touche artistique et festive, entour\u00e9es de fleurs bleues et jaunes, cr\u00e9ant un effet visuel joyeux et dynamique qui \u00e9voque la riche biodiversit\u00e9 de la r\u00e9gion.<\/p>\n<p>Chaque verre est une pi\u00e8ce unique, \u00e9labor\u00e9e avec une c\u00e9ramique qui met en valeur la tradition artisanale espagnole, cette touche sp\u00e9ciale que tout touriste recherche comme souvenir. Ce verre n&rsquo;est pas seulement un excellent choix pour savourer vos boissons pr\u00e9f\u00e9r\u00e9es, mais aussi une repr\u00e9sentation authentique de la vie sauvage et de l&rsquo;art de la mosa\u00efque qui caract\u00e9rise les \u0153uvres locales.<\/p>\n<p>Chez Ol\u00e9 Mosaic, nous sommes des distributeurs en gros de produits artisanaux, et ce verre \u00e0 shot en c\u00e9ramique est une excellente option pour les boutiques de cadeaux touristiques souhaitant proposer des souvenirs de qualit\u00e9 qui connectent les visiteurs \u00e0 l&rsquo;essence de l&rsquo;Espagne. Il apporte un style vibrant et authentique \u00e0 toute collection de souvenirs, devenant un rappel significatif et d\u00e9coratif de son passage en M\u00e9diterran\u00e9e.<\/p>\n","protected":false},"excerpt":{"rendered":"<p>Verre \u00e0 shot en c\u00e9ramique d\u00e9cor\u00e9 de salamandres color\u00e9es et de fleurs. Ce verre original, au fond blanc et \u00e0 l&rsquo;int\u00e9rieur rouge vibrant, est orn\u00e9 de d\u00e9tails en mosa\u00efque repr\u00e9sentant des salamandres dans des tons verts et rouges, ainsi que des fleurs bleues et jaunes. Chaque verre est une pi\u00e8ce unique, au design artisanal, peint \u00e0 la main, \u00e9voquant le folklore espagnol et la vie sauvage m\u00e9diterran\u00e9enne. Id\u00e9al pour savourer vos boissons pr\u00e9f\u00e9r\u00e9es avec une touche artistique.<\/p>\n","protected":false},"featured_media":8344,"template":"","meta":{"_acf_changed":false},"product_brand":[],"product_cat":[814],"product_tag":[530,585],"class_list":{"0":"post-32816","1":"product","2":"type-product","3":"status-publish","4":"has-post-thumbnail","6":"product_cat-verres-a-shot","7":"product_tag-animaux","8":"product_tag-ceramique","9":"pa_motivo-salamandres","11":"first","12":"instock","13":"shipping-taxable","14":"product-type-simple"},"acf":[],"_links":{"self":[{"href":"https:\/\/olemosaic.com\/fr\/wp-json\/wp\/v2\/product\/32816","targetHints":{"allow":["GET"]}}],"collection":[{"href":"https:\/\/olemosaic.com\/fr\/wp-json\/wp\/v2\/product"}],"about":[{"href":"https:\/\/olemosaic.com\/fr\/wp-json\/wp\/v2\/types\/product"}],"wp:featuredmedia":[{"embeddable":true,"href":"https:\/\/olemosaic.com\/fr\/wp-json\/wp\/v2\/media\/8344"}],"wp:attachment":[{"href":"https:\/\/olemosaic.com\/fr\/wp-json\/wp\/v2\/media?parent=32816"}],"wp:term":[{"taxonomy":"product_brand","embeddable":true,"href":"https:\/\/olemosaic.com\/fr\/wp-json\/wp\/v2\/product_brand?post=32816"},{"taxonomy":"product_cat","embeddable":true,"href":"https:\/\/olemosaic.com\/fr\/wp-json\/wp\/v2\/product_cat?post=32816"},{"taxonomy":"product_tag","embeddable":true,"href":"https:\/\/olemosaic.com\/fr\/wp-json\/wp\/v2\/product_tag?post=32816"}],"curies":[{"name":"wp","href":"https:\/\/api.w.org\/{rel}","templated":true}]}}