{"id":32800,"date":"2025-02-20T22:34:41","date_gmt":"2025-02-20T22:34:41","guid":{"rendered":"http:\/\/olemosaic.com\/producto\/vaso-de-chupito-de-ceramica-punt-de-trobada-barcelona-blanco\/"},"modified":"2025-07-25T18:48:31","modified_gmt":"2025-07-25T16:48:31","slug":"verre-a-shot-en-ceramique-punt-de-trobada-barcelone-blanc","status":"publish","type":"product","link":"https:\/\/olemosaic.com\/fr\/produit\/verre-a-shot-en-ceramique-punt-de-trobada-barcelone-blanc\/","title":{"rendered":"Verre \u00e0 shot en c\u00e9ramique. Punt de trobada. Barcelone. Blanc."},"content":{"rendered":"<p>Ce petit verre \u00e0 shot en c\u00e9ramique, d\u00e9cor\u00e9 dans le style \u00ab\u00a0Punt de Trobada\u00a0\u00bb de Barcelone, est un v\u00e9ritable hommage \u00e0 la vibrante culture catalane. Sur une base blanche servant de toile, il pr\u00e9sente un design captivant de mosa\u00efque int\u00e9grant une palette de couleurs vives, telles que le rouge, le bleu et le jaune, \u00e9voquant l&rsquo;essence de la c\u00e9l\u00e8bre architecture moderniste de la ville. Les motifs g\u00e9om\u00e9triques et fluides qui ornent le verre ne compl\u00e8tent pas seulement sa forme, mais racontent \u00e9galement la riche histoire artistique de Barcelone, refl\u00e9tant l&rsquo;innovation et l&rsquo;ing\u00e9niosit\u00e9 de ses architectes et artistes.<\/p>\n<p>La partie sup\u00e9rieure, d&rsquo;une couleur rouge attrayante, rehausse le design, cr\u00e9ant un contraste frappant qui attire l&rsquo;attention et fait de ce petit verre une excellente option, tant pour savourer un shot que pour l&rsquo;utiliser comme pi\u00e8ce d\u00e9corative. Le lien culturel du verre r\u00e9side dans sa repr\u00e9sentation du \u00ab\u00a0Punt de Trobada\u00a0\u00bb, un \u00e9l\u00e9ment iconique symbolisant l&rsquo;union et la rencontre, aspects fondamentaux de la vie sociale de la ville.<\/p>\n<p>Ce petit verre \u00e0 shot n&rsquo;est pas seulement un souvenir ; c&rsquo;est une pi\u00e8ce repr\u00e9sentative de l&rsquo;authenticit\u00e9 et de l&rsquo;h\u00e9ritage culturel de Barcelone. Id\u00e9al pour les touristes \u00e0 la recherche de souvenirs uniques, chez Ol\u00e9 Mosaic nous offrons ce v\u00e9ritable art sous forme de verre, parfait pour les boutiques de cadeaux touristiques souhaitant proposer des produits porteurs de sens. Avec chaque petit verre, les souvenirs de Barcelone resteront grav\u00e9s de mani\u00e8re m\u00e9morable, soulignant sa pertinence culturelle et son attrait visuel.<\/p>\n","protected":false},"excerpt":{"rendered":"<p>Verre \u00e0 shot en c\u00e9ramique d\u00e9cor\u00e9 du style iconique du &lsquo;Punt de Trobada&rsquo; de Barcelone. Le verre pr\u00e9sente une base blanche avec un design de mosa\u00efque incluant des couleurs vibrantes comme le rouge, le bleu et le jaune, repr\u00e9sentant des \u00e9l\u00e9ments de l&rsquo;architecture moderniste de la ville. La partie sup\u00e9rieure, d&rsquo;un rouge attrayant, rehausse son design artistique. Id\u00e9al pour savourer un shot ou comme pi\u00e8ce d\u00e9corative \u00e9voquant la culture catalane.<\/p>\n","protected":false},"featured_media":9139,"template":"","meta":{"_acf_changed":false},"product_brand":[],"product_cat":[814],"product_tag":[585],"class_list":{"0":"post-32800","1":"product","2":"type-product","3":"status-publish","4":"has-post-thumbnail","6":"product_cat-verres-a-shot","7":"product_tag-ceramique","8":"pa_ciudad-barcelona","9":"pa_motivo-punt-de-trobada","10":"pa_pais-espana","12":"first","13":"instock","14":"shipping-taxable","15":"product-type-simple"},"acf":[],"_links":{"self":[{"href":"https:\/\/olemosaic.com\/fr\/wp-json\/wp\/v2\/product\/32800","targetHints":{"allow":["GET"]}}],"collection":[{"href":"https:\/\/olemosaic.com\/fr\/wp-json\/wp\/v2\/product"}],"about":[{"href":"https:\/\/olemosaic.com\/fr\/wp-json\/wp\/v2\/types\/product"}],"wp:featuredmedia":[{"embeddable":true,"href":"https:\/\/olemosaic.com\/fr\/wp-json\/wp\/v2\/media\/9139"}],"wp:attachment":[{"href":"https:\/\/olemosaic.com\/fr\/wp-json\/wp\/v2\/media?parent=32800"}],"wp:term":[{"taxonomy":"product_brand","embeddable":true,"href":"https:\/\/olemosaic.com\/fr\/wp-json\/wp\/v2\/product_brand?post=32800"},{"taxonomy":"product_cat","embeddable":true,"href":"https:\/\/olemosaic.com\/fr\/wp-json\/wp\/v2\/product_cat?post=32800"},{"taxonomy":"product_tag","embeddable":true,"href":"https:\/\/olemosaic.com\/fr\/wp-json\/wp\/v2\/product_tag?post=32800"}],"curies":[{"name":"wp","href":"https:\/\/api.w.org\/{rel}","templated":true}]}}