{"id":32798,"date":"2025-02-20T23:34:40","date_gmt":"2025-02-20T22:34:40","guid":{"rendered":"http:\/\/olemosaic.com\/producto\/vaso-de-chupito-de-ceramica-panoramica-sevilla-beige\/"},"modified":"2025-07-25T18:39:12","modified_gmt":"2025-07-25T16:39:12","slug":"verre-a-shot-en-ceramique-panoramique-seville-beige","status":"publish","type":"product","link":"https:\/\/olemosaic.com\/fr\/produit\/verre-a-shot-en-ceramique-panoramique-seville-beige\/","title":{"rendered":"Verre \u00e0 shot en c\u00e9ramique. Panoramique. S\u00e9ville. Beige."},"content":{"rendered":"<p>Ce petit verre en c\u00e9ramique avec une charmante vue panoramique de S\u00e9ville est le souvenir parfait pour se rem\u00e9morer vos moments dans la capitale andalouse. D&rsquo;un ton beige doux, le verre pr\u00e9sente des illustrations minutieusement peintes \u00e0 la main d&rsquo;\u00e9difices embl\u00e9matiques de S\u00e9ville, tels que la majestueuse Torre del Oro et l&rsquo;impressionnante cath\u00e9drale de S\u00e9ville, o\u00f9 chaque d\u00e9tail vibrant souligne la richesse architecturale de la ville. D\u00e9cor\u00e9 du nom \u00ab\u00a0S\u00c9VILLE\u00a0\u00bb en lettres saillantes, ce verre int\u00e8gre des \u00e9l\u00e9ments floraux qui ajoutent une touche \u00e9l\u00e9gante et distinctive.<\/p>\n<p>La c\u00e9ramique de haute qualit\u00e9 garantit la durabilit\u00e9, et son design fonctionnel en fait un article id\u00e9al tant pour l&rsquo;usage quotidien que pour les collectionneurs de souvenirs. Ce petit verre n&rsquo;est pas seulement une \u0153uvre d&rsquo;art utilisable, mais un rappel tangible de la beaut\u00e9 et du charme de S\u00e9ville, \u00e9voquant l&rsquo;essence culturelle de la r\u00e9gion \u00e0 chaque gorg\u00e9e. Chez Ol\u00e9 Mosaic, nous nous sp\u00e9cialisons dans la distribution de souvenirs authentiques, et ce petit verre en c\u00e9ramique est une option exceptionnelle pour les boutiques de cadeaux touristiques recherchant des produits repr\u00e9sentatifs de S\u00e9ville. Avec son authenticit\u00e9 et son attrait, ce verre est un excellent ajout \u00e0 toute collection de souvenirs d&rsquo;Andalousie et un excellent choix pour ceux qui recherchent des souvenirs significatifs.<\/p>\n","protected":false},"excerpt":{"rendered":"<p>Verre \u00e0 shot en c\u00e9ramique avec une charmante vue panoramique de S\u00e9ville. Ce petit verre, de ton beige, pr\u00e9sente des illustrations d&rsquo;\u00e9difices embl\u00e9matiques de S\u00e9ville, comme la Torre del Oro et la Cath\u00e9drale, avec des d\u00e9tails peints \u00e0 la main dans des couleurs vibrantes. La d\u00e9coration inclut le nom \u00ab\u00a0S\u00c9VILLE\u00a0\u00bb avec des \u00e9l\u00e9ments floraux qui lui donnent une touche \u00e9l\u00e9gante. Id\u00e9al pour se souvenir de l&rsquo;essence andalouse \u00e0 chaque toast.<\/p>\n","protected":false},"featured_media":7507,"template":"","meta":{"_acf_changed":false},"product_brand":[],"product_cat":[814],"product_tag":[585],"class_list":{"0":"post-32798","1":"product","2":"type-product","3":"status-publish","4":"has-post-thumbnail","6":"product_cat-verres-a-shot","7":"product_tag-ceramique","8":"pa_ciudad-sevilla","9":"pa_motivo-panoramas","10":"pa_pais-espana","12":"first","13":"instock","14":"shipping-taxable","15":"product-type-simple"},"acf":[],"_links":{"self":[{"href":"https:\/\/olemosaic.com\/fr\/wp-json\/wp\/v2\/product\/32798","targetHints":{"allow":["GET"]}}],"collection":[{"href":"https:\/\/olemosaic.com\/fr\/wp-json\/wp\/v2\/product"}],"about":[{"href":"https:\/\/olemosaic.com\/fr\/wp-json\/wp\/v2\/types\/product"}],"wp:featuredmedia":[{"embeddable":true,"href":"https:\/\/olemosaic.com\/fr\/wp-json\/wp\/v2\/media\/7507"}],"wp:attachment":[{"href":"https:\/\/olemosaic.com\/fr\/wp-json\/wp\/v2\/media?parent=32798"}],"wp:term":[{"taxonomy":"product_brand","embeddable":true,"href":"https:\/\/olemosaic.com\/fr\/wp-json\/wp\/v2\/product_brand?post=32798"},{"taxonomy":"product_cat","embeddable":true,"href":"https:\/\/olemosaic.com\/fr\/wp-json\/wp\/v2\/product_cat?post=32798"},{"taxonomy":"product_tag","embeddable":true,"href":"https:\/\/olemosaic.com\/fr\/wp-json\/wp\/v2\/product_tag?post=32798"}],"curies":[{"name":"wp","href":"https:\/\/api.w.org\/{rel}","templated":true}]}}