{"id":32797,"date":"2025-02-20T22:34:40","date_gmt":"2025-02-20T22:34:40","guid":{"rendered":"http:\/\/olemosaic.com\/producto\/vaso-de-chupito-de-ceramica-toros-blanco\/"},"modified":"2025-07-25T18:34:54","modified_gmt":"2025-07-25T16:34:54","slug":"verre-a-shot-en-ceramique-taureaux-blanc","status":"publish","type":"product","link":"https:\/\/olemosaic.com\/fr\/produit\/verre-a-shot-en-ceramique-taureaux-blanc\/","title":{"rendered":"Verre \u00e0 shot en c\u00e9ramique. Taureaux. Blanc."},"content":{"rendered":"<p>Ce verre \u00e0 shot en c\u00e9ramique aux motifs de taureaux frappants est un v\u00e9ritable bijou qui encapsule l&rsquo;essence culturelle de l&rsquo;Espagne. Son design vibrant pr\u00e9sente une mosa\u00efque color\u00e9e avec des taureaux, symbole iconique de la tradition espagnole, rehauss\u00e9 par un soleil radieux et des fleurs sur un fond blanc qui accentue l&rsquo;intensit\u00e9 des couleurs. Chaque verre est un chef-d&rsquo;\u0153uvre, \u00e9labor\u00e9 avec une grande attention aux d\u00e9tails, o\u00f9 les taureaux se distinguent par des nuances de rouge, bleu et vert, apportant un air festif et dynamique \u00e0 la pi\u00e8ce. L&rsquo;int\u00e9rieur du verre surprend par une couleur rouge intense, cr\u00e9ant un contraste attrayant avec l&rsquo;ext\u00e9rieur, id\u00e9al pour savourer un verre en bonne compagnie.<\/p>\n<p>Ce verre \u00e0 shot est le souvenir parfait pour ceux qui souhaitent emporter un petit morceau de la culture taurine espagnole, un souvenir tangible des coutumes et c\u00e9l\u00e9brations qui tournent autour de cet animal embl\u00e9matique. Chez Ol\u00e9 Mosaic, nous nous sp\u00e9cialisons dans la distribution de souvenirs en gros, offrant des produits authentiques qui mettent en valeur le riche h\u00e9ritage culturel de l&rsquo;Espagne. Ce verre est une option id\u00e9ale pour les boutiques de cadeaux touristiques, offrant \u00e0 leurs clients un accessoire unique et repr\u00e9sentatif qui c\u00e9l\u00e8bre la tradition espagnole \u00e0 chaque toast.<\/p>\n","protected":false},"excerpt":{"rendered":"<p>Verre \u00e0 shot en c\u00e9ramique avec des motifs de taureaux frappants, id\u00e9al pour se souvenir de l&rsquo;essence culturelle de l&rsquo;Espagne. Ce verre pr\u00e9sente un design color\u00e9 avec des animaux repr\u00e9sent\u00e9s en mosa\u00efque, orn\u00e9 d&rsquo;\u00e9l\u00e9ments tels qu&rsquo;un soleil radieux et des fleurs, le tout sur un fond blanc qui fait ressortir les couleurs vibrantes. L&rsquo;int\u00e9rieur du verre est d&rsquo;un rouge intense, cr\u00e9ant un contraste attrayant. Un souvenir parfait pour les amateurs de tradition taurine.<\/p>\n","protected":false},"featured_media":8525,"template":"","meta":{"_acf_changed":false},"product_brand":[],"product_cat":[814],"product_tag":[530,585],"class_list":{"0":"post-32797","1":"product","2":"type-product","3":"status-publish","4":"has-post-thumbnail","6":"product_cat-verres-a-shot","7":"product_tag-animaux","8":"product_tag-ceramique","9":"pa_motivo-taureaux","11":"first","12":"instock","13":"shipping-taxable","14":"product-type-simple"},"acf":[],"_links":{"self":[{"href":"https:\/\/olemosaic.com\/fr\/wp-json\/wp\/v2\/product\/32797","targetHints":{"allow":["GET"]}}],"collection":[{"href":"https:\/\/olemosaic.com\/fr\/wp-json\/wp\/v2\/product"}],"about":[{"href":"https:\/\/olemosaic.com\/fr\/wp-json\/wp\/v2\/types\/product"}],"wp:featuredmedia":[{"embeddable":true,"href":"https:\/\/olemosaic.com\/fr\/wp-json\/wp\/v2\/media\/8525"}],"wp:attachment":[{"href":"https:\/\/olemosaic.com\/fr\/wp-json\/wp\/v2\/media?parent=32797"}],"wp:term":[{"taxonomy":"product_brand","embeddable":true,"href":"https:\/\/olemosaic.com\/fr\/wp-json\/wp\/v2\/product_brand?post=32797"},{"taxonomy":"product_cat","embeddable":true,"href":"https:\/\/olemosaic.com\/fr\/wp-json\/wp\/v2\/product_cat?post=32797"},{"taxonomy":"product_tag","embeddable":true,"href":"https:\/\/olemosaic.com\/fr\/wp-json\/wp\/v2\/product_tag?post=32797"}],"curies":[{"name":"wp","href":"https:\/\/api.w.org\/{rel}","templated":true}]}}